{"id":174,"date":"2019-09-11T13:28:31","date_gmt":"2019-09-11T11:28:31","guid":{"rendered":"http:\/\/wordpress1976502.home.pl\/autoinstalator\/wordpressplus\/?page_id=174"},"modified":"2019-12-18T09:56:08","modified_gmt":"2019-12-18T08:56:08","slug":"projekt-24h","status":"publish","type":"page","link":"https:\/\/entelpro.pl\/index.php\/projekt-24h\/","title":{"rendered":"Projekt 24h"},"content":{"rendered":"\t\t<div data-elementor-type=\"wp-page\" data-elementor-id=\"174\" class=\"elementor elementor-174\" data-elementor-settings=\"[]\">\n\t\t\t\t\t\t<div class=\"elementor-inner\">\n\t\t\t\t\t\t\t<div class=\"elementor-section-wrap\">\n\t\t\t\t\t\t\t<section class=\"elementor-section elementor-top-section elementor-element elementor-element-e662cbb elementor-section-boxed elementor-section-height-default elementor-section-height-default\" data-id=\"e662cbb\" data-element_type=\"section\">\n\t\t\t\t\t\t<div class=\"elementor-container elementor-column-gap-default\">\n\t\t\t\t\t\t\t<div class=\"elementor-row\">\n\t\t\t\t\t<div class=\"elementor-column elementor-col-50 elementor-top-column elementor-element elementor-element-f904fb0\" data-id=\"f904fb0\" data-element_type=\"column\">\n\t\t\t<div class=\"elementor-column-wrap elementor-element-populated\">\n\t\t\t\t\t\t\t<div class=\"elementor-widget-wrap\">\n\t\t\t\t\t\t<div class=\"elementor-element elementor-element-3288f07 elementor-widget elementor-widget-text-editor\" data-id=\"3288f07\" data-element_type=\"widget\" data-widget_type=\"text-editor.default\">\n\t\t\t\t<div class=\"elementor-widget-container\">\n\t\t\t\t\t\t\t\t<div class=\"elementor-text-editor elementor-clearfix\">\n\t\t\t\t<h2><span style=\"color: #ff0000;\"><strong>PROJEKT 24H!!!<\/strong><\/span><\/h2><p>W zwi\u0105zku z obowi\u0105zkiem wykonywania dla domk\u00f3w jednorodzinnych projekt\u00f3w bran\u017cowych do pozwolenia na budow\u0119, wyszli\u015bmy na przeciw z ofert\u0105 skierowan\u0105 do Inwestor\u00f3w. Wykonamy dla Pa\u0144stwa projekt budowlany instalacji elektrycznych w 24h w zakresie niezb\u0119dnym do uzyskania pozwolenia na budow\u0119.<\/p><p>Do wykonania dokumentacji niezb\u0119dne b\u0119d\u0105:<\/p><ul><li>warunki techniczne przy\u0142\u0105czenia do sieci elektroenergetycznej<\/li><li>rzuty architektoniczne budynku w wersji elektronicznej w formacie dwg lub dxf<\/li><li>plan zagospodarowania terenu wykonany na mapie do cel\u00f3w projektowych z naniesionym budynkiem oraz sieciami wewn\u0119trznymi w wersji elektronicznej w formacie dwg lub pdf.<\/li><\/ul><p>Zapraszamy do kontaku z Naszym\u00a0<a href=\"http:\/\/entelpro.pl\/index.php\/kontakt\/\" target=\"_blank\" rel=\"noopener\">Dzia\u0142em Projektowym<\/a>.<\/p>\t\t\t\t\t<\/div>\n\t\t\t\t\t\t<\/div>\n\t\t\t\t<\/div>\n\t\t\t\t\t\t<\/div>\n\t\t\t\t\t<\/div>\n\t\t<\/div>\n\t\t\t\t<div class=\"elementor-column elementor-col-50 elementor-top-column elementor-element elementor-element-c6b5bf3\" data-id=\"c6b5bf3\" data-element_type=\"column\">\n\t\t\t<div class=\"elementor-column-wrap elementor-element-populated\">\n\t\t\t\t\t\t\t<div class=\"elementor-widget-wrap\">\n\t\t\t\t\t\t<div class=\"elementor-element elementor-element-86a8934 elementor-widget__width-auto elementor-invisible elementor-widget elementor-widget-image\" data-id=\"86a8934\" data-element_type=\"widget\" data-settings=\"{&quot;_animation&quot;:&quot;fadeInRight&quot;}\" data-widget_type=\"image.default\">\n\t\t\t\t<div class=\"elementor-widget-container\">\n\t\t\t\t\t\t\t\t<div class=\"elementor-image\">\n\t\t\t\t\t\t\t\t\t\t\t\t<img width=\"800\" height=\"565\" src=\"https:\/\/entelpro.pl\/wp-content\/uploads\/2019\/10\/44787568791_aab44f6365_c.jpg\" class=\"attachment-large size-large\" alt=\"\" loading=\"lazy\" srcset=\"https:\/\/entelpro.pl\/wp-content\/uploads\/2019\/10\/44787568791_aab44f6365_c.jpg 800w, https:\/\/entelpro.pl\/wp-content\/uploads\/2019\/10\/44787568791_aab44f6365_c-300x212.jpg 300w, https:\/\/entelpro.pl\/wp-content\/uploads\/2019\/10\/44787568791_aab44f6365_c-768x542.jpg 768w\" sizes=\"(max-width: 800px) 100vw, 800px\" \/>\t\t\t\t\t\t\t\t\t\t\t\t\t\t<\/div>\n\t\t\t\t\t\t<\/div>\n\t\t\t\t<\/div>\n\t\t\t\t\t\t<\/div>\n\t\t\t\t\t<\/div>\n\t\t<\/div>\n\t\t\t\t\t\t\t\t<\/div>\n\t\t\t\t\t<\/div>\n\t\t<\/section>\n\t\t\t\t\t\t<\/div>\n\t\t\t\t\t\t<\/div>\n\t\t\t\t\t<\/div>\n\t\t","protected":false},"excerpt":{"rendered":"<p>PROJEKT 24H!!! W zwi\u0105zku z obowi\u0105zkiem wykonywania dla domk\u00f3w jednorodzinnych projekt\u00f3w bran\u017cowych do pozwolenia na budow\u0119, wyszli\u015bmy na przeciw z ofert\u0105 skierowan\u0105 do Inwestor\u00f3w. Wykonamy dla Pa\u0144stwa projekt budowlany instalacji elektrycznych w 24h w zakresie niezb\u0119dnym do uzyskania pozwolenia na budow\u0119. Do wykonania dokumentacji niezb\u0119dne b\u0119d\u0105: warunki techniczne przy\u0142\u0105czenia do sieci elektroenergetycznej rzuty architektoniczne budynku<br \/><a class=\"moretag\" href=\"https:\/\/entelpro.pl\/index.php\/projekt-24h\/\">+ Read More<\/a><\/p>\n","protected":false},"author":1,"featured_media":0,"parent":0,"menu_order":0,"comment_status":"closed","ping_status":"closed","template":"","meta":[],"_links":{"self":[{"href":"https:\/\/entelpro.pl\/index.php\/wp-json\/wp\/v2\/pages\/174"}],"collection":[{"href":"https:\/\/entelpro.pl\/index.php\/wp-json\/wp\/v2\/pages"}],"about":[{"href":"https:\/\/entelpro.pl\/index.php\/wp-json\/wp\/v2\/types\/page"}],"author":[{"embeddable":true,"href":"https:\/\/entelpro.pl\/index.php\/wp-json\/wp\/v2\/users\/1"}],"replies":[{"embeddable":true,"href":"https:\/\/entelpro.pl\/index.php\/wp-json\/wp\/v2\/comments?post=174"}],"version-history":[{"count":13,"href":"https:\/\/entelpro.pl\/index.php\/wp-json\/wp\/v2\/pages\/174\/revisions"}],"predecessor-version":[{"id":1331,"href":"https:\/\/entelpro.pl\/index.php\/wp-json\/wp\/v2\/pages\/174\/revisions\/1331"}],"wp:attachment":[{"href":"https:\/\/entelpro.pl\/index.php\/wp-json\/wp\/v2\/media?parent=174"}],"curies":[{"name":"wp","href":"https:\/\/api.w.org\/{rel}","templated":true}]}}