{"id":208,"date":"2019-09-17T12:22:30","date_gmt":"2019-09-17T10:22:30","guid":{"rendered":"http:\/\/wordpress1976502.home.pl\/autoinstalator\/wordpressplus\/?page_id=208"},"modified":"2019-12-18T11:56:52","modified_gmt":"2019-12-18T10:56:52","slug":"politechnika-wroclawska","status":"publish","type":"page","link":"https:\/\/entelpro.pl\/index.php\/politechnika-wroclawska\/","title":{"rendered":"Politechnika Wroc\u0142awska"},"content":{"rendered":"\t\t<div data-elementor-type=\"wp-page\" data-elementor-id=\"208\" class=\"elementor elementor-208\" data-elementor-settings=\"[]\">\n\t\t\t\t\t\t<div class=\"elementor-inner\">\n\t\t\t\t\t\t\t<div class=\"elementor-section-wrap\">\n\t\t\t\t\t\t\t<section class=\"elementor-section elementor-top-section elementor-element elementor-element-1eb828f elementor-section-boxed elementor-section-height-default elementor-section-height-default\" data-id=\"1eb828f\" data-element_type=\"section\">\n\t\t\t\t\t\t<div class=\"elementor-container elementor-column-gap-default\">\n\t\t\t\t\t\t\t<div class=\"elementor-row\">\n\t\t\t\t\t<div class=\"elementor-column elementor-col-25 elementor-top-column elementor-element elementor-element-4bbeea4\" data-id=\"4bbeea4\" data-element_type=\"column\">\n\t\t\t<div class=\"elementor-column-wrap elementor-element-populated\">\n\t\t\t\t\t\t\t<div class=\"elementor-widget-wrap\">\n\t\t\t\t\t\t<div class=\"elementor-element elementor-element-41e3c02 elementor-button-info elementor-widget elementor-widget-button\" data-id=\"41e3c02\" data-element_type=\"widget\" data-widget_type=\"button.default\">\n\t\t\t\t<div class=\"elementor-widget-container\">\n\t\t\t\t\t<div class=\"elementor-button-wrapper\">\n\t\t\t<a href=\"http:\/\/entelpro.pl\/index.php\/realizacje\/\" class=\"elementor-button-link elementor-button elementor-size-sm\" role=\"button\">\n\t\t\t\t\t\t<span class=\"elementor-button-content-wrapper\">\n\t\t\t\t\t\t<span class=\"elementor-button-icon elementor-align-icon-left\">\n\t\t\t\t<i aria-hidden=\"true\" class=\"far fa-caret-square-up\"><\/i>\t\t\t<\/span>\n\t\t\t\t\t\t<span class=\"elementor-button-text\">Back<\/span>\n\t\t<\/span>\n\t\t\t\t\t<\/a>\n\t\t<\/div>\n\t\t\t\t<\/div>\n\t\t\t\t<\/div>\n\t\t\t\t\t\t<\/div>\n\t\t\t\t\t<\/div>\n\t\t<\/div>\n\t\t\t\t<div class=\"elementor-column elementor-col-25 elementor-top-column elementor-element elementor-element-f14b39f\" data-id=\"f14b39f\" data-element_type=\"column\">\n\t\t\t<div class=\"elementor-column-wrap\">\n\t\t\t\t\t\t\t<div class=\"elementor-widget-wrap\">\n\t\t\t\t\t\t\t\t<\/div>\n\t\t\t\t\t<\/div>\n\t\t<\/div>\n\t\t\t\t<div class=\"elementor-column elementor-col-25 elementor-top-column elementor-element elementor-element-5d7995d\" data-id=\"5d7995d\" data-element_type=\"column\">\n\t\t\t<div class=\"elementor-column-wrap elementor-element-populated\">\n\t\t\t\t\t\t\t<div class=\"elementor-widget-wrap\">\n\t\t\t\t\t\t<div class=\"elementor-element elementor-element-f5d0e2b elementor-button-info elementor-align-left elementor-widget-mobile__width-initial elementor-widget elementor-widget-button\" data-id=\"f5d0e2b\" data-element_type=\"widget\" data-widget_type=\"button.default\">\n\t\t\t\t<div class=\"elementor-widget-container\">\n\t\t\t\t\t<div class=\"elementor-button-wrapper\">\n\t\t\t<a href=\"http:\/\/entelpro.pl\/index.php\/wyspa-slodowa-we-wroclawiu\/\" class=\"elementor-button-link elementor-button elementor-size-sm\" role=\"button\">\n\t\t\t\t\t\t<span class=\"elementor-button-content-wrapper\">\n\t\t\t\t\t\t<span class=\"elementor-button-icon elementor-align-icon-left\">\n\t\t\t\t<i aria-hidden=\"true\" class=\"far fa-caret-square-left\"><\/i>\t\t\t<\/span>\n\t\t\t\t\t\t<span class=\"elementor-button-text\">Previous<\/span>\n\t\t<\/span>\n\t\t\t\t\t<\/a>\n\t\t<\/div>\n\t\t\t\t<\/div>\n\t\t\t\t<\/div>\n\t\t\t\t\t\t<\/div>\n\t\t\t\t\t<\/div>\n\t\t<\/div>\n\t\t\t\t<div class=\"elementor-column elementor-col-25 elementor-top-column elementor-element elementor-element-4d3f13c\" data-id=\"4d3f13c\" data-element_type=\"column\">\n\t\t\t<div class=\"elementor-column-wrap elementor-element-populated\">\n\t\t\t\t\t\t\t<div class=\"elementor-widget-wrap\">\n\t\t\t\t\t\t<div class=\"elementor-element elementor-element-a925e02 elementor-button-info elementor-align-right elementor-widget-mobile__width-initial elementor-absolute elementor-widget elementor-widget-button\" data-id=\"a925e02\" data-element_type=\"widget\" data-settings=\"{&quot;_position&quot;:&quot;absolute&quot;}\" data-widget_type=\"button.default\">\n\t\t\t\t<div class=\"elementor-widget-container\">\n\t\t\t\t\t<div class=\"elementor-button-wrapper\">\n\t\t\t<a href=\"http:\/\/entelpro.pl\/index.php\/dzieciniec-pod-sloncem\/\" class=\"elementor-button-link elementor-button elementor-size-sm\" role=\"button\">\n\t\t\t\t\t\t<span class=\"elementor-button-content-wrapper\">\n\t\t\t\t\t\t<span class=\"elementor-button-icon elementor-align-icon-left\">\n\t\t\t\t<i aria-hidden=\"true\" class=\"far fa-caret-square-right\"><\/i>\t\t\t<\/span>\n\t\t\t\t\t\t<span class=\"elementor-button-text\">Next<\/span>\n\t\t<\/span>\n\t\t\t\t\t<\/a>\n\t\t<\/div>\n\t\t\t\t<\/div>\n\t\t\t\t<\/div>\n\t\t\t\t\t\t<\/div>\n\t\t\t\t\t<\/div>\n\t\t<\/div>\n\t\t\t\t\t\t\t\t<\/div>\n\t\t\t\t\t<\/div>\n\t\t<\/section>\n\t\t\t\t<section class=\"elementor-section elementor-top-section elementor-element elementor-element-61ad9ce elementor-section-boxed elementor-section-height-default elementor-section-height-default\" data-id=\"61ad9ce\" data-element_type=\"section\">\n\t\t\t\t\t\t<div class=\"elementor-container elementor-column-gap-default\">\n\t\t\t\t\t\t\t<div class=\"elementor-row\">\n\t\t\t\t\t<div class=\"elementor-column elementor-col-50 elementor-top-column elementor-element elementor-element-a1f6a87\" data-id=\"a1f6a87\" data-element_type=\"column\">\n\t\t\t<div class=\"elementor-column-wrap elementor-element-populated\">\n\t\t\t\t\t\t\t<div class=\"elementor-widget-wrap\">\n\t\t\t\t\t\t<div class=\"elementor-element elementor-element-576971f elementor-widget elementor-widget-text-editor\" data-id=\"576971f\" data-element_type=\"widget\" data-widget_type=\"text-editor.default\">\n\t\t\t\t<div class=\"elementor-widget-container\">\n\t\t\t\t\t\t\t\t<div class=\"elementor-text-editor elementor-clearfix\">\n\t\t\t\t<p>PRZEBUDOWA ORAZ ZMIANA SPOSOBU U\u017bYTKOWANIA BUDYNKU POSZPITALNEGO NA CELE EDUKACYJNO-DYDAKTYCZNE SZKOLNICTWA WY\u017bSZEGO PRZY UL.J.M.HOENE-WRO\u0143SKIEGO 13C WE WROC\u0141AWIU WRAZ Z ZAGOSPODAROWANIEM TERENU I NIEZB\u0118DN\u0104 INFRASTRUKTUR\u0104 TECHNICZN\u0104.<\/p><p>Kubatura budynku: 17270,32 m3<\/p><p>Powierzchnia u\u017cytkowa: 4317,58 m2<\/p><p>Rok wydania projektu: 2019<\/p><p>Zakres:\u00a0Opracowanie niniejsze zawiera\u0142o nast\u0119puj\u0105ce instalacje oraz ich elementy:<\/p><ul><li>Rozdzielnice g\u0142\u00f3wne RG\u2026,<\/li><li>Rozdzielnica UPS RUPS,<\/li><li>Tablice serwerowni TS\u2026,<\/li><li>Tablice komputerowe TK..,<\/li><li>Tablice administracyjne TA..,<\/li><li>Tablice pi\u0119trowe TP..,<\/li><li>Tablica wentylatorowni TW,<\/li><li>Tablica w\u0119z\u0142a cieplnego TWC,<\/li><li>Rozdzielnice wentylacji RW..,<\/li><li>Instalacj\u0119 o\u015bwietlenia wewn\u0119trznego,<\/li><li>System o\u015bwietlenia awaryjnego,<\/li><li>Wewn\u0119trzne linie zasilaj\u0105ce,<\/li><li>Instalacj\u0119 zasilania gniazd wtykowych i urz\u0105dze\u0144 technologicznych,<\/li><li>Trasy kablowe dla kabli energetycznych,<\/li><li>Instalacj\u0119 po\u0142\u0105cze\u0144 wyr\u00f3wnawczych,<\/li><li>Przepusty w postaci pustych rur, przej\u015b\u0107 kablowych, drabinek kablowych, kana\u0142\u00f3w instalacyjnych,<\/li><li>Instalacja ochrony od pora\u017ce\u0144,<\/li><li>Instalacja ochrony przepi\u0119ciowej,<\/li><li>Uszczelnienia ppo\u017c..<\/li><\/ul>\t\t\t\t\t<\/div>\n\t\t\t\t\t\t<\/div>\n\t\t\t\t<\/div>\n\t\t\t\t\t\t<\/div>\n\t\t\t\t\t<\/div>\n\t\t<\/div>\n\t\t\t\t<div class=\"elementor-column elementor-col-50 elementor-top-column elementor-element elementor-element-b1512e3\" data-id=\"b1512e3\" data-element_type=\"column\">\n\t\t\t<div class=\"elementor-column-wrap elementor-element-populated\">\n\t\t\t\t\t\t\t<div class=\"elementor-widget-wrap\">\n\t\t\t\t\t\t<div class=\"elementor-element elementor-element-ee11a87 elementor-widget elementor-widget-image\" data-id=\"ee11a87\" data-element_type=\"widget\" data-widget_type=\"image.default\">\n\t\t\t\t<div class=\"elementor-widget-container\">\n\t\t\t\t\t\t\t\t<div class=\"elementor-image\">\n\t\t\t\t\t\t\t\t\t<figure class=\"wp-caption\">\n\t\t\t\t\t\t\t\t\t\t\t<a href=\"https:\/\/www.google.pl\/maps\/place\/Hoene-Wro%C5%84skiego+13C,+50-376+Wroc%C5%82aw\/@51.1076316,17.0572035,3a,75y,17.02h,96.29t\/data=!3m6!1e1!3m4!1si2KQ2ECGHC-dTUhHmAxovA!2e0!7i13312!8i6656!4m5!3m4!1s0x470fc27ffe49bdd3:0x5a69686ee8686e2a!8m2!3d51.107971!4d17.05735#\" target=\"_blank\">\n\t\t\t\t\t\t\t<img width=\"1024\" height=\"607\" src=\"https:\/\/entelpro.pl\/wp-content\/uploads\/2019\/10\/politechnika-wroc\u0142awska-1024x607.jpg\" class=\"attachment-large size-large\" alt=\"\" loading=\"lazy\" srcset=\"https:\/\/entelpro.pl\/wp-content\/uploads\/2019\/10\/politechnika-wroc\u0142awska-1024x607.jpg 1024w, https:\/\/entelpro.pl\/wp-content\/uploads\/2019\/10\/politechnika-wroc\u0142awska-300x178.jpg 300w, https:\/\/entelpro.pl\/wp-content\/uploads\/2019\/10\/politechnika-wroc\u0142awska-768x455.jpg 768w, https:\/\/entelpro.pl\/wp-content\/uploads\/2019\/10\/politechnika-wroc\u0142awska.jpg 1283w\" sizes=\"(max-width: 1024px) 100vw, 1024px\" \/>\t\t\t\t\t\t\t\t<\/a>\n\t\t\t\t\t\t\t\t\t\t\t<figcaption class=\"widget-image-caption wp-caption-text\">https:\/\/www.google.pl\/maps\/place\/Hoene-Wro%C5%84skiego+13C,+50-376+Wroc%C5%82aw\/<\/figcaption>\n\t\t\t\t\t\t\t\t\t\t<\/figure>\n\t\t\t\t\t\t\t\t<\/div>\n\t\t\t\t\t\t<\/div>\n\t\t\t\t<\/div>\n\t\t\t\t<div class=\"elementor-element elementor-element-56503af elementor-widget elementor-widget-image\" data-id=\"56503af\" data-element_type=\"widget\" data-widget_type=\"image.default\">\n\t\t\t\t<div class=\"elementor-widget-container\">\n\t\t\t\t\t\t\t\t<div class=\"elementor-image\">\n\t\t\t\t\t\t\t\t\t<figure class=\"wp-caption\">\n\t\t\t\t\t\t\t\t\t\t\t<a href=\"https:\/\/www.google.pl\/maps\/place\/Hoene-Wro%C5%84skiego+13C,+50-376+Wroc%C5%82aw\/@51.1076316,17.0572035,3a,75y,17.02h,96.29t\/data=!3m6!1e1!3m4!1si2KQ2ECGHC-dTUhHmAxovA!2e0!7i13312!8i6656!4m5!3m4!1s0x470fc27ffe49bdd3:0x5a69686ee8686e2a!8m2!3d51.107971!4d17.05735#\" target=\"_blank\">\n\t\t\t\t\t\t\t<img width=\"1024\" height=\"644\" src=\"https:\/\/entelpro.pl\/wp-content\/uploads\/2019\/10\/politechnika_wroc\u0142awska1-1024x644.jpg\" class=\"attachment-large size-large\" alt=\"\" loading=\"lazy\" srcset=\"https:\/\/entelpro.pl\/wp-content\/uploads\/2019\/10\/politechnika_wroc\u0142awska1-1024x644.jpg 1024w, https:\/\/entelpro.pl\/wp-content\/uploads\/2019\/10\/politechnika_wroc\u0142awska1-300x189.jpg 300w, https:\/\/entelpro.pl\/wp-content\/uploads\/2019\/10\/politechnika_wroc\u0142awska1-768x483.jpg 768w, https:\/\/entelpro.pl\/wp-content\/uploads\/2019\/10\/politechnika_wroc\u0142awska1.jpg 1249w\" sizes=\"(max-width: 1024px) 100vw, 1024px\" \/>\t\t\t\t\t\t\t\t<\/a>\n\t\t\t\t\t\t\t\t\t\t\t<figcaption class=\"widget-image-caption wp-caption-text\">https:\/\/www.google.pl\/maps\/place\/Hoene-Wro%C5%84skiego+13C,+50-376+Wroc%C5%82aw\/<\/figcaption>\n\t\t\t\t\t\t\t\t\t\t<\/figure>\n\t\t\t\t\t\t\t\t<\/div>\n\t\t\t\t\t\t<\/div>\n\t\t\t\t<\/div>\n\t\t\t\t\t\t<\/div>\n\t\t\t\t\t<\/div>\n\t\t<\/div>\n\t\t\t\t\t\t\t\t<\/div>\n\t\t\t\t\t<\/div>\n\t\t<\/section>\n\t\t\t\t\t\t<\/div>\n\t\t\t\t\t\t<\/div>\n\t\t\t\t\t<\/div>\n\t\t","protected":false},"excerpt":{"rendered":"<p>Back Previous Next PRZEBUDOWA ORAZ ZMIANA SPOSOBU U\u017bYTKOWANIA BUDYNKU POSZPITALNEGO NA CELE EDUKACYJNO-DYDAKTYCZNE SZKOLNICTWA WY\u017bSZEGO PRZY UL.J.M.HOENE-WRO\u0143SKIEGO 13C WE WROC\u0141AWIU WRAZ Z ZAGOSPODAROWANIEM TERENU I NIEZB\u0118DN\u0104 INFRASTRUKTUR\u0104 TECHNICZN\u0104. Kubatura budynku: 17270,32 m3 Powierzchnia u\u017cytkowa: 4317,58 m2 Rok wydania projektu: 2019 Zakres:\u00a0Opracowanie niniejsze zawiera\u0142o nast\u0119puj\u0105ce instalacje oraz ich elementy: Rozdzielnice g\u0142\u00f3wne RG\u2026, Rozdzielnica UPS RUPS, Tablice<br \/><a class=\"moretag\" href=\"https:\/\/entelpro.pl\/index.php\/politechnika-wroclawska\/\">+ Read More<\/a><\/p>\n","protected":false},"author":1,"featured_media":0,"parent":0,"menu_order":0,"comment_status":"closed","ping_status":"closed","template":"","meta":[],"_links":{"self":[{"href":"https:\/\/entelpro.pl\/index.php\/wp-json\/wp\/v2\/pages\/208"}],"collection":[{"href":"https:\/\/entelpro.pl\/index.php\/wp-json\/wp\/v2\/pages"}],"about":[{"href":"https:\/\/entelpro.pl\/index.php\/wp-json\/wp\/v2\/types\/page"}],"author":[{"embeddable":true,"href":"https:\/\/entelpro.pl\/index.php\/wp-json\/wp\/v2\/users\/1"}],"replies":[{"embeddable":true,"href":"https:\/\/entelpro.pl\/index.php\/wp-json\/wp\/v2\/comments?post=208"}],"version-history":[{"count":10,"href":"https:\/\/entelpro.pl\/index.php\/wp-json\/wp\/v2\/pages\/208\/revisions"}],"predecessor-version":[{"id":1284,"href":"https:\/\/entelpro.pl\/index.php\/wp-json\/wp\/v2\/pages\/208\/revisions\/1284"}],"wp:attachment":[{"href":"https:\/\/entelpro.pl\/index.php\/wp-json\/wp\/v2\/media?parent=208"}],"curies":[{"name":"wp","href":"https:\/\/api.w.org\/{rel}","templated":true}]}}