{"id":23,"date":"2019-09-09T10:44:21","date_gmt":"2019-09-09T08:44:21","guid":{"rendered":"http:\/\/wordpress1976502.home.pl\/autoinstalator\/wordpressplus\/?page_id=23"},"modified":"2019-12-18T12:21:53","modified_gmt":"2019-12-18T11:21:53","slug":"o-nas","status":"publish","type":"page","link":"https:\/\/entelpro.pl\/index.php\/o-nas\/","title":{"rendered":"O Nas"},"content":{"rendered":"\t\t<div data-elementor-type=\"wp-page\" data-elementor-id=\"23\" class=\"elementor elementor-23\" data-elementor-settings=\"[]\">\n\t\t\t\t\t\t<div class=\"elementor-inner\">\n\t\t\t\t\t\t\t<div class=\"elementor-section-wrap\">\n\t\t\t\t\t\t\t<section class=\"elementor-section elementor-top-section elementor-element elementor-element-567e09d elementor-section-boxed elementor-section-height-default elementor-section-height-default\" data-id=\"567e09d\" data-element_type=\"section\">\n\t\t\t\t\t\t<div class=\"elementor-container elementor-column-gap-default\">\n\t\t\t\t\t\t\t<div class=\"elementor-row\">\n\t\t\t\t\t<div class=\"elementor-column elementor-col-100 elementor-top-column elementor-element elementor-element-ff7e6b3\" data-id=\"ff7e6b3\" data-element_type=\"column\">\n\t\t\t<div class=\"elementor-column-wrap elementor-element-populated\">\n\t\t\t\t\t\t\t<div class=\"elementor-widget-wrap\">\n\t\t\t\t\t\t<div class=\"elementor-element elementor-element-8609dc5 elementor-widget elementor-widget-text-editor\" data-id=\"8609dc5\" data-element_type=\"widget\" data-widget_type=\"text-editor.default\">\n\t\t\t\t<div class=\"elementor-widget-container\">\n\t\t\t\t\t\t\t\t<div class=\"elementor-text-editor elementor-clearfix\">\n\t\t\t\t<p>EnTel-Pro to zesp\u00f3\u0142 m\u0142odych, ale do\u015bwiadczonych ju\u017c projektant\u00f3w instalacji elektrycznych. Projektujemy instalacje elektryczne, AKPiA i teletechniczne.<\/p><p>Firma istnieje od 2009 roku i ca\u0142y czas si\u0119 rozwija. W ci\u0105gu tych lat biuro powi\u0119kszy\u0142o si\u0119 o kilka os\u00f3b, aby sprawnie i fachowo wykonywa\u0107 projekty od domk\u00f3w jednorodzinnych i mieszka\u0144, po presti\u017cowe projekty obiekt\u00f3w u\u017cyteczno\u015bci publicznej.<\/p><p>Wykonujemy nadzory inwestorskie, autorskie inwestycji oraz kierujemy robotami elektrycznymi na budowach.<\/p><p>Wsp\u00f3\u0142pracujemy z wieloma biurami architektonicznymi realizuj\u0105c dla nich projekty pojedynczych obiekt\u00f3w, jak r\u00f3wnie\u017c dla sieci sklep\u00f3w takich jak; Biedronka, Dino, Pepco czy Arhelan.<\/p><p>Stale wsp\u00f3\u0142pracujemy z takimi biurami architektonicznymi jak:<\/p><ul><li>DEMIURG Project S.A.<\/li><li>P-3 Pracownia Architektury<\/li><li>SIS Architekci Sp. z o.o.<\/li><li>PHARUS sp. z o.o.<\/li><li>Rapalska-Kaczmarek Grocholewska ARCHITEKCI S.C.<\/li><li>EKSPERTIS Sp. z o.o., Sp. k<\/li><li>PERSPEKTYWA Pracownia Porojektowa sp. z o.o.<\/li><li>PPEW Pracownia Projektowa Ewa Wojtkowiak<\/li><li>Biuro in\u017cynierski ACE Przyby\u0142owicz<\/li><li>Obs\u0142uga Inwestycji Budowlanych Maciej Bednarek<\/li><\/ul><div>Posiadamy r\u00f3wnie\u017c bardzo dobry kontakt z innymi bran\u017cystami.<\/div><p>\u00a0<\/p>\t\t\t\t\t<\/div>\n\t\t\t\t\t\t<\/div>\n\t\t\t\t<\/div>\n\t\t\t\t\t\t<\/div>\n\t\t\t\t\t<\/div>\n\t\t<\/div>\n\t\t\t\t\t\t\t\t<\/div>\n\t\t\t\t\t<\/div>\n\t\t<\/section>\n\t\t\t\t<section class=\"elementor-section elementor-top-section elementor-element elementor-element-f09b3d2 elementor-section-boxed elementor-section-height-default elementor-section-height-default\" data-id=\"f09b3d2\" data-element_type=\"section\">\n\t\t\t\t\t\t<div class=\"elementor-container elementor-column-gap-default\">\n\t\t\t\t\t\t\t<div class=\"elementor-row\">\n\t\t\t\t\t<div class=\"elementor-column elementor-col-100 elementor-top-column elementor-element elementor-element-d3997f3\" data-id=\"d3997f3\" data-element_type=\"column\">\n\t\t\t<div class=\"elementor-column-wrap elementor-element-populated\">\n\t\t\t\t\t\t\t<div class=\"elementor-widget-wrap\">\n\t\t\t\t\t\t<div class=\"elementor-element elementor-element-3590e20 elementor-widget elementor-widget-image\" data-id=\"3590e20\" data-element_type=\"widget\" data-settings=\"{&quot;_animation&quot;:&quot;none&quot;}\" data-widget_type=\"image.default\">\n\t\t\t\t<div class=\"elementor-widget-container\">\n\t\t\t\t\t\t\t\t<div class=\"elementor-image\">\n\t\t\t\t\t\t\t\t\t\t\t\t\t<a href=\"http:\/\/demiurg.com.pl\/\" target=\"_blank\">\n\t\t\t\t\t\t\t<img width=\"768\" height=\"269\" src=\"https:\/\/entelpro.pl\/wp-content\/uploads\/2019\/09\/logo_Demiurg_Project_2-768x269.png\" class=\"elementor-animation-grow attachment-medium_large size-medium_large\" alt=\"\" loading=\"lazy\" srcset=\"https:\/\/entelpro.pl\/wp-content\/uploads\/2019\/09\/logo_Demiurg_Project_2-768x269.png 768w, https:\/\/entelpro.pl\/wp-content\/uploads\/2019\/09\/logo_Demiurg_Project_2-300x105.png 300w, https:\/\/entelpro.pl\/wp-content\/uploads\/2019\/09\/logo_Demiurg_Project_2-1024x358.png 1024w, https:\/\/entelpro.pl\/wp-content\/uploads\/2019\/09\/logo_Demiurg_Project_2.png 2027w\" sizes=\"(max-width: 768px) 100vw, 768px\" \/>\t\t\t\t\t\t\t\t<\/a>\n\t\t\t\t\t\t\t\t\t\t\t\t\t\t<\/div>\n\t\t\t\t\t\t<\/div>\n\t\t\t\t<\/div>\n\t\t\t\t\t\t<\/div>\n\t\t\t\t\t<\/div>\n\t\t<\/div>\n\t\t\t\t\t\t\t\t<\/div>\n\t\t\t\t\t<\/div>\n\t\t<\/section>\n\t\t\t\t<section class=\"elementor-section elementor-top-section elementor-element elementor-element-cfc9a5b elementor-section-boxed elementor-section-height-default elementor-section-height-default\" data-id=\"cfc9a5b\" data-element_type=\"section\">\n\t\t\t\t\t\t<div class=\"elementor-container elementor-column-gap-default\">\n\t\t\t\t\t\t\t<div class=\"elementor-row\">\n\t\t\t\t\t<div class=\"elementor-column elementor-col-25 elementor-top-column elementor-element elementor-element-3234c46\" data-id=\"3234c46\" data-element_type=\"column\">\n\t\t\t<div class=\"elementor-column-wrap elementor-element-populated\">\n\t\t\t\t\t\t\t<div class=\"elementor-widget-wrap\">\n\t\t\t\t\t\t<div class=\"elementor-element elementor-element-a6ad062 elementor-widget elementor-widget-image\" data-id=\"a6ad062\" data-element_type=\"widget\" data-widget_type=\"image.default\">\n\t\t\t\t<div class=\"elementor-widget-container\">\n\t\t\t\t\t\t\t\t<div class=\"elementor-image\">\n\t\t\t\t\t\t\t\t\t\t\t\t\t<a href=\"https:\/\/www.facebook.com\/p3pracownia\/\" target=\"_blank\">\n\t\t\t\t\t\t\t<img width=\"150\" height=\"150\" src=\"https:\/\/entelpro.pl\/wp-content\/uploads\/2019\/10\/pobrane-1-150x150.png\" class=\"elementor-animation-grow attachment-thumbnail size-thumbnail\" alt=\"\" loading=\"lazy\" srcset=\"https:\/\/entelpro.pl\/wp-content\/uploads\/2019\/10\/pobrane-1-150x150.png 150w, https:\/\/entelpro.pl\/wp-content\/uploads\/2019\/10\/pobrane-1.png 225w\" sizes=\"(max-width: 150px) 100vw, 150px\" \/>\t\t\t\t\t\t\t\t<\/a>\n\t\t\t\t\t\t\t\t\t\t\t\t\t\t<\/div>\n\t\t\t\t\t\t<\/div>\n\t\t\t\t<\/div>\n\t\t\t\t\t\t<\/div>\n\t\t\t\t\t<\/div>\n\t\t<\/div>\n\t\t\t\t<div class=\"elementor-column elementor-col-25 elementor-top-column elementor-element elementor-element-d9a7a24\" data-id=\"d9a7a24\" data-element_type=\"column\">\n\t\t\t<div class=\"elementor-column-wrap elementor-element-populated\">\n\t\t\t\t\t\t\t<div class=\"elementor-widget-wrap\">\n\t\t\t\t\t\t<div class=\"elementor-element elementor-element-fe6c3d1 elementor-widget elementor-widget-image\" data-id=\"fe6c3d1\" data-element_type=\"widget\" data-widget_type=\"image.default\">\n\t\t\t\t<div class=\"elementor-widget-container\">\n\t\t\t\t\t\t\t\t<div class=\"elementor-image\">\n\t\t\t\t\t\t\t\t\t\t\t\t\t<a href=\"http:\/\/sisarchitekci.pl\/\" target=\"_blank\">\n\t\t\t\t\t\t\t<img width=\"150\" height=\"150\" src=\"https:\/\/entelpro.pl\/wp-content\/uploads\/2019\/10\/big_1552a-150x150.jpg\" class=\"elementor-animation-grow attachment-thumbnail size-thumbnail\" alt=\"\" loading=\"lazy\" srcset=\"https:\/\/entelpro.pl\/wp-content\/uploads\/2019\/10\/big_1552a-150x150.jpg 150w, https:\/\/entelpro.pl\/wp-content\/uploads\/2019\/10\/big_1552a.jpg 227w\" sizes=\"(max-width: 150px) 100vw, 150px\" \/>\t\t\t\t\t\t\t\t<\/a>\n\t\t\t\t\t\t\t\t\t\t\t\t\t\t<\/div>\n\t\t\t\t\t\t<\/div>\n\t\t\t\t<\/div>\n\t\t\t\t\t\t<\/div>\n\t\t\t\t\t<\/div>\n\t\t<\/div>\n\t\t\t\t<div class=\"elementor-column elementor-col-25 elementor-top-column elementor-element elementor-element-cdf1ada\" data-id=\"cdf1ada\" data-element_type=\"column\">\n\t\t\t<div class=\"elementor-column-wrap elementor-element-populated\">\n\t\t\t\t\t\t\t<div class=\"elementor-widget-wrap\">\n\t\t\t\t\t\t<div class=\"elementor-element elementor-element-44f53d4 elementor-widget elementor-widget-image\" data-id=\"44f53d4\" data-element_type=\"widget\" data-widget_type=\"image.default\">\n\t\t\t\t<div class=\"elementor-widget-container\">\n\t\t\t\t\t\t\t\t<div class=\"elementor-image\">\n\t\t\t\t\t\t\t\t\t\t\t\t\t<a href=\"http:\/\/perspektywa-krakow.pl\/pracownia\/index\" target=\"_blank\">\n\t\t\t\t\t\t\t<img width=\"150\" height=\"150\" src=\"https:\/\/entelpro.pl\/wp-content\/uploads\/2019\/10\/logo-2-150x150.png\" class=\"elementor-animation-grow attachment-thumbnail size-thumbnail\" alt=\"\" loading=\"lazy\" \/>\t\t\t\t\t\t\t\t<\/a>\n\t\t\t\t\t\t\t\t\t\t\t\t\t\t<\/div>\n\t\t\t\t\t\t<\/div>\n\t\t\t\t<\/div>\n\t\t\t\t\t\t<\/div>\n\t\t\t\t\t<\/div>\n\t\t<\/div>\n\t\t\t\t<div class=\"elementor-column elementor-col-25 elementor-top-column elementor-element elementor-element-f1111e8\" data-id=\"f1111e8\" data-element_type=\"column\">\n\t\t\t<div class=\"elementor-column-wrap elementor-element-populated\">\n\t\t\t\t\t\t\t<div class=\"elementor-widget-wrap\">\n\t\t\t\t\t\t<div class=\"elementor-element elementor-element-964bfa8 elementor-widget elementor-widget-image\" data-id=\"964bfa8\" data-element_type=\"widget\" data-widget_type=\"image.default\">\n\t\t\t\t<div class=\"elementor-widget-container\">\n\t\t\t\t\t\t\t\t<div class=\"elementor-image\">\n\t\t\t\t\t\t\t\t\t\t\t\t\t<a href=\"https:\/\/www.herbud-poznan.pl\/\" target=\"_blank\">\n\t\t\t\t\t\t\t<img width=\"150\" height=\"150\" src=\"https:\/\/entelpro.pl\/wp-content\/uploads\/2019\/10\/HB-LOGO_30ab-150x150.jpg\" class=\"elementor-animation-grow attachment-thumbnail size-thumbnail\" alt=\"\" loading=\"lazy\" srcset=\"https:\/\/entelpro.pl\/wp-content\/uploads\/2019\/10\/HB-LOGO_30ab-150x150.jpg 150w, https:\/\/entelpro.pl\/wp-content\/uploads\/2019\/10\/HB-LOGO_30ab-300x300.jpg 300w, https:\/\/entelpro.pl\/wp-content\/uploads\/2019\/10\/HB-LOGO_30ab.jpg 336w\" sizes=\"(max-width: 150px) 100vw, 150px\" \/>\t\t\t\t\t\t\t\t<\/a>\n\t\t\t\t\t\t\t\t\t\t\t\t\t\t<\/div>\n\t\t\t\t\t\t<\/div>\n\t\t\t\t<\/div>\n\t\t\t\t\t\t<\/div>\n\t\t\t\t\t<\/div>\n\t\t<\/div>\n\t\t\t\t\t\t\t\t<\/div>\n\t\t\t\t\t<\/div>\n\t\t<\/section>\n\t\t\t\t<section class=\"elementor-section elementor-top-section elementor-element elementor-element-d443d3c elementor-section-boxed elementor-section-height-default elementor-section-height-default\" data-id=\"d443d3c\" data-element_type=\"section\">\n\t\t\t\t\t\t<div class=\"elementor-container elementor-column-gap-default\">\n\t\t\t\t\t\t\t<div class=\"elementor-row\">\n\t\t\t\t\t<div class=\"elementor-column elementor-col-50 elementor-top-column elementor-element elementor-element-095d651\" data-id=\"095d651\" data-element_type=\"column\">\n\t\t\t<div class=\"elementor-column-wrap elementor-element-populated\">\n\t\t\t\t\t\t\t<div class=\"elementor-widget-wrap\">\n\t\t\t\t\t\t<div class=\"elementor-element elementor-element-a7e53c6 elementor-widget elementor-widget-image\" data-id=\"a7e53c6\" data-element_type=\"widget\" data-widget_type=\"image.default\">\n\t\t\t\t<div class=\"elementor-widget-container\">\n\t\t\t\t\t\t\t\t<div class=\"elementor-image\">\n\t\t\t\t\t\t\t\t\t\t\t\t<img width=\"300\" height=\"94\" src=\"https:\/\/entelpro.pl\/wp-content\/uploads\/2019\/09\/Logo-Larum_a_logo-300x94.jpg\" class=\"attachment-medium size-medium\" alt=\"\" loading=\"lazy\" srcset=\"https:\/\/entelpro.pl\/wp-content\/uploads\/2019\/09\/Logo-Larum_a_logo-300x94.jpg 300w, https:\/\/entelpro.pl\/wp-content\/uploads\/2019\/09\/Logo-Larum_a_logo-768x240.jpg 768w, https:\/\/entelpro.pl\/wp-content\/uploads\/2019\/09\/Logo-Larum_a_logo.jpg 800w\" sizes=\"(max-width: 300px) 100vw, 300px\" \/>\t\t\t\t\t\t\t\t\t\t\t\t\t\t<\/div>\n\t\t\t\t\t\t<\/div>\n\t\t\t\t<\/div>\n\t\t\t\t\t\t<\/div>\n\t\t\t\t\t<\/div>\n\t\t<\/div>\n\t\t\t\t<div class=\"elementor-column elementor-col-50 elementor-top-column elementor-element elementor-element-3a47bdc\" data-id=\"3a47bdc\" data-element_type=\"column\">\n\t\t\t<div class=\"elementor-column-wrap elementor-element-populated\">\n\t\t\t\t\t\t\t<div class=\"elementor-widget-wrap\">\n\t\t\t\t\t\t<div class=\"elementor-element elementor-element-4319890 elementor-widget elementor-widget-image\" data-id=\"4319890\" data-element_type=\"widget\" data-widget_type=\"image.default\">\n\t\t\t\t<div class=\"elementor-widget-container\">\n\t\t\t\t\t\t\t\t<div class=\"elementor-image\">\n\t\t\t\t\t\t\t\t\t\t\t\t\t<a href=\"https:\/\/ekspertis.eu\/\" target=\"_blank\">\n\t\t\t\t\t\t\t<img width=\"300\" height=\"77\" src=\"https:\/\/entelpro.pl\/wp-content\/uploads\/2019\/10\/logo-300x77.jpg\" class=\"elementor-animation-grow attachment-medium size-medium\" alt=\"\" loading=\"lazy\" srcset=\"https:\/\/entelpro.pl\/wp-content\/uploads\/2019\/10\/logo-300x77.jpg 300w, https:\/\/entelpro.pl\/wp-content\/uploads\/2019\/10\/logo.jpg 350w\" sizes=\"(max-width: 300px) 100vw, 300px\" \/>\t\t\t\t\t\t\t\t<\/a>\n\t\t\t\t\t\t\t\t\t\t\t\t\t\t<\/div>\n\t\t\t\t\t\t<\/div>\n\t\t\t\t<\/div>\n\t\t\t\t\t\t<\/div>\n\t\t\t\t\t<\/div>\n\t\t<\/div>\n\t\t\t\t\t\t\t\t<\/div>\n\t\t\t\t\t<\/div>\n\t\t<\/section>\n\t\t\t\t\t\t<\/div>\n\t\t\t\t\t\t<\/div>\n\t\t\t\t\t<\/div>\n\t\t","protected":false},"excerpt":{"rendered":"<p>EnTel-Pro to zesp\u00f3\u0142 m\u0142odych, ale do\u015bwiadczonych ju\u017c projektant\u00f3w instalacji elektrycznych. Projektujemy instalacje elektryczne, AKPiA i teletechniczne. Firma istnieje od 2009 roku i ca\u0142y czas si\u0119 rozwija. W ci\u0105gu tych lat biuro powi\u0119kszy\u0142o si\u0119 o kilka os\u00f3b, aby sprawnie i fachowo wykonywa\u0107 projekty od domk\u00f3w jednorodzinnych i mieszka\u0144, po presti\u017cowe projekty obiekt\u00f3w u\u017cyteczno\u015bci publicznej. Wykonujemy nadzory<br \/><a class=\"moretag\" href=\"https:\/\/entelpro.pl\/index.php\/o-nas\/\">+ Read More<\/a><\/p>\n","protected":false},"author":1,"featured_media":0,"parent":0,"menu_order":0,"comment_status":"closed","ping_status":"closed","template":"","meta":[],"_links":{"self":[{"href":"https:\/\/entelpro.pl\/index.php\/wp-json\/wp\/v2\/pages\/23"}],"collection":[{"href":"https:\/\/entelpro.pl\/index.php\/wp-json\/wp\/v2\/pages"}],"about":[{"href":"https:\/\/entelpro.pl\/index.php\/wp-json\/wp\/v2\/types\/page"}],"author":[{"embeddable":true,"href":"https:\/\/entelpro.pl\/index.php\/wp-json\/wp\/v2\/users\/1"}],"replies":[{"embeddable":true,"href":"https:\/\/entelpro.pl\/index.php\/wp-json\/wp\/v2\/comments?post=23"}],"version-history":[{"count":18,"href":"https:\/\/entelpro.pl\/index.php\/wp-json\/wp\/v2\/pages\/23\/revisions"}],"predecessor-version":[{"id":1321,"href":"https:\/\/entelpro.pl\/index.php\/wp-json\/wp\/v2\/pages\/23\/revisions\/1321"}],"wp:attachment":[{"href":"https:\/\/entelpro.pl\/index.php\/wp-json\/wp\/v2\/media?parent=23"}],"curies":[{"name":"wp","href":"https:\/\/api.w.org\/{rel}","templated":true}]}}