{"id":24,"date":"2019-09-09T10:44:21","date_gmt":"2019-09-09T08:44:21","guid":{"rendered":"http:\/\/wordpress1976502.home.pl\/autoinstalator\/wordpressplus\/?page_id=24"},"modified":"2021-09-23T10:58:04","modified_gmt":"2021-09-23T08:58:04","slug":"kontakt","status":"publish","type":"page","link":"https:\/\/entelpro.pl\/index.php\/kontakt\/","title":{"rendered":"Kontakt"},"content":{"rendered":"\t\t<div data-elementor-type=\"wp-page\" data-elementor-id=\"24\" class=\"elementor elementor-24\" data-elementor-settings=\"[]\">\n\t\t\t\t\t\t<div class=\"elementor-inner\">\n\t\t\t\t\t\t\t<div class=\"elementor-section-wrap\">\n\t\t\t\t\t\t\t<section class=\"elementor-section elementor-top-section elementor-element elementor-element-505be87 elementor-section-boxed elementor-section-height-default elementor-section-height-default\" data-id=\"505be87\" data-element_type=\"section\">\n\t\t\t\t\t\t<div class=\"elementor-container elementor-column-gap-default\">\n\t\t\t\t\t\t\t<div class=\"elementor-row\">\n\t\t\t\t\t<div class=\"elementor-column elementor-col-100 elementor-top-column elementor-element elementor-element-bb98b3a\" data-id=\"bb98b3a\" data-element_type=\"column\">\n\t\t\t<div class=\"elementor-column-wrap elementor-element-populated\">\n\t\t\t\t\t\t\t<div class=\"elementor-widget-wrap\">\n\t\t\t\t\t\t<div class=\"elementor-element elementor-element-dabe60d elementor-widget elementor-widget-image\" data-id=\"dabe60d\" data-element_type=\"widget\" data-widget_type=\"image.default\">\n\t\t\t\t<div class=\"elementor-widget-container\">\n\t\t\t\t\t\t\t\t<div class=\"elementor-image\">\n\t\t\t\t\t\t\t\t\t\t\t\t<img width=\"300\" height=\"100\" src=\"https:\/\/entelpro.pl\/wp-content\/uploads\/2019\/09\/baner_kontakt3-300x100.jpg\" class=\"attachment-medium size-medium\" alt=\"\" loading=\"lazy\" srcset=\"https:\/\/entelpro.pl\/wp-content\/uploads\/2019\/09\/baner_kontakt3-300x100.jpg 300w, https:\/\/entelpro.pl\/wp-content\/uploads\/2019\/09\/baner_kontakt3-768x256.jpg 768w, https:\/\/entelpro.pl\/wp-content\/uploads\/2019\/09\/baner_kontakt3-1024x341.jpg 1024w, https:\/\/entelpro.pl\/wp-content\/uploads\/2019\/09\/baner_kontakt3.jpg 1500w\" sizes=\"(max-width: 300px) 100vw, 300px\" \/>\t\t\t\t\t\t\t\t\t\t\t\t\t\t<\/div>\n\t\t\t\t\t\t<\/div>\n\t\t\t\t<\/div>\n\t\t\t\t\t\t<\/div>\n\t\t\t\t\t<\/div>\n\t\t<\/div>\n\t\t\t\t\t\t\t\t<\/div>\n\t\t\t\t\t<\/div>\n\t\t<\/section>\n\t\t\t\t<section class=\"elementor-section elementor-top-section elementor-element elementor-element-a8ab32c elementor-section-boxed elementor-section-height-default elementor-section-height-default\" data-id=\"a8ab32c\" data-element_type=\"section\">\n\t\t\t\t\t\t<div class=\"elementor-container elementor-column-gap-default\">\n\t\t\t\t\t\t\t<div class=\"elementor-row\">\n\t\t\t\t\t<div class=\"elementor-column elementor-col-100 elementor-top-column elementor-element elementor-element-1d4f28d\" data-id=\"1d4f28d\" data-element_type=\"column\">\n\t\t\t<div class=\"elementor-column-wrap elementor-element-populated\">\n\t\t\t\t\t\t\t<div class=\"elementor-widget-wrap\">\n\t\t\t\t\t\t<div class=\"elementor-element elementor-element-70d7238 elementor-tabs-view-vertical elementor-widget elementor-widget-tabs\" data-id=\"70d7238\" data-element_type=\"widget\" data-widget_type=\"tabs.default\">\n\t\t\t\t<div class=\"elementor-widget-container\">\n\t\t\t\t\t<div class=\"elementor-tabs\">\n\t\t\t<div class=\"elementor-tabs-wrapper\" role=\"tablist\" >\n\t\t\t\t\t\t\t\t\t<div id=\"elementor-tab-title-1181\" class=\"elementor-tab-title elementor-tab-desktop-title\" aria-selected=\"true\" data-tab=\"1\" role=\"tab\" tabindex=\"0\" aria-controls=\"elementor-tab-content-1181\" aria-expanded=\"false\"><a href=\"\">Kontakt<\/a><\/div>\n\t\t\t\t\t\t\t\t\t<div id=\"elementor-tab-title-1182\" class=\"elementor-tab-title elementor-tab-desktop-title\" aria-selected=\"false\" data-tab=\"2\" role=\"tab\" tabindex=\"-1\" aria-controls=\"elementor-tab-content-1182\" aria-expanded=\"false\"><a href=\"\">G\u0142\u00f3wny projektant, Kierownik rob\u00f3t elektrycznych i Inspektor nadzoru budowlanego<\/a><\/div>\n\t\t\t\t\t\t\t\t\t<div id=\"elementor-tab-title-1183\" class=\"elementor-tab-title elementor-tab-desktop-title\" aria-selected=\"false\" data-tab=\"3\" role=\"tab\" tabindex=\"-1\" aria-controls=\"elementor-tab-content-1183\" aria-expanded=\"false\"><a href=\"\">Dzia\u0142 Projektowy<\/a><\/div>\n\t\t\t\t\t\t\t\t\t<div id=\"elementor-tab-title-1184\" class=\"elementor-tab-title elementor-tab-desktop-title\" aria-selected=\"false\" data-tab=\"4\" role=\"tab\" tabindex=\"-1\" aria-controls=\"elementor-tab-content-1184\" aria-expanded=\"false\"><a href=\"\">Mened\u017cer biura<\/a><\/div>\n\t\t\t\t\t\t\t<\/div>\n\t\t\t<div class=\"elementor-tabs-content-wrapper\" role=\"tablist\" aria-orientation=\"vertical\">\n\t\t\t\t\t\t\t\t\t<div class=\"elementor-tab-title elementor-tab-mobile-title\" aria-selected=\"true\" data-tab=\"1\" role=\"tab\" tabindex=\"0\" aria-controls=\"elementor-tab-content-1181\" aria-expanded=\"false\">Kontakt<\/div>\n\t\t\t\t\t<div id=\"elementor-tab-content-1181\" class=\"elementor-tab-content elementor-clearfix\" data-tab=\"1\" role=\"tabpanel\" aria-labelledby=\"elementor-tab-title-1181\" tabindex=\"0\" hidden=\"false\"><p style=\"text-align: center;\">Biuro:<\/p><p style=\"text-align: center;\"><span style=\"text-decoration: underline; color: #3366ff;\">biuro@entelpro.pl<\/span><\/p><p style=\"text-align: center;\"><span style=\"color: #339966;\">+48535757115<\/span><\/p><p style=\"text-align: center;\">Adres biura:<\/p><p style=\"text-align: center;\">ul. \u015aciegiennego 4\/6<\/p><p style=\"text-align: center;\">60-128 Pozna\u0144<\/p><\/div>\n\t\t\t\t\t\t\t\t\t<div class=\"elementor-tab-title elementor-tab-mobile-title\" aria-selected=\"false\" data-tab=\"2\" role=\"tab\" tabindex=\"-1\" aria-controls=\"elementor-tab-content-1182\" aria-expanded=\"false\">G\u0142\u00f3wny projektant, Kierownik rob\u00f3t elektrycznych i Inspektor nadzoru budowlanego<\/div>\n\t\t\t\t\t<div id=\"elementor-tab-content-1182\" class=\"elementor-tab-content elementor-clearfix\" data-tab=\"2\" role=\"tabpanel\" aria-labelledby=\"elementor-tab-title-1182\" tabindex=\"0\" hidden=\"hidden\"><p style=\"text-align: center;\">mgr in\u017c. Marcin Gatniejewski:<\/p><p style=\"text-align: center;\"><span style=\"text-decoration: underline;\"><span style=\"color: #3366ff; text-decoration: underline;\">marcin.gatniejewski@entelpro.pl<\/span><\/span><\/p><p style=\"text-align: center;\"><span style=\"color: #339966;\">+48692440980<\/span><\/p><\/div>\n\t\t\t\t\t\t\t\t\t<div class=\"elementor-tab-title elementor-tab-mobile-title\" aria-selected=\"false\" data-tab=\"3\" role=\"tab\" tabindex=\"-1\" aria-controls=\"elementor-tab-content-1183\" aria-expanded=\"false\">Dzia\u0142 Projektowy<\/div>\n\t\t\t\t\t<div id=\"elementor-tab-content-1183\" class=\"elementor-tab-content elementor-clearfix\" data-tab=\"3\" role=\"tabpanel\" aria-labelledby=\"elementor-tab-title-1183\" tabindex=\"0\" hidden=\"hidden\"><p style=\"text-align: center;\">mgr in\u017c. Dominik Matz<\/p><p style=\"text-align: center;\"><span style=\"text-decoration: underline; color: #3366ff;\">dominik.matz@entelpro.pl<\/span><\/p><p style=\"text-align: center;\">mgr in\u017c. Olga Gunciarz<\/p><p style=\"text-align: center;\"><span style=\"text-decoration: underline;\"><span style=\"color: #3366ff; text-decoration: underline;\">olga.gunciarz@entelpro.pl<\/span><\/span><\/p><p style=\"text-align: center;\">mgr in\u017c. Jadwiga Strzelczyk<\/p><p style=\"text-align: center;\"><span style=\"text-decoration: underline;\"><span style=\"color: #3366ff; text-decoration: underline;\">jadwiga.strzelczyk@entelpro.pl<\/span><\/span><\/p><p style=\"text-align: center;\">mgr in\u017c. Aleksandra Maciejewska<\/p><p style=\"text-align: center;\"><span style=\"text-decoration: underline;\"><span style=\"color: #3366ff; text-decoration: underline;\">aleksandra.maciejewska@entelpro.pl<\/span><\/span><\/p><p style=\"text-align: center;\">mgr in\u017c. Rafa\u0142 Krzy\u017caniak<\/p><p style=\"text-align: center;\"><span style=\"text-decoration: underline;\"><span style=\"color: #3366ff; text-decoration: underline;\">rafal.krzyzaniak@entelpro.pl<\/span><\/span><\/p><p style=\"text-align: center;\">Kontakt telefoniczny:<\/p><p style=\"text-align: center;\"><span style=\"color: #008000;\">+48535757115<\/span><\/p><p style=\"text-align: center;\">\u00a0<\/p><\/div>\n\t\t\t\t\t\t\t\t\t<div class=\"elementor-tab-title elementor-tab-mobile-title\" aria-selected=\"false\" data-tab=\"4\" role=\"tab\" tabindex=\"-1\" aria-controls=\"elementor-tab-content-1184\" aria-expanded=\"false\">Mened\u017cer biura<\/div>\n\t\t\t\t\t<div id=\"elementor-tab-content-1184\" class=\"elementor-tab-content elementor-clearfix\" data-tab=\"4\" role=\"tabpanel\" aria-labelledby=\"elementor-tab-title-1184\" tabindex=\"0\" hidden=\"hidden\"><p style=\"text-align: center;\">mgr Marianna Gatniejewska<\/p><p style=\"text-align: center;\"><span style=\"text-decoration: underline;\"><span style=\"color: #3366ff; text-decoration: underline;\">marianna.gatniejewska@entelpro.pl<\/span><\/span><\/p><p style=\"text-align: center;\">Kontakt telefoniczny:<\/p><p style=\"text-align: center;\"><span style=\"color: #008000;\">+48535757115<\/span><\/p><\/div>\n\t\t\t\t\t\t\t<\/div>\n\t\t<\/div>\n\t\t\t\t<\/div>\n\t\t\t\t<\/div>\n\t\t\t\t\t\t<\/div>\n\t\t\t\t\t<\/div>\n\t\t<\/div>\n\t\t\t\t\t\t\t\t<\/div>\n\t\t\t\t\t<\/div>\n\t\t<\/section>\n\t\t\t\t\t\t<\/div>\n\t\t\t\t\t\t<\/div>\n\t\t\t\t\t<\/div>\n\t\t","protected":false},"excerpt":{"rendered":"<p>Kontakt G\u0142\u00f3wny projektant, Kierownik rob\u00f3t elektrycznych i Inspektor nadzoru budowlanego Dzia\u0142 Projektowy Mened\u017cer biura Kontakt Biuro: biuro@entelpro.pl +48535757115 Adres biura: ul. \u015aciegiennego 4\/6 60-128 Pozna\u0144 G\u0142\u00f3wny projektant, Kierownik rob\u00f3t elektrycznych i Inspektor nadzoru budowlanego mgr in\u017c. Marcin Gatniejewski: marcin.gatniejewski@entelpro.pl +48692440980 Dzia\u0142 Projektowy mgr in\u017c. Dominik Matz dominik.matz@entelpro.pl mgr in\u017c. Olga Gunciarz olga.gunciarz@entelpro.pl mgr in\u017c. Jadwiga<br \/><a class=\"moretag\" href=\"https:\/\/entelpro.pl\/index.php\/kontakt\/\">+ Read More<\/a><\/p>\n","protected":false},"author":1,"featured_media":0,"parent":0,"menu_order":0,"comment_status":"closed","ping_status":"closed","template":"","meta":[],"_links":{"self":[{"href":"https:\/\/entelpro.pl\/index.php\/wp-json\/wp\/v2\/pages\/24"}],"collection":[{"href":"https:\/\/entelpro.pl\/index.php\/wp-json\/wp\/v2\/pages"}],"about":[{"href":"https:\/\/entelpro.pl\/index.php\/wp-json\/wp\/v2\/types\/page"}],"author":[{"embeddable":true,"href":"https:\/\/entelpro.pl\/index.php\/wp-json\/wp\/v2\/users\/1"}],"replies":[{"embeddable":true,"href":"https:\/\/entelpro.pl\/index.php\/wp-json\/wp\/v2\/comments?post=24"}],"version-history":[{"count":32,"href":"https:\/\/entelpro.pl\/index.php\/wp-json\/wp\/v2\/pages\/24\/revisions"}],"predecessor-version":[{"id":1340,"href":"https:\/\/entelpro.pl\/index.php\/wp-json\/wp\/v2\/pages\/24\/revisions\/1340"}],"wp:attachment":[{"href":"https:\/\/entelpro.pl\/index.php\/wp-json\/wp\/v2\/media?parent=24"}],"curies":[{"name":"wp","href":"https:\/\/api.w.org\/{rel}","templated":true}]}}