{"id":273,"date":"2019-09-27T11:53:47","date_gmt":"2019-09-27T09:53:47","guid":{"rendered":"http:\/\/wordpress1976502.home.pl\/autoinstalator\/wordpressplus\/?page_id=273"},"modified":"2019-12-18T11:59:56","modified_gmt":"2019-12-18T10:59:56","slug":"klasztor-w-owinskach","status":"publish","type":"page","link":"https:\/\/entelpro.pl\/index.php\/klasztor-w-owinskach\/","title":{"rendered":"Klasztor w Owi\u0144skach"},"content":{"rendered":"\t\t<div data-elementor-type=\"wp-page\" data-elementor-id=\"273\" class=\"elementor elementor-273\" data-elementor-settings=\"[]\">\n\t\t\t\t\t\t<div class=\"elementor-inner\">\n\t\t\t\t\t\t\t<div class=\"elementor-section-wrap\">\n\t\t\t\t\t\t\t<section class=\"elementor-section elementor-top-section elementor-element elementor-element-a9a55ba elementor-section-boxed elementor-section-height-default elementor-section-height-default\" data-id=\"a9a55ba\" data-element_type=\"section\">\n\t\t\t\t\t\t<div class=\"elementor-container elementor-column-gap-default\">\n\t\t\t\t\t\t\t<div class=\"elementor-row\">\n\t\t\t\t\t<div class=\"elementor-column elementor-col-25 elementor-top-column elementor-element elementor-element-d1edd83\" data-id=\"d1edd83\" data-element_type=\"column\">\n\t\t\t<div class=\"elementor-column-wrap elementor-element-populated\">\n\t\t\t\t\t\t\t<div class=\"elementor-widget-wrap\">\n\t\t\t\t\t\t<div class=\"elementor-element elementor-element-f31e0d5 elementor-button-info elementor-widget elementor-widget-button\" data-id=\"f31e0d5\" data-element_type=\"widget\" data-widget_type=\"button.default\">\n\t\t\t\t<div class=\"elementor-widget-container\">\n\t\t\t\t\t<div class=\"elementor-button-wrapper\">\n\t\t\t<a href=\"http:\/\/entelpro.pl\/index.php\/realizacje\/\" class=\"elementor-button-link elementor-button elementor-size-sm\" role=\"button\">\n\t\t\t\t\t\t<span class=\"elementor-button-content-wrapper\">\n\t\t\t\t\t\t<span class=\"elementor-button-icon elementor-align-icon-left\">\n\t\t\t\t<i aria-hidden=\"true\" class=\"far fa-caret-square-up\"><\/i>\t\t\t<\/span>\n\t\t\t\t\t\t<span class=\"elementor-button-text\">Back<\/span>\n\t\t<\/span>\n\t\t\t\t\t<\/a>\n\t\t<\/div>\n\t\t\t\t<\/div>\n\t\t\t\t<\/div>\n\t\t\t\t\t\t<\/div>\n\t\t\t\t\t<\/div>\n\t\t<\/div>\n\t\t\t\t<div class=\"elementor-column elementor-col-25 elementor-top-column elementor-element elementor-element-1e5b6ac\" data-id=\"1e5b6ac\" data-element_type=\"column\">\n\t\t\t<div class=\"elementor-column-wrap\">\n\t\t\t\t\t\t\t<div class=\"elementor-widget-wrap\">\n\t\t\t\t\t\t\t\t<\/div>\n\t\t\t\t\t<\/div>\n\t\t<\/div>\n\t\t\t\t<div class=\"elementor-column elementor-col-25 elementor-top-column elementor-element elementor-element-4f49e50\" data-id=\"4f49e50\" data-element_type=\"column\">\n\t\t\t<div class=\"elementor-column-wrap elementor-element-populated\">\n\t\t\t\t\t\t\t<div class=\"elementor-widget-wrap\">\n\t\t\t\t\t\t<div class=\"elementor-element elementor-element-63abe5d elementor-button-info elementor-align-left elementor-widget-mobile__width-initial elementor-widget elementor-widget-button\" data-id=\"63abe5d\" data-element_type=\"widget\" data-widget_type=\"button.default\">\n\t\t\t\t<div class=\"elementor-widget-container\">\n\t\t\t\t\t<div class=\"elementor-button-wrapper\">\n\t\t\t<a href=\"http:\/\/entelpro.pl\/index.php\/kamienica-ul-bukowska-ul-kraszewskiego\/\" class=\"elementor-button-link elementor-button elementor-size-sm\" role=\"button\">\n\t\t\t\t\t\t<span class=\"elementor-button-content-wrapper\">\n\t\t\t\t\t\t<span class=\"elementor-button-icon elementor-align-icon-left\">\n\t\t\t\t<i aria-hidden=\"true\" class=\"far fa-caret-square-left\"><\/i>\t\t\t<\/span>\n\t\t\t\t\t\t<span class=\"elementor-button-text\">Previous<\/span>\n\t\t<\/span>\n\t\t\t\t\t<\/a>\n\t\t<\/div>\n\t\t\t\t<\/div>\n\t\t\t\t<\/div>\n\t\t\t\t\t\t<\/div>\n\t\t\t\t\t<\/div>\n\t\t<\/div>\n\t\t\t\t<div class=\"elementor-column elementor-col-25 elementor-top-column elementor-element elementor-element-50c65bd\" data-id=\"50c65bd\" data-element_type=\"column\">\n\t\t\t<div class=\"elementor-column-wrap elementor-element-populated\">\n\t\t\t\t\t\t\t<div class=\"elementor-widget-wrap\">\n\t\t\t\t\t\t<div class=\"elementor-element elementor-element-93d20b5 elementor-button-info elementor-align-right elementor-widget elementor-widget-button\" data-id=\"93d20b5\" data-element_type=\"widget\" data-widget_type=\"button.default\">\n\t\t\t\t<div class=\"elementor-widget-container\">\n\t\t\t\t\t<div class=\"elementor-button-wrapper\">\n\t\t\t<a href=\"http:\/\/entelpro.pl\/index.php\/kosciol-imielnica\/\" class=\"elementor-button-link elementor-button elementor-size-sm\" role=\"button\">\n\t\t\t\t\t\t<span class=\"elementor-button-content-wrapper\">\n\t\t\t\t\t\t<span class=\"elementor-button-icon elementor-align-icon-left\">\n\t\t\t\t<i aria-hidden=\"true\" class=\"far fa-caret-square-right\"><\/i>\t\t\t<\/span>\n\t\t\t\t\t\t<span class=\"elementor-button-text\">Next<\/span>\n\t\t<\/span>\n\t\t\t\t\t<\/a>\n\t\t<\/div>\n\t\t\t\t<\/div>\n\t\t\t\t<\/div>\n\t\t\t\t\t\t<\/div>\n\t\t\t\t\t<\/div>\n\t\t<\/div>\n\t\t\t\t\t\t\t\t<\/div>\n\t\t\t\t\t<\/div>\n\t\t<\/section>\n\t\t\t\t<section class=\"elementor-section elementor-top-section elementor-element elementor-element-f423449 elementor-section-boxed elementor-section-height-default elementor-section-height-default\" data-id=\"f423449\" data-element_type=\"section\">\n\t\t\t\t\t\t<div class=\"elementor-container elementor-column-gap-default\">\n\t\t\t\t\t\t\t<div class=\"elementor-row\">\n\t\t\t\t\t<div class=\"elementor-column elementor-col-50 elementor-top-column elementor-element elementor-element-c8adcb9\" data-id=\"c8adcb9\" data-element_type=\"column\">\n\t\t\t<div class=\"elementor-column-wrap elementor-element-populated\">\n\t\t\t\t\t\t\t<div class=\"elementor-widget-wrap\">\n\t\t\t\t\t\t<div class=\"elementor-element elementor-element-26d549e elementor-widget elementor-widget-text-editor\" data-id=\"26d549e\" data-element_type=\"widget\" data-widget_type=\"text-editor.default\">\n\t\t\t\t<div class=\"elementor-widget-container\">\n\t\t\t\t\t\t\t\t<div class=\"elementor-text-editor elementor-clearfix\">\n\t\t\t\t<p>\u201eREWALORYZACJA WN\u0118TRZ DAWNEGO KOMPLEKSU CYSTERSKIEGO W OWI\u0143SKACH, PLAC PRZEMYS\u0141AWA 9&#8243; POLEGAJ\u0104CA NA ZMIANIE SPOSOBU U\u017bYTKOWANIA PODDASZA, PRZEBUDOWIE ORAZ REMONCIE BUDYNK\u00d3W A I 8.<\/p><p>Kubatura budynku: 24051,44 m3<\/p><p>Powierzchnia u\u017cytkowa: 6012,86 m2<\/p><p>Rok wydania projektu: 2016<\/p><p>Zakres: Opracowanie niniejsze zawiera\u0142o nast\u0119puj\u0105ce instalacje oraz ich elementy:<\/p><ul><li>Rozdzielnice pi\u0119trowe,<\/li><li>Instalacj\u0119 o\u015bwietlenia wewn\u0119trznego<\/li><li>Instalacj\u0119 o\u015bwietlenia awaryjnego i ewakuacyjnego<\/li><li>Wewn\u0119trzne linie zasilaj\u0105ce<\/li><li>Zasilanie urz\u0105dze\u0144 wentylacji<\/li><li>Trasy kablowe dla kabli energetycznych<\/li><li>Zasilanie gwarantowane<\/li><li>Instalacj\u0119 zasilania gniazd wtykowych i urz\u0105dze\u0144 technologicznych<\/li><li>Przepusty w postaci pustych rur, przej\u015b\u0107 kablowych, drabinek\u00a0<\/li><li>kablowych, kana\u0142\u00f3w instalacyjnych<\/li><li>Instalacja ochrony od pora\u017ce\u0144<\/li><li>Instalacja ochrony przepi\u0119ciowej<\/li><li>Przeciwpo\u017carowy wy\u0142\u0105cznik pr\u0105du<\/li><li>Uszczelnienia ppo\u017c.\u00a0 \u00a0<\/li><\/ul><p>\u00a0<\/p>\t\t\t\t\t<\/div>\n\t\t\t\t\t\t<\/div>\n\t\t\t\t<\/div>\n\t\t\t\t\t\t<\/div>\n\t\t\t\t\t<\/div>\n\t\t<\/div>\n\t\t\t\t<div class=\"elementor-column elementor-col-50 elementor-top-column elementor-element elementor-element-77b8201\" data-id=\"77b8201\" data-element_type=\"column\">\n\t\t\t<div class=\"elementor-column-wrap elementor-element-populated\">\n\t\t\t\t\t\t\t<div class=\"elementor-widget-wrap\">\n\t\t\t\t\t\t<div class=\"elementor-element elementor-element-97510a2 elementor-widget elementor-widget-image\" data-id=\"97510a2\" data-element_type=\"widget\" data-widget_type=\"image.default\">\n\t\t\t\t<div class=\"elementor-widget-container\">\n\t\t\t\t\t\t\t\t<div class=\"elementor-image\">\n\t\t\t\t\t\t\t\t\t<figure class=\"wp-caption\">\n\t\t\t\t\t\t\t\t\t\t\t<a href=\"https:\/\/www.google.com\/maps\/place\/Zep%C3%B3%C5%82+poklasztorny+zgormadzenia+Cysterek\/@52.5115085,16.9725321,3a,75y,90t\/data=!3m8!1e2!3m6!1sAF1QipNteHmnCBL1rGPR1SiyO2EoeM5OdMrGHByiLb-B!2e10!3e12!6shttps:%2F%2Flh5.googleusercontent.com%2Fp%2FAF1QipNteHmnCBL1rGPR1SiyO2EoeM5OdMrGHByiLb-B%3Dw203-h114-k-no!7i4000!8i2250!4m8!1m2!2m1!1sklasztor+w+Owi%C5%84skach!3m4!1s0x0:0x753b58c8c0b24d3f!8m2!3d52.5115084!4d16.9725318#\" target=\"_blank\">\n\t\t\t\t\t\t\t<img width=\"1024\" height=\"726\" src=\"https:\/\/entelpro.pl\/wp-content\/uploads\/2019\/10\/Klasztor_owinska-1024x726.png\" class=\"attachment-large size-large\" alt=\"\" loading=\"lazy\" srcset=\"https:\/\/entelpro.pl\/wp-content\/uploads\/2019\/10\/Klasztor_owinska-1024x726.png 1024w, https:\/\/entelpro.pl\/wp-content\/uploads\/2019\/10\/Klasztor_owinska-300x213.png 300w, https:\/\/entelpro.pl\/wp-content\/uploads\/2019\/10\/Klasztor_owinska-768x545.png 768w, https:\/\/entelpro.pl\/wp-content\/uploads\/2019\/10\/Klasztor_owinska.png 1187w\" sizes=\"(max-width: 1024px) 100vw, 1024px\" \/>\t\t\t\t\t\t\t\t<\/a>\n\t\t\t\t\t\t\t\t\t\t\t<figcaption class=\"widget-image-caption wp-caption-text\">https:\/\/www.google.com\/maps\/place\/Zep%C3%B3%C5%82+poklasztorny+zgormadzenia+Cysterek<\/figcaption>\n\t\t\t\t\t\t\t\t\t\t<\/figure>\n\t\t\t\t\t\t\t\t<\/div>\n\t\t\t\t\t\t<\/div>\n\t\t\t\t<\/div>\n\t\t\t\t<div class=\"elementor-element elementor-element-76d9d52 elementor-widget elementor-widget-image\" data-id=\"76d9d52\" data-element_type=\"widget\" data-widget_type=\"image.default\">\n\t\t\t\t<div class=\"elementor-widget-container\">\n\t\t\t\t\t\t\t\t<div class=\"elementor-image\">\n\t\t\t\t\t\t\t\t\t<figure class=\"wp-caption\">\n\t\t\t\t\t\t\t\t\t\t\t<a href=\"https:\/\/www.google.com\/maps\/place\/Zep%C3%B3%C5%82+poklasztorny+zgormadzenia+Cysterek\/@52.5115085,16.9725321,3a,75y,90t\/data=!3m8!1e2!3m6!1sAF1QipN46LwzlxZ-bBElUlLQ6sMVkgoZExS0ph59H156!2e10!3e12!6shttps:%2F%2Flh5.googleusercontent.com%2Fp%2FAF1QipN46LwzlxZ-bBElUlLQ6sMVkgoZExS0ph59H156%3Dw205-h100-k-no!7i4032!8i1960!4m8!1m2!2m1!1sklasztor+w+Owi%C5%84skach!3m4!1s0x0:0x753b58c8c0b24d3f!8m2!3d52.5115084!4d16.9725318#\" target=\"_blank\">\n\t\t\t\t\t\t\t<img src=\"https:\/\/entelpro.pl\/wp-content\/uploads\/2019\/10\/Klasztor_owinska_2.png\" title=\"Klasztor_owinska_2\" alt=\"Klasztor_owinska_2\" \/>\t\t\t\t\t\t\t\t<\/a>\n\t\t\t\t\t\t\t\t\t\t\t<figcaption class=\"widget-image-caption wp-caption-text\">https:\/\/www.google.com\/maps\/place\/Zep%C3%B3%C5%82+poklasztorny+zgormadzenia+Cysterek<\/figcaption>\n\t\t\t\t\t\t\t\t\t\t<\/figure>\n\t\t\t\t\t\t\t\t<\/div>\n\t\t\t\t\t\t<\/div>\n\t\t\t\t<\/div>\n\t\t\t\t<div class=\"elementor-element elementor-element-6367d09 elementor-widget elementor-widget-image\" data-id=\"6367d09\" data-element_type=\"widget\" data-widget_type=\"image.default\">\n\t\t\t\t<div class=\"elementor-widget-container\">\n\t\t\t\t\t\t\t\t<div class=\"elementor-image\">\n\t\t\t\t\t\t\t\t\t<figure class=\"wp-caption\">\n\t\t\t\t\t\t\t\t\t\t\t<a href=\"https:\/\/www.google.com\/maps\/place\/Zep%C3%B3%C5%82+poklasztorny+zgormadzenia+Cysterek\/@52.5115085,16.9725321,3a,75y,90t\/data=!3m8!1e2!3m6!1sAF1QipNzlnHecykHpbot0yR5U0UXiRO4pU5x-XyXN8OG!2e10!3e12!6shttps:%2F%2Flh5.googleusercontent.com%2Fp%2FAF1QipNzlnHecykHpbot0yR5U0UXiRO4pU5x-XyXN8OG%3Dw128-h86-k-no!7i3000!8i2002!4m8!1m2!2m1!1sklasztor+w+Owi%C5%84skach!3m4!1s0x0:0x753b58c8c0b24d3f!8m2!3d52.5115084!4d16.9725318#\" target=\"_blank\">\n\t\t\t\t\t\t\t<img width=\"1024\" height=\"632\" src=\"https:\/\/entelpro.pl\/wp-content\/uploads\/2019\/10\/Klasztor_owinska_3-1024x632.png\" class=\"attachment-large size-large\" alt=\"\" loading=\"lazy\" srcset=\"https:\/\/entelpro.pl\/wp-content\/uploads\/2019\/10\/Klasztor_owinska_3-1024x632.png 1024w, https:\/\/entelpro.pl\/wp-content\/uploads\/2019\/10\/Klasztor_owinska_3-300x185.png 300w, https:\/\/entelpro.pl\/wp-content\/uploads\/2019\/10\/Klasztor_owinska_3-768x474.png 768w, https:\/\/entelpro.pl\/wp-content\/uploads\/2019\/10\/Klasztor_owinska_3.png 1349w\" sizes=\"(max-width: 1024px) 100vw, 1024px\" \/>\t\t\t\t\t\t\t\t<\/a>\n\t\t\t\t\t\t\t\t\t\t\t<figcaption class=\"widget-image-caption wp-caption-text\">https:\/\/www.google.com\/maps\/place\/Zep%C3%B3%C5%82+poklasztorny+zgormadzenia+Cysterek<\/figcaption>\n\t\t\t\t\t\t\t\t\t\t<\/figure>\n\t\t\t\t\t\t\t\t<\/div>\n\t\t\t\t\t\t<\/div>\n\t\t\t\t<\/div>\n\t\t\t\t\t\t<\/div>\n\t\t\t\t\t<\/div>\n\t\t<\/div>\n\t\t\t\t\t\t\t\t<\/div>\n\t\t\t\t\t<\/div>\n\t\t<\/section>\n\t\t\t\t\t\t<\/div>\n\t\t\t\t\t\t<\/div>\n\t\t\t\t\t<\/div>\n\t\t","protected":false},"excerpt":{"rendered":"<p>Back Previous Next \u201eREWALORYZACJA WN\u0118TRZ DAWNEGO KOMPLEKSU CYSTERSKIEGO W OWI\u0143SKACH, PLAC PRZEMYS\u0141AWA 9&#8243; POLEGAJ\u0104CA NA ZMIANIE SPOSOBU U\u017bYTKOWANIA PODDASZA, PRZEBUDOWIE ORAZ REMONCIE BUDYNK\u00d3W A I 8. Kubatura budynku: 24051,44 m3 Powierzchnia u\u017cytkowa: 6012,86 m2 Rok wydania projektu: 2016 Zakres: Opracowanie niniejsze zawiera\u0142o nast\u0119puj\u0105ce instalacje oraz ich elementy: Rozdzielnice pi\u0119trowe, Instalacj\u0119 o\u015bwietlenia wewn\u0119trznego Instalacj\u0119 o\u015bwietlenia awaryjnego<br \/><a class=\"moretag\" href=\"https:\/\/entelpro.pl\/index.php\/klasztor-w-owinskach\/\">+ Read More<\/a><\/p>\n","protected":false},"author":1,"featured_media":0,"parent":0,"menu_order":0,"comment_status":"closed","ping_status":"closed","template":"","meta":[],"_links":{"self":[{"href":"https:\/\/entelpro.pl\/index.php\/wp-json\/wp\/v2\/pages\/273"}],"collection":[{"href":"https:\/\/entelpro.pl\/index.php\/wp-json\/wp\/v2\/pages"}],"about":[{"href":"https:\/\/entelpro.pl\/index.php\/wp-json\/wp\/v2\/types\/page"}],"author":[{"embeddable":true,"href":"https:\/\/entelpro.pl\/index.php\/wp-json\/wp\/v2\/users\/1"}],"replies":[{"embeddable":true,"href":"https:\/\/entelpro.pl\/index.php\/wp-json\/wp\/v2\/comments?post=273"}],"version-history":[{"count":17,"href":"https:\/\/entelpro.pl\/index.php\/wp-json\/wp\/v2\/pages\/273\/revisions"}],"predecessor-version":[{"id":1289,"href":"https:\/\/entelpro.pl\/index.php\/wp-json\/wp\/v2\/pages\/273\/revisions\/1289"}],"wp:attachment":[{"href":"https:\/\/entelpro.pl\/index.php\/wp-json\/wp\/v2\/media?parent=273"}],"curies":[{"name":"wp","href":"https:\/\/api.w.org\/{rel}","templated":true}]}}