{"id":412,"date":"2019-10-01T13:32:50","date_gmt":"2019-10-01T11:32:50","guid":{"rendered":"http:\/\/wordpress1976502.home.pl\/autoinstalator\/wordpressplus\/?page_id=412"},"modified":"2019-12-18T12:14:27","modified_gmt":"2019-12-18T11:14:27","slug":"blizniak-ul-nagietkowa-w-luboniu","status":"publish","type":"page","link":"https:\/\/entelpro.pl\/index.php\/blizniak-ul-nagietkowa-w-luboniu\/","title":{"rendered":"Bli\u017aniak ul. Nagietkowa w Luboniu"},"content":{"rendered":"\t\t<div data-elementor-type=\"wp-page\" data-elementor-id=\"412\" class=\"elementor elementor-412\" data-elementor-settings=\"[]\">\n\t\t\t\t\t\t<div class=\"elementor-inner\">\n\t\t\t\t\t\t\t<div class=\"elementor-section-wrap\">\n\t\t\t\t\t\t\t<section class=\"elementor-section elementor-top-section elementor-element elementor-element-050f6be elementor-section-boxed elementor-section-height-default elementor-section-height-default\" data-id=\"050f6be\" data-element_type=\"section\">\n\t\t\t\t\t\t<div class=\"elementor-container elementor-column-gap-default\">\n\t\t\t\t\t\t\t<div class=\"elementor-row\">\n\t\t\t\t\t<div class=\"elementor-column elementor-col-25 elementor-top-column elementor-element elementor-element-12c34f6\" data-id=\"12c34f6\" data-element_type=\"column\">\n\t\t\t<div class=\"elementor-column-wrap elementor-element-populated\">\n\t\t\t\t\t\t\t<div class=\"elementor-widget-wrap\">\n\t\t\t\t\t\t<div class=\"elementor-element elementor-element-e433e5e elementor-button-info elementor-widget elementor-widget-button\" data-id=\"e433e5e\" data-element_type=\"widget\" data-widget_type=\"button.default\">\n\t\t\t\t<div class=\"elementor-widget-container\">\n\t\t\t\t\t<div class=\"elementor-button-wrapper\">\n\t\t\t<a href=\"http:\/\/entelpro.pl\/index.php\/realizacje\/\" class=\"elementor-button-link elementor-button elementor-size-sm\" role=\"button\">\n\t\t\t\t\t\t<span class=\"elementor-button-content-wrapper\">\n\t\t\t\t\t\t<span class=\"elementor-button-icon elementor-align-icon-left\">\n\t\t\t\t<i aria-hidden=\"true\" class=\"far fa-caret-square-up\"><\/i>\t\t\t<\/span>\n\t\t\t\t\t\t<span class=\"elementor-button-text\">Back<\/span>\n\t\t<\/span>\n\t\t\t\t\t<\/a>\n\t\t<\/div>\n\t\t\t\t<\/div>\n\t\t\t\t<\/div>\n\t\t\t\t\t\t<\/div>\n\t\t\t\t\t<\/div>\n\t\t<\/div>\n\t\t\t\t<div class=\"elementor-column elementor-col-25 elementor-top-column elementor-element elementor-element-adbc2eb\" data-id=\"adbc2eb\" data-element_type=\"column\">\n\t\t\t<div class=\"elementor-column-wrap\">\n\t\t\t\t\t\t\t<div class=\"elementor-widget-wrap\">\n\t\t\t\t\t\t\t\t<\/div>\n\t\t\t\t\t<\/div>\n\t\t<\/div>\n\t\t\t\t<div class=\"elementor-column elementor-col-25 elementor-top-column elementor-element elementor-element-3e1fb0e\" data-id=\"3e1fb0e\" data-element_type=\"column\">\n\t\t\t<div class=\"elementor-column-wrap elementor-element-populated\">\n\t\t\t\t\t\t\t<div class=\"elementor-widget-wrap\">\n\t\t\t\t\t\t<div class=\"elementor-element elementor-element-b37c604 elementor-button-info elementor-align-left elementor-widget-mobile__width-initial elementor-widget elementor-widget-button\" data-id=\"b37c604\" data-element_type=\"widget\" data-widget_type=\"button.default\">\n\t\t\t\t<div class=\"elementor-widget-container\">\n\t\t\t\t\t<div class=\"elementor-button-wrapper\">\n\t\t\t<a href=\"http:\/\/entelpro.pl\/index.php\/iii-lo-w-poznaniu\/\" class=\"elementor-button-link elementor-button elementor-size-sm\" role=\"button\">\n\t\t\t\t\t\t<span class=\"elementor-button-content-wrapper\">\n\t\t\t\t\t\t<span class=\"elementor-button-icon elementor-align-icon-left\">\n\t\t\t\t<i aria-hidden=\"true\" class=\"far fa-caret-square-left\"><\/i>\t\t\t<\/span>\n\t\t\t\t\t\t<span class=\"elementor-button-text\">Previous<\/span>\n\t\t<\/span>\n\t\t\t\t\t<\/a>\n\t\t<\/div>\n\t\t\t\t<\/div>\n\t\t\t\t<\/div>\n\t\t\t\t\t\t<\/div>\n\t\t\t\t\t<\/div>\n\t\t<\/div>\n\t\t\t\t<div class=\"elementor-column elementor-col-25 elementor-top-column elementor-element elementor-element-ab9dbe4\" data-id=\"ab9dbe4\" data-element_type=\"column\">\n\t\t\t<div class=\"elementor-column-wrap elementor-element-populated\">\n\t\t\t\t\t\t\t<div class=\"elementor-widget-wrap\">\n\t\t\t\t\t\t<div class=\"elementor-element elementor-element-c2b92fb elementor-button-info elementor-align-right elementor-widget-mobile__width-initial elementor-absolute elementor-widget elementor-widget-button\" data-id=\"c2b92fb\" data-element_type=\"widget\" data-settings=\"{&quot;_position&quot;:&quot;absolute&quot;}\" data-widget_type=\"button.default\">\n\t\t\t\t<div class=\"elementor-widget-container\">\n\t\t\t\t\t<div class=\"elementor-button-wrapper\">\n\t\t\t<a href=\"http:\/\/entelpro.pl\/index.php\/przedszkole-wiry\/\" class=\"elementor-button-link elementor-button elementor-size-sm\" role=\"button\">\n\t\t\t\t\t\t<span class=\"elementor-button-content-wrapper\">\n\t\t\t\t\t\t<span class=\"elementor-button-icon elementor-align-icon-left\">\n\t\t\t\t<i aria-hidden=\"true\" class=\"far fa-caret-square-right\"><\/i>\t\t\t<\/span>\n\t\t\t\t\t\t<span class=\"elementor-button-text\">Next<\/span>\n\t\t<\/span>\n\t\t\t\t\t<\/a>\n\t\t<\/div>\n\t\t\t\t<\/div>\n\t\t\t\t<\/div>\n\t\t\t\t\t\t<\/div>\n\t\t\t\t\t<\/div>\n\t\t<\/div>\n\t\t\t\t\t\t\t\t<\/div>\n\t\t\t\t\t<\/div>\n\t\t<\/section>\n\t\t\t\t<section class=\"elementor-section elementor-top-section elementor-element elementor-element-e7603f9 elementor-section-boxed elementor-section-height-default elementor-section-height-default\" data-id=\"e7603f9\" data-element_type=\"section\">\n\t\t\t\t\t\t<div class=\"elementor-container elementor-column-gap-default\">\n\t\t\t\t\t\t\t<div class=\"elementor-row\">\n\t\t\t\t\t<div class=\"elementor-column elementor-col-50 elementor-top-column elementor-element elementor-element-342d9df\" data-id=\"342d9df\" data-element_type=\"column\">\n\t\t\t<div class=\"elementor-column-wrap elementor-element-populated\">\n\t\t\t\t\t\t\t<div class=\"elementor-widget-wrap\">\n\t\t\t\t\t\t<div class=\"elementor-element elementor-element-870d33f elementor-widget elementor-widget-text-editor\" data-id=\"870d33f\" data-element_type=\"widget\" data-widget_type=\"text-editor.default\">\n\t\t\t\t<div class=\"elementor-widget-container\">\n\t\t\t\t\t\t\t\t<div class=\"elementor-text-editor elementor-clearfix\">\n\t\t\t\t<p>PROJEKT BUDOWLANY DW\u00d3CH BUDYNK\u00d3W JEDNORODZINNYCH W ZABUDOWIE BLI\u0179NIACZEJ UL. POLNA 42 W LUBONIU<\/p><p>Kubatura budynku: 2203,44 m3<\/p><p>Powierzchnia u\u017cytkowa: 550,86 m2<\/p><p>Rok wydania projektu: 2012<\/p><p>Zakres:\u00a0Opracowanie niniejsze zawiera\u0142o nast\u0119puj\u0105ce instalacje oraz ich elementy:<\/p><ul><li>Instalacj\u0119 uziemienia i po\u0142\u0105cze\u0144 wyr\u00f3wnawczych<\/li><li>Zasilanie budynku<\/li><li>Instalacj\u0119 o\u015bwietlenia wewn\u0119trznego<\/li><li>Wewn\u0119trzne linie zasilaj\u0105ce<\/li><li>Instalacj\u0119 zasilania gniazd wtykowych i urz\u0105dze\u0144 technologicznych<\/li><li>Instalacja ochrony od pora\u017ce\u0144<\/li><li>Instalacja ochrony przepi\u0119ciowej<\/li><li>Przeciwpo\u017carowy wy\u0142\u0105cznik pr\u0105du<\/li><li>Instalacja odgromowa<\/li><\/ul>\t\t\t\t\t<\/div>\n\t\t\t\t\t\t<\/div>\n\t\t\t\t<\/div>\n\t\t\t\t\t\t<\/div>\n\t\t\t\t\t<\/div>\n\t\t<\/div>\n\t\t\t\t<div class=\"elementor-column elementor-col-50 elementor-top-column elementor-element elementor-element-1fc43b3\" data-id=\"1fc43b3\" data-element_type=\"column\">\n\t\t\t<div class=\"elementor-column-wrap elementor-element-populated\">\n\t\t\t\t\t\t\t<div class=\"elementor-widget-wrap\">\n\t\t\t\t\t\t<div class=\"elementor-element elementor-element-a80e58a elementor-widget elementor-widget-image\" data-id=\"a80e58a\" data-element_type=\"widget\" data-widget_type=\"image.default\">\n\t\t\t\t<div class=\"elementor-widget-container\">\n\t\t\t\t\t\t\t\t<div class=\"elementor-image\">\n\t\t\t\t\t\t\t\t\t\t\t\t<img width=\"1024\" height=\"654\" src=\"https:\/\/entelpro.pl\/wp-content\/uploads\/2019\/10\/2019.09.24-9648-1024x654.jpg\" class=\"attachment-large size-large\" alt=\"\" loading=\"lazy\" srcset=\"https:\/\/entelpro.pl\/wp-content\/uploads\/2019\/10\/2019.09.24-9648-1024x654.jpg 1024w, https:\/\/entelpro.pl\/wp-content\/uploads\/2019\/10\/2019.09.24-9648-300x192.jpg 300w, https:\/\/entelpro.pl\/wp-content\/uploads\/2019\/10\/2019.09.24-9648-768x491.jpg 768w\" sizes=\"(max-width: 1024px) 100vw, 1024px\" \/>\t\t\t\t\t\t\t\t\t\t\t\t\t\t<\/div>\n\t\t\t\t\t\t<\/div>\n\t\t\t\t<\/div>\n\t\t\t\t<div class=\"elementor-element elementor-element-0c2b38d elementor-widget elementor-widget-image\" data-id=\"0c2b38d\" data-element_type=\"widget\" data-widget_type=\"image.default\">\n\t\t\t\t<div class=\"elementor-widget-container\">\n\t\t\t\t\t\t\t\t<div class=\"elementor-image\">\n\t\t\t\t\t\t\t\t\t\t\t\t<img width=\"1024\" height=\"660\" src=\"https:\/\/entelpro.pl\/wp-content\/uploads\/2019\/10\/2019.09.24-9650-1024x660.jpg\" class=\"attachment-large size-large\" alt=\"\" loading=\"lazy\" srcset=\"https:\/\/entelpro.pl\/wp-content\/uploads\/2019\/10\/2019.09.24-9650-1024x660.jpg 1024w, https:\/\/entelpro.pl\/wp-content\/uploads\/2019\/10\/2019.09.24-9650-300x193.jpg 300w, https:\/\/entelpro.pl\/wp-content\/uploads\/2019\/10\/2019.09.24-9650-768x495.jpg 768w\" sizes=\"(max-width: 1024px) 100vw, 1024px\" \/>\t\t\t\t\t\t\t\t\t\t\t\t\t\t<\/div>\n\t\t\t\t\t\t<\/div>\n\t\t\t\t<\/div>\n\t\t\t\t\t\t<\/div>\n\t\t\t\t\t<\/div>\n\t\t<\/div>\n\t\t\t\t\t\t\t\t<\/div>\n\t\t\t\t\t<\/div>\n\t\t<\/section>\n\t\t\t\t\t\t<\/div>\n\t\t\t\t\t\t<\/div>\n\t\t\t\t\t<\/div>\n\t\t","protected":false},"excerpt":{"rendered":"<p>Back Previous Next PROJEKT BUDOWLANY DW\u00d3CH BUDYNK\u00d3W JEDNORODZINNYCH W ZABUDOWIE BLI\u0179NIACZEJ UL. POLNA 42 W LUBONIU Kubatura budynku: 2203,44 m3 Powierzchnia u\u017cytkowa: 550,86 m2 Rok wydania projektu: 2012 Zakres:\u00a0Opracowanie niniejsze zawiera\u0142o nast\u0119puj\u0105ce instalacje oraz ich elementy: Instalacj\u0119 uziemienia i po\u0142\u0105cze\u0144 wyr\u00f3wnawczych Zasilanie budynku Instalacj\u0119 o\u015bwietlenia wewn\u0119trznego Wewn\u0119trzne linie zasilaj\u0105ce Instalacj\u0119 zasilania gniazd wtykowych i urz\u0105dze\u0144<br \/><a class=\"moretag\" href=\"https:\/\/entelpro.pl\/index.php\/blizniak-ul-nagietkowa-w-luboniu\/\">+ Read More<\/a><\/p>\n","protected":false},"author":1,"featured_media":0,"parent":0,"menu_order":0,"comment_status":"closed","ping_status":"closed","template":"","meta":[],"_links":{"self":[{"href":"https:\/\/entelpro.pl\/index.php\/wp-json\/wp\/v2\/pages\/412"}],"collection":[{"href":"https:\/\/entelpro.pl\/index.php\/wp-json\/wp\/v2\/pages"}],"about":[{"href":"https:\/\/entelpro.pl\/index.php\/wp-json\/wp\/v2\/types\/page"}],"author":[{"embeddable":true,"href":"https:\/\/entelpro.pl\/index.php\/wp-json\/wp\/v2\/users\/1"}],"replies":[{"embeddable":true,"href":"https:\/\/entelpro.pl\/index.php\/wp-json\/wp\/v2\/comments?post=412"}],"version-history":[{"count":16,"href":"https:\/\/entelpro.pl\/index.php\/wp-json\/wp\/v2\/pages\/412\/revisions"}],"predecessor-version":[{"id":1314,"href":"https:\/\/entelpro.pl\/index.php\/wp-json\/wp\/v2\/pages\/412\/revisions\/1314"}],"wp:attachment":[{"href":"https:\/\/entelpro.pl\/index.php\/wp-json\/wp\/v2\/media?parent=412"}],"curies":[{"name":"wp","href":"https:\/\/api.w.org\/{rel}","templated":true}]}}