{"id":422,"date":"2019-10-01T13:50:17","date_gmt":"2019-10-01T11:50:17","guid":{"rendered":"http:\/\/wordpress1976502.home.pl\/autoinstalator\/wordpressplus\/?page_id=422"},"modified":"2019-12-18T12:15:02","modified_gmt":"2019-12-18T11:15:02","slug":"przedszkole-wiry","status":"publish","type":"page","link":"https:\/\/entelpro.pl\/index.php\/przedszkole-wiry\/","title":{"rendered":"Przedszkole Wiry"},"content":{"rendered":"\t\t<div data-elementor-type=\"wp-page\" data-elementor-id=\"422\" class=\"elementor elementor-422\" data-elementor-settings=\"[]\">\n\t\t\t\t\t\t<div class=\"elementor-inner\">\n\t\t\t\t\t\t\t<div class=\"elementor-section-wrap\">\n\t\t\t\t\t\t\t<section class=\"elementor-section elementor-top-section elementor-element elementor-element-4b1d3bf elementor-section-boxed elementor-section-height-default elementor-section-height-default\" data-id=\"4b1d3bf\" data-element_type=\"section\">\n\t\t\t\t\t\t<div class=\"elementor-container elementor-column-gap-default\">\n\t\t\t\t\t\t\t<div class=\"elementor-row\">\n\t\t\t\t\t<div class=\"elementor-column elementor-col-25 elementor-top-column elementor-element elementor-element-3eb8a53\" data-id=\"3eb8a53\" data-element_type=\"column\">\n\t\t\t<div class=\"elementor-column-wrap elementor-element-populated\">\n\t\t\t\t\t\t\t<div class=\"elementor-widget-wrap\">\n\t\t\t\t\t\t<div class=\"elementor-element elementor-element-e946533 elementor-button-info elementor-widget elementor-widget-button\" data-id=\"e946533\" data-element_type=\"widget\" data-widget_type=\"button.default\">\n\t\t\t\t<div class=\"elementor-widget-container\">\n\t\t\t\t\t<div class=\"elementor-button-wrapper\">\n\t\t\t<a href=\"http:\/\/entelpro.pl\/index.php\/realizacje\/\" class=\"elementor-button-link elementor-button elementor-size-sm\" role=\"button\">\n\t\t\t\t\t\t<span class=\"elementor-button-content-wrapper\">\n\t\t\t\t\t\t<span class=\"elementor-button-icon elementor-align-icon-left\">\n\t\t\t\t<i aria-hidden=\"true\" class=\"far fa-caret-square-up\"><\/i>\t\t\t<\/span>\n\t\t\t\t\t\t<span class=\"elementor-button-text\">Back<\/span>\n\t\t<\/span>\n\t\t\t\t\t<\/a>\n\t\t<\/div>\n\t\t\t\t<\/div>\n\t\t\t\t<\/div>\n\t\t\t\t\t\t<\/div>\n\t\t\t\t\t<\/div>\n\t\t<\/div>\n\t\t\t\t<div class=\"elementor-column elementor-col-25 elementor-top-column elementor-element elementor-element-f34d9c4\" data-id=\"f34d9c4\" data-element_type=\"column\">\n\t\t\t<div class=\"elementor-column-wrap\">\n\t\t\t\t\t\t\t<div class=\"elementor-widget-wrap\">\n\t\t\t\t\t\t\t\t<\/div>\n\t\t\t\t\t<\/div>\n\t\t<\/div>\n\t\t\t\t<div class=\"elementor-column elementor-col-25 elementor-top-column elementor-element elementor-element-98dd950\" data-id=\"98dd950\" data-element_type=\"column\">\n\t\t\t<div class=\"elementor-column-wrap elementor-element-populated\">\n\t\t\t\t\t\t\t<div class=\"elementor-widget-wrap\">\n\t\t\t\t\t\t<div class=\"elementor-element elementor-element-521fb07 elementor-button-info elementor-align-left elementor-widget-mobile__width-initial elementor-widget elementor-widget-button\" data-id=\"521fb07\" data-element_type=\"widget\" data-widget_type=\"button.default\">\n\t\t\t\t<div class=\"elementor-widget-container\">\n\t\t\t\t\t<div class=\"elementor-button-wrapper\">\n\t\t\t<a href=\"http:\/\/entelpro.pl\/index.php\/blizniak-ul-nagietkowa-w-luboniu\/\" class=\"elementor-button-link elementor-button elementor-size-sm\" role=\"button\">\n\t\t\t\t\t\t<span class=\"elementor-button-content-wrapper\">\n\t\t\t\t\t\t<span class=\"elementor-button-icon elementor-align-icon-left\">\n\t\t\t\t<i aria-hidden=\"true\" class=\"far fa-caret-square-left\"><\/i>\t\t\t<\/span>\n\t\t\t\t\t\t<span class=\"elementor-button-text\">Previous<\/span>\n\t\t<\/span>\n\t\t\t\t\t<\/a>\n\t\t<\/div>\n\t\t\t\t<\/div>\n\t\t\t\t<\/div>\n\t\t\t\t\t\t<\/div>\n\t\t\t\t\t<\/div>\n\t\t<\/div>\n\t\t\t\t<div class=\"elementor-column elementor-col-25 elementor-top-column elementor-element elementor-element-60132d5\" data-id=\"60132d5\" data-element_type=\"column\">\n\t\t\t<div class=\"elementor-column-wrap elementor-element-populated\">\n\t\t\t\t\t\t\t<div class=\"elementor-widget-wrap\">\n\t\t\t\t\t\t<div class=\"elementor-element elementor-element-27ec8e2 elementor-button-info elementor-align-right elementor-widget-mobile__width-initial elementor-absolute elementor-widget elementor-widget-button\" data-id=\"27ec8e2\" data-element_type=\"widget\" data-settings=\"{&quot;_position&quot;:&quot;absolute&quot;}\" data-widget_type=\"button.default\">\n\t\t\t\t<div class=\"elementor-widget-container\">\n\t\t\t\t\t<div class=\"elementor-button-wrapper\">\n\t\t\t<a href=\"http:\/\/entelpro.pl\/index.php\/szkola-podstawowa-w-wirach\/\" class=\"elementor-button-link elementor-button elementor-size-sm\" role=\"button\">\n\t\t\t\t\t\t<span class=\"elementor-button-content-wrapper\">\n\t\t\t\t\t\t<span class=\"elementor-button-icon elementor-align-icon-left\">\n\t\t\t\t<i aria-hidden=\"true\" class=\"far fa-caret-square-right\"><\/i>\t\t\t<\/span>\n\t\t\t\t\t\t<span class=\"elementor-button-text\">Next<\/span>\n\t\t<\/span>\n\t\t\t\t\t<\/a>\n\t\t<\/div>\n\t\t\t\t<\/div>\n\t\t\t\t<\/div>\n\t\t\t\t\t\t<\/div>\n\t\t\t\t\t<\/div>\n\t\t<\/div>\n\t\t\t\t\t\t\t\t<\/div>\n\t\t\t\t\t<\/div>\n\t\t<\/section>\n\t\t\t\t<section class=\"elementor-section elementor-top-section elementor-element elementor-element-1b7f532 elementor-section-boxed elementor-section-height-default elementor-section-height-default\" data-id=\"1b7f532\" data-element_type=\"section\">\n\t\t\t\t\t\t<div class=\"elementor-container elementor-column-gap-default\">\n\t\t\t\t\t\t\t<div class=\"elementor-row\">\n\t\t\t\t\t<div class=\"elementor-column elementor-col-50 elementor-top-column elementor-element elementor-element-aac66cf\" data-id=\"aac66cf\" data-element_type=\"column\">\n\t\t\t<div class=\"elementor-column-wrap elementor-element-populated\">\n\t\t\t\t\t\t\t<div class=\"elementor-widget-wrap\">\n\t\t\t\t\t\t<div class=\"elementor-element elementor-element-345d5c1 elementor-widget elementor-widget-image\" data-id=\"345d5c1\" data-element_type=\"widget\" data-widget_type=\"image.default\">\n\t\t\t\t<div class=\"elementor-widget-container\">\n\t\t\t\t\t\t\t\t<div class=\"elementor-image\">\n\t\t\t\t\t\t\t\t\t<figure class=\"wp-caption\">\n\t\t\t\t\t\t\t\t\t\t\t<a href=\"https:\/\/www.google.com\/maps\/place\/Przedszkole+publiczne%2Fsamorz%C4%85dowe+%22Weso%C5%82a+Kraina%22+w+Wirach\/@52.3173727,16.8485175,3a,75y,90t\/data=!3m8!1e2!3m6!1sAF1QipOdIXHufHzMddewti4GisVOP7jwKSfsMfxOO7zK!2e10!3e12!6shttps:%2F%2Flh5.googleusercontent.com%2Fp%2FAF1QipOdIXHufHzMddewti4GisVOP7jwKSfsMfxOO7zK%3Dw203-h203-k-no!7i1000!8i1000!4m13!1m7!3m6!1s0x47044fd661760ead:0x4f70da4ff609b809!2sSzreniawska+4,+62-051+Wiry!3b1!8m2!3d52.317702!4d16.848515!3m4!1s0x47044fd15b97711f:0x546950c18ceed52f!8m2!3d52.3175559!4d16.8485621#\" target=\"_blank\">\n\t\t\t\t\t\t\t<img width=\"1002\" height=\"679\" src=\"https:\/\/entelpro.pl\/wp-content\/uploads\/2019\/10\/przedszkole-Wiry.png\" class=\"attachment-large size-large\" alt=\"\" loading=\"lazy\" srcset=\"https:\/\/entelpro.pl\/wp-content\/uploads\/2019\/10\/przedszkole-Wiry.png 1002w, https:\/\/entelpro.pl\/wp-content\/uploads\/2019\/10\/przedszkole-Wiry-300x203.png 300w, https:\/\/entelpro.pl\/wp-content\/uploads\/2019\/10\/przedszkole-Wiry-768x520.png 768w, https:\/\/entelpro.pl\/wp-content\/uploads\/2019\/10\/przedszkole-Wiry-400x270.png 400w\" sizes=\"(max-width: 1002px) 100vw, 1002px\" \/>\t\t\t\t\t\t\t\t<\/a>\n\t\t\t\t\t\t\t\t\t\t\t<figcaption class=\"widget-image-caption wp-caption-text\">https:\/\/www.google.com\/maps\/place\/Przedszkole+publiczne<\/figcaption>\n\t\t\t\t\t\t\t\t\t\t<\/figure>\n\t\t\t\t\t\t\t\t<\/div>\n\t\t\t\t\t\t<\/div>\n\t\t\t\t<\/div>\n\t\t\t\t<div class=\"elementor-element elementor-element-15442be elementor-widget elementor-widget-image\" data-id=\"15442be\" data-element_type=\"widget\" data-widget_type=\"image.default\">\n\t\t\t\t<div class=\"elementor-widget-container\">\n\t\t\t\t\t\t\t\t<div class=\"elementor-image\">\n\t\t\t\t\t\t\t\t\t\t\t\t<img width=\"1024\" height=\"683\" src=\"https:\/\/entelpro.pl\/wp-content\/uploads\/2019\/10\/2019.09.24-9707-1024x683.jpg\" class=\"attachment-large size-large\" alt=\"\" loading=\"lazy\" srcset=\"https:\/\/entelpro.pl\/wp-content\/uploads\/2019\/10\/2019.09.24-9707-1024x683.jpg 1024w, https:\/\/entelpro.pl\/wp-content\/uploads\/2019\/10\/2019.09.24-9707-300x200.jpg 300w, https:\/\/entelpro.pl\/wp-content\/uploads\/2019\/10\/2019.09.24-9707-768x512.jpg 768w\" sizes=\"(max-width: 1024px) 100vw, 1024px\" \/>\t\t\t\t\t\t\t\t\t\t\t\t\t\t<\/div>\n\t\t\t\t\t\t<\/div>\n\t\t\t\t<\/div>\n\t\t\t\t\t\t<\/div>\n\t\t\t\t\t<\/div>\n\t\t<\/div>\n\t\t\t\t<div class=\"elementor-column elementor-col-50 elementor-top-column elementor-element elementor-element-23439cb\" data-id=\"23439cb\" data-element_type=\"column\">\n\t\t\t<div class=\"elementor-column-wrap elementor-element-populated\">\n\t\t\t\t\t\t\t<div class=\"elementor-widget-wrap\">\n\t\t\t\t\t\t<div class=\"elementor-element elementor-element-d3329cb elementor-widget elementor-widget-text-editor\" data-id=\"d3329cb\" data-element_type=\"widget\" data-widget_type=\"text-editor.default\">\n\t\t\t\t<div class=\"elementor-widget-container\">\n\t\t\t\t\t\t\t\t<div class=\"elementor-text-editor elementor-clearfix\">\n\t\t\t\t<p>REMONT INSTALACJI ELEKTRYCZNYCH WEWN\u0118TRZNYCH I ROBOTY BUDOWLANE PRZEDSZKOLA W WIRACH<\/p><p>Kubatura budynku: 1607,6 m3<\/p><p>Powierzchnia u\u017cytkowa: 401,9 m2<\/p><p>Rok wydania projektu: 2014<\/p><p>Zakres:\u00a0Opracowanie niniejsze zawiera\u0142o nast\u0119puj\u0105ce instalacje oraz ich elementy:<\/p><ul><li>Przebudow\u0119 rozdzielni g\u0142\u00f3wnej RG,<\/li><li>Rozdzielni\u0119 obiektow\u0105 T-2,<\/li><li>Instalacj\u0119 o\u015bwietlenia wewn\u0119trznego<\/li><li>System o\u015bwietlenia awaryjnego<\/li><li>Wewn\u0119trzne linie zasilaj\u0105ce<\/li><li>Instalacj\u0119 zasilania gniazd wtykowych i urz\u0105dze\u0144 technologicznych<\/li><li>Trasy kablowe dla kabli energetycznych<\/li><li>Instalacj\u0119 po\u0142\u0105cze\u0144 wyr\u00f3wnawczych<\/li><li>Przepusty w postaci pustych rur, przej\u015b\u0107 kablowych, drabinek kablowych, kana\u0142\u00f3w instalacyjnych<\/li><li>Instalacja ochrony od pora\u017ce\u0144<\/li><li>Instalacja ochrony przepi\u0119ciowej<\/li><li>Instalacje techniczne po\u017carowe<\/li><li>Uszczelnienia ppo\u017c.<\/li><\/ul>\t\t\t\t\t<\/div>\n\t\t\t\t\t\t<\/div>\n\t\t\t\t<\/div>\n\t\t\t\t\t\t<\/div>\n\t\t\t\t\t<\/div>\n\t\t<\/div>\n\t\t\t\t\t\t\t\t<\/div>\n\t\t\t\t\t<\/div>\n\t\t<\/section>\n\t\t\t\t\t\t<\/div>\n\t\t\t\t\t\t<\/div>\n\t\t\t\t\t<\/div>\n\t\t","protected":false},"excerpt":{"rendered":"<p>Back Previous Next https:\/\/www.google.com\/maps\/place\/Przedszkole+publiczne REMONT INSTALACJI ELEKTRYCZNYCH WEWN\u0118TRZNYCH I ROBOTY BUDOWLANE PRZEDSZKOLA W WIRACH Kubatura budynku: 1607,6 m3 Powierzchnia u\u017cytkowa: 401,9 m2 Rok wydania projektu: 2014 Zakres:\u00a0Opracowanie niniejsze zawiera\u0142o nast\u0119puj\u0105ce instalacje oraz ich elementy: Przebudow\u0119 rozdzielni g\u0142\u00f3wnej RG, Rozdzielni\u0119 obiektow\u0105 T-2, Instalacj\u0119 o\u015bwietlenia wewn\u0119trznego System o\u015bwietlenia awaryjnego Wewn\u0119trzne linie zasilaj\u0105ce Instalacj\u0119 zasilania gniazd wtykowych i<br \/><a class=\"moretag\" href=\"https:\/\/entelpro.pl\/index.php\/przedszkole-wiry\/\">+ Read More<\/a><\/p>\n","protected":false},"author":1,"featured_media":0,"parent":0,"menu_order":0,"comment_status":"closed","ping_status":"closed","template":"","meta":[],"_links":{"self":[{"href":"https:\/\/entelpro.pl\/index.php\/wp-json\/wp\/v2\/pages\/422"}],"collection":[{"href":"https:\/\/entelpro.pl\/index.php\/wp-json\/wp\/v2\/pages"}],"about":[{"href":"https:\/\/entelpro.pl\/index.php\/wp-json\/wp\/v2\/types\/page"}],"author":[{"embeddable":true,"href":"https:\/\/entelpro.pl\/index.php\/wp-json\/wp\/v2\/users\/1"}],"replies":[{"embeddable":true,"href":"https:\/\/entelpro.pl\/index.php\/wp-json\/wp\/v2\/comments?post=422"}],"version-history":[{"count":15,"href":"https:\/\/entelpro.pl\/index.php\/wp-json\/wp\/v2\/pages\/422\/revisions"}],"predecessor-version":[{"id":1315,"href":"https:\/\/entelpro.pl\/index.php\/wp-json\/wp\/v2\/pages\/422\/revisions\/1315"}],"wp:attachment":[{"href":"https:\/\/entelpro.pl\/index.php\/wp-json\/wp\/v2\/media?parent=422"}],"curies":[{"name":"wp","href":"https:\/\/api.w.org\/{rel}","templated":true}]}}