{"id":552,"date":"2019-10-03T10:25:01","date_gmt":"2019-10-03T08:25:01","guid":{"rendered":"http:\/\/wordpress1976502.home.pl\/autoinstalator\/wordpressplus\/?page_id=552"},"modified":"2019-12-18T12:12:31","modified_gmt":"2019-12-18T11:12:31","slug":"obiekt-uslugowo-handlowy-w-klodawie","status":"publish","type":"page","link":"https:\/\/entelpro.pl\/index.php\/obiekt-uslugowo-handlowy-w-klodawie\/","title":{"rendered":"Obiekt us\u0142ugowo-handlowy w K\u0142odawie"},"content":{"rendered":"\t\t<div data-elementor-type=\"wp-page\" data-elementor-id=\"552\" class=\"elementor elementor-552\" data-elementor-settings=\"[]\">\n\t\t\t\t\t\t<div class=\"elementor-inner\">\n\t\t\t\t\t\t\t<div class=\"elementor-section-wrap\">\n\t\t\t\t\t\t\t<section class=\"elementor-section elementor-top-section elementor-element elementor-element-6a247ae elementor-section-boxed elementor-section-height-default elementor-section-height-default\" data-id=\"6a247ae\" data-element_type=\"section\">\n\t\t\t\t\t\t<div class=\"elementor-container elementor-column-gap-default\">\n\t\t\t\t\t\t\t<div class=\"elementor-row\">\n\t\t\t\t\t<div class=\"elementor-column elementor-col-25 elementor-top-column elementor-element elementor-element-593a4c4\" data-id=\"593a4c4\" data-element_type=\"column\">\n\t\t\t<div class=\"elementor-column-wrap elementor-element-populated\">\n\t\t\t\t\t\t\t<div class=\"elementor-widget-wrap\">\n\t\t\t\t\t\t<div class=\"elementor-element elementor-element-f14d038 elementor-button-info elementor-widget elementor-widget-button\" data-id=\"f14d038\" data-element_type=\"widget\" data-widget_type=\"button.default\">\n\t\t\t\t<div class=\"elementor-widget-container\">\n\t\t\t\t\t<div class=\"elementor-button-wrapper\">\n\t\t\t<a href=\"http:\/\/entelpro.pl\/index.php\/realizacje\/\" class=\"elementor-button-link elementor-button elementor-size-sm\" role=\"button\">\n\t\t\t\t\t\t<span class=\"elementor-button-content-wrapper\">\n\t\t\t\t\t\t<span class=\"elementor-button-icon elementor-align-icon-left\">\n\t\t\t\t<i aria-hidden=\"true\" class=\"far fa-caret-square-up\"><\/i>\t\t\t<\/span>\n\t\t\t\t\t\t<span class=\"elementor-button-text\">Back<\/span>\n\t\t<\/span>\n\t\t\t\t\t<\/a>\n\t\t<\/div>\n\t\t\t\t<\/div>\n\t\t\t\t<\/div>\n\t\t\t\t\t\t<\/div>\n\t\t\t\t\t<\/div>\n\t\t<\/div>\n\t\t\t\t<div class=\"elementor-column elementor-col-25 elementor-top-column elementor-element elementor-element-7d84fba\" data-id=\"7d84fba\" data-element_type=\"column\">\n\t\t\t<div class=\"elementor-column-wrap\">\n\t\t\t\t\t\t\t<div class=\"elementor-widget-wrap\">\n\t\t\t\t\t\t\t\t<\/div>\n\t\t\t\t\t<\/div>\n\t\t<\/div>\n\t\t\t\t<div class=\"elementor-column elementor-col-25 elementor-top-column elementor-element elementor-element-ee9bb8c\" data-id=\"ee9bb8c\" data-element_type=\"column\">\n\t\t\t<div class=\"elementor-column-wrap elementor-element-populated\">\n\t\t\t\t\t\t\t<div class=\"elementor-widget-wrap\">\n\t\t\t\t\t\t<div class=\"elementor-element elementor-element-67252de elementor-button-info elementor-align-left elementor-widget-mobile__width-initial elementor-widget elementor-widget-button\" data-id=\"67252de\" data-element_type=\"widget\" data-widget_type=\"button.default\">\n\t\t\t\t<div class=\"elementor-widget-container\">\n\t\t\t\t\t<div class=\"elementor-button-wrapper\">\n\t\t\t<a href=\"http:\/\/entelpro.pl\/index.php\/kosciol-wolsztyn\/\" class=\"elementor-button-link elementor-button elementor-size-sm\" role=\"button\">\n\t\t\t\t\t\t<span class=\"elementor-button-content-wrapper\">\n\t\t\t\t\t\t<span class=\"elementor-button-icon elementor-align-icon-left\">\n\t\t\t\t<i aria-hidden=\"true\" class=\"far fa-caret-square-left\"><\/i>\t\t\t<\/span>\n\t\t\t\t\t\t<span class=\"elementor-button-text\">Previous<\/span>\n\t\t<\/span>\n\t\t\t\t\t<\/a>\n\t\t<\/div>\n\t\t\t\t<\/div>\n\t\t\t\t<\/div>\n\t\t\t\t\t\t<\/div>\n\t\t\t\t\t<\/div>\n\t\t<\/div>\n\t\t\t\t<div class=\"elementor-column elementor-col-25 elementor-top-column elementor-element elementor-element-3d992f6\" data-id=\"3d992f6\" data-element_type=\"column\">\n\t\t\t<div class=\"elementor-column-wrap elementor-element-populated\">\n\t\t\t\t\t\t\t<div class=\"elementor-widget-wrap\">\n\t\t\t\t\t\t<div class=\"elementor-element elementor-element-b54ae7d elementor-button-info elementor-align-right elementor-widget-mobile__width-initial elementor-absolute elementor-widget elementor-widget-button\" data-id=\"b54ae7d\" data-element_type=\"widget\" data-settings=\"{&quot;_position&quot;:&quot;absolute&quot;}\" data-widget_type=\"button.default\">\n\t\t\t\t<div class=\"elementor-widget-container\">\n\t\t\t\t\t<div class=\"elementor-button-wrapper\">\n\t\t\t<a href=\"http:\/\/entelpro.pl\/index.php\/szkola-chomecice\/\" class=\"elementor-button-link elementor-button elementor-size-sm\" role=\"button\">\n\t\t\t\t\t\t<span class=\"elementor-button-content-wrapper\">\n\t\t\t\t\t\t<span class=\"elementor-button-icon elementor-align-icon-left\">\n\t\t\t\t<i aria-hidden=\"true\" class=\"far fa-caret-square-right\"><\/i>\t\t\t<\/span>\n\t\t\t\t\t\t<span class=\"elementor-button-text\">Next<\/span>\n\t\t<\/span>\n\t\t\t\t\t<\/a>\n\t\t<\/div>\n\t\t\t\t<\/div>\n\t\t\t\t<\/div>\n\t\t\t\t\t\t<\/div>\n\t\t\t\t\t<\/div>\n\t\t<\/div>\n\t\t\t\t\t\t\t\t<\/div>\n\t\t\t\t\t<\/div>\n\t\t<\/section>\n\t\t\t\t<section class=\"elementor-section elementor-top-section elementor-element elementor-element-e108878 elementor-section-boxed elementor-section-height-default elementor-section-height-default\" data-id=\"e108878\" data-element_type=\"section\">\n\t\t\t\t\t\t<div class=\"elementor-container elementor-column-gap-default\">\n\t\t\t\t\t\t\t<div class=\"elementor-row\">\n\t\t\t\t\t<div class=\"elementor-column elementor-col-50 elementor-top-column elementor-element elementor-element-0670feb\" data-id=\"0670feb\" data-element_type=\"column\">\n\t\t\t<div class=\"elementor-column-wrap elementor-element-populated\">\n\t\t\t\t\t\t\t<div class=\"elementor-widget-wrap\">\n\t\t\t\t\t\t<div class=\"elementor-element elementor-element-03370d8 elementor-widget elementor-widget-image\" data-id=\"03370d8\" data-element_type=\"widget\" data-widget_type=\"image.default\">\n\t\t\t\t<div class=\"elementor-widget-container\">\n\t\t\t\t\t\t\t\t<div class=\"elementor-image\">\n\t\t\t\t\t\t\t\t\t<figure class=\"wp-caption\">\n\t\t\t\t\t\t\t\t\t\t\t<a href=\"https:\/\/www.herbud-poznan.pl\/\" target=\"_blank\">\n\t\t\t\t\t\t\t<img width=\"1024\" height=\"576\" src=\"https:\/\/entelpro.pl\/wp-content\/uploads\/2019\/10\/ujecie_1v8_bezpostpro-1024x576.jpg\" class=\"attachment-large size-large\" alt=\"\" loading=\"lazy\" srcset=\"https:\/\/entelpro.pl\/wp-content\/uploads\/2019\/10\/ujecie_1v8_bezpostpro-1024x576.jpg 1024w, https:\/\/entelpro.pl\/wp-content\/uploads\/2019\/10\/ujecie_1v8_bezpostpro-300x169.jpg 300w, https:\/\/entelpro.pl\/wp-content\/uploads\/2019\/10\/ujecie_1v8_bezpostpro-768x432.jpg 768w\" sizes=\"(max-width: 1024px) 100vw, 1024px\" \/>\t\t\t\t\t\t\t\t<\/a>\n\t\t\t\t\t\t\t\t\t\t\t<figcaption class=\"widget-image-caption wp-caption-text\">https:\/\/www.herbud-poznan.pl\/<\/figcaption>\n\t\t\t\t\t\t\t\t\t\t<\/figure>\n\t\t\t\t\t\t\t\t<\/div>\n\t\t\t\t\t\t<\/div>\n\t\t\t\t<\/div>\n\t\t\t\t<div class=\"elementor-element elementor-element-7dea93f elementor-widget elementor-widget-image\" data-id=\"7dea93f\" data-element_type=\"widget\" data-widget_type=\"image.default\">\n\t\t\t\t<div class=\"elementor-widget-container\">\n\t\t\t\t\t\t\t\t<div class=\"elementor-image\">\n\t\t\t\t\t\t\t\t\t<figure class=\"wp-caption\">\n\t\t\t\t\t\t\t\t\t\t\t<a href=\"https:\/\/www.herbud-poznan.pl\/\" target=\"_blank\">\n\t\t\t\t\t\t\t<img width=\"1024\" height=\"576\" src=\"https:\/\/entelpro.pl\/wp-content\/uploads\/2019\/10\/ujecie_2_bezpostpro_2-1024x576.jpg\" class=\"attachment-large size-large\" alt=\"\" loading=\"lazy\" srcset=\"https:\/\/entelpro.pl\/wp-content\/uploads\/2019\/10\/ujecie_2_bezpostpro_2-1024x576.jpg 1024w, https:\/\/entelpro.pl\/wp-content\/uploads\/2019\/10\/ujecie_2_bezpostpro_2-300x169.jpg 300w, https:\/\/entelpro.pl\/wp-content\/uploads\/2019\/10\/ujecie_2_bezpostpro_2-768x432.jpg 768w\" sizes=\"(max-width: 1024px) 100vw, 1024px\" \/>\t\t\t\t\t\t\t\t<\/a>\n\t\t\t\t\t\t\t\t\t\t\t<figcaption class=\"widget-image-caption wp-caption-text\">https:\/\/www.herbud-poznan.pl\/<\/figcaption>\n\t\t\t\t\t\t\t\t\t\t<\/figure>\n\t\t\t\t\t\t\t\t<\/div>\n\t\t\t\t\t\t<\/div>\n\t\t\t\t<\/div>\n\t\t\t\t<div class=\"elementor-element elementor-element-74c41c2 elementor-widget elementor-widget-image\" data-id=\"74c41c2\" data-element_type=\"widget\" data-widget_type=\"image.default\">\n\t\t\t\t<div class=\"elementor-widget-container\">\n\t\t\t\t\t\t\t\t<div class=\"elementor-image\">\n\t\t\t\t\t\t\t\t\t<figure class=\"wp-caption\">\n\t\t\t\t\t\t\t\t\t\t\t<a href=\"https:\/\/www.herbud-poznan.pl\/\" target=\"_blank\">\n\t\t\t\t\t\t\t<img width=\"1024\" height=\"576\" src=\"https:\/\/entelpro.pl\/wp-content\/uploads\/2019\/10\/ujecie_3v6_bezpostpro-1024x576.jpg\" class=\"attachment-large size-large\" alt=\"\" loading=\"lazy\" srcset=\"https:\/\/entelpro.pl\/wp-content\/uploads\/2019\/10\/ujecie_3v6_bezpostpro-1024x576.jpg 1024w, https:\/\/entelpro.pl\/wp-content\/uploads\/2019\/10\/ujecie_3v6_bezpostpro-300x169.jpg 300w, https:\/\/entelpro.pl\/wp-content\/uploads\/2019\/10\/ujecie_3v6_bezpostpro-768x432.jpg 768w\" sizes=\"(max-width: 1024px) 100vw, 1024px\" \/>\t\t\t\t\t\t\t\t<\/a>\n\t\t\t\t\t\t\t\t\t\t\t<figcaption class=\"widget-image-caption wp-caption-text\">https:\/\/www.herbud-poznan.pl\/<\/figcaption>\n\t\t\t\t\t\t\t\t\t\t<\/figure>\n\t\t\t\t\t\t\t\t<\/div>\n\t\t\t\t\t\t<\/div>\n\t\t\t\t<\/div>\n\t\t\t\t\t\t<\/div>\n\t\t\t\t\t<\/div>\n\t\t<\/div>\n\t\t\t\t<div class=\"elementor-column elementor-col-50 elementor-top-column elementor-element elementor-element-25b0869\" data-id=\"25b0869\" data-element_type=\"column\">\n\t\t\t<div class=\"elementor-column-wrap elementor-element-populated\">\n\t\t\t\t\t\t\t<div class=\"elementor-widget-wrap\">\n\t\t\t\t\t\t<div class=\"elementor-element elementor-element-dfe133c elementor-widget elementor-widget-text-editor\" data-id=\"dfe133c\" data-element_type=\"widget\" data-widget_type=\"text-editor.default\">\n\t\t\t\t<div class=\"elementor-widget-container\">\n\t\t\t\t\t\t\t\t<div class=\"elementor-text-editor elementor-clearfix\">\n\t\t\t\t<p>BUDOWA OBIEKTU HANDLOWO-US\u0141UGOWEGO W K\u0141ODAWIE<\/p><p>Kubatura budynku: 4350,88 m3<\/p><p>Powierzchnia u\u017cytkowa: 1087,72 m2<\/p><p>Rok wydania projektu: 2018\/2019<\/p><p>Zakres:\u00a0Opracowanie niniejsze zawiera\u0142o nast\u0119puj\u0105ce instalacje oraz ich elementy:<\/p><ul><li>Schemat zasilania budynku,<\/li><li>Rozdzielnice g\u0142\u00f3wn\u0105 RG,<\/li><li>Instalacj\u0119 o\u015bwietlenia wewn\u0119trznego<\/li><li>System o\u015bwietlenia awaryjnego<\/li><li>Wewn\u0119trzne linie zasilaj\u0105ce<\/li><li>Instalacj\u0119 zasilania gniazd wtykowych i urz\u0105dze\u0144 technologicznych<\/li><li>Trasy kablowe dla kabli energetycznych<\/li><li>Instalacj\u0119 uziemiaj\u0105c\u0105 i po\u0142\u0105cze\u0144 wyr\u00f3wnawczych<\/li><li>Przepusty w postaci pustych rur, przej\u015b\u0107 kablowych, drabinek kablowych, kana\u0142\u00f3w instalacyjnych, korytek kablowych,<\/li><li>Instalacja ochrony od pora\u017ce\u0144<\/li><li>Instalacja ochrony przepi\u0119ciowej<\/li><li>Uszczelnienia ppo\u017c.<\/li><li>Przeciwpo\u017carowy wy\u0142\u0105cznik pr\u0105du<\/li><li>Instalacja odgromowa<\/li><\/ul>\t\t\t\t\t<\/div>\n\t\t\t\t\t\t<\/div>\n\t\t\t\t<\/div>\n\t\t\t\t\t\t<\/div>\n\t\t\t\t\t<\/div>\n\t\t<\/div>\n\t\t\t\t\t\t\t\t<\/div>\n\t\t\t\t\t<\/div>\n\t\t<\/section>\n\t\t\t\t\t\t<\/div>\n\t\t\t\t\t\t<\/div>\n\t\t\t\t\t<\/div>\n\t\t","protected":false},"excerpt":{"rendered":"<p>Back Previous Next https:\/\/www.herbud-poznan.pl\/ https:\/\/www.herbud-poznan.pl\/ https:\/\/www.herbud-poznan.pl\/ BUDOWA OBIEKTU HANDLOWO-US\u0141UGOWEGO W K\u0141ODAWIE Kubatura budynku: 4350,88 m3 Powierzchnia u\u017cytkowa: 1087,72 m2 Rok wydania projektu: 2018\/2019 Zakres:\u00a0Opracowanie niniejsze zawiera\u0142o nast\u0119puj\u0105ce instalacje oraz ich elementy: Schemat zasilania budynku, Rozdzielnice g\u0142\u00f3wn\u0105 RG, Instalacj\u0119 o\u015bwietlenia wewn\u0119trznego System o\u015bwietlenia awaryjnego Wewn\u0119trzne linie zasilaj\u0105ce Instalacj\u0119 zasilania gniazd wtykowych i urz\u0105dze\u0144 technologicznych Trasy kablowe<br \/><a class=\"moretag\" href=\"https:\/\/entelpro.pl\/index.php\/obiekt-uslugowo-handlowy-w-klodawie\/\">+ Read More<\/a><\/p>\n","protected":false},"author":1,"featured_media":0,"parent":0,"menu_order":0,"comment_status":"closed","ping_status":"closed","template":"","meta":[],"_links":{"self":[{"href":"https:\/\/entelpro.pl\/index.php\/wp-json\/wp\/v2\/pages\/552"}],"collection":[{"href":"https:\/\/entelpro.pl\/index.php\/wp-json\/wp\/v2\/pages"}],"about":[{"href":"https:\/\/entelpro.pl\/index.php\/wp-json\/wp\/v2\/types\/page"}],"author":[{"embeddable":true,"href":"https:\/\/entelpro.pl\/index.php\/wp-json\/wp\/v2\/users\/1"}],"replies":[{"embeddable":true,"href":"https:\/\/entelpro.pl\/index.php\/wp-json\/wp\/v2\/comments?post=552"}],"version-history":[{"count":10,"href":"https:\/\/entelpro.pl\/index.php\/wp-json\/wp\/v2\/pages\/552\/revisions"}],"predecessor-version":[{"id":1310,"href":"https:\/\/entelpro.pl\/index.php\/wp-json\/wp\/v2\/pages\/552\/revisions\/1310"}],"wp:attachment":[{"href":"https:\/\/entelpro.pl\/index.php\/wp-json\/wp\/v2\/media?parent=552"}],"curies":[{"name":"wp","href":"https:\/\/api.w.org\/{rel}","templated":true}]}}