{"id":795,"date":"2019-10-17T09:47:27","date_gmt":"2019-10-17T07:47:27","guid":{"rendered":"http:\/\/wordpress1976502.home.pl\/autoinstalator\/wordpressplus\/?page_id=795"},"modified":"2019-12-18T11:52:00","modified_gmt":"2019-12-18T10:52:00","slug":"warszawski-uniwersytet-medyczny","status":"publish","type":"page","link":"https:\/\/entelpro.pl\/index.php\/warszawski-uniwersytet-medyczny\/","title":{"rendered":"Warszawski Uniwersytet Medyczny"},"content":{"rendered":"\t\t<div data-elementor-type=\"wp-page\" data-elementor-id=\"795\" class=\"elementor elementor-795\" data-elementor-settings=\"[]\">\n\t\t\t\t\t\t<div class=\"elementor-inner\">\n\t\t\t\t\t\t\t<div class=\"elementor-section-wrap\">\n\t\t\t\t\t\t\t<section class=\"elementor-section elementor-top-section elementor-element elementor-element-4a8b80f elementor-section-boxed elementor-section-height-default elementor-section-height-default\" data-id=\"4a8b80f\" data-element_type=\"section\">\n\t\t\t\t\t\t<div class=\"elementor-container elementor-column-gap-default\">\n\t\t\t\t\t\t\t<div class=\"elementor-row\">\n\t\t\t\t\t<div class=\"elementor-column elementor-col-25 elementor-top-column elementor-element elementor-element-b41333c\" data-id=\"b41333c\" data-element_type=\"column\">\n\t\t\t<div class=\"elementor-column-wrap elementor-element-populated\">\n\t\t\t\t\t\t\t<div class=\"elementor-widget-wrap\">\n\t\t\t\t\t\t<div class=\"elementor-element elementor-element-375b9b9 elementor-button-info elementor-widget elementor-widget-button\" data-id=\"375b9b9\" data-element_type=\"widget\" data-widget_type=\"button.default\">\n\t\t\t\t<div class=\"elementor-widget-container\">\n\t\t\t\t\t<div class=\"elementor-button-wrapper\">\n\t\t\t<a href=\"http:\/\/entelpro.pl\/index.php\/realizacje\/\" class=\"elementor-button-link elementor-button elementor-size-sm\" role=\"button\">\n\t\t\t\t\t\t<span class=\"elementor-button-content-wrapper\">\n\t\t\t\t\t\t<span class=\"elementor-button-icon elementor-align-icon-left\">\n\t\t\t\t<i aria-hidden=\"true\" class=\"far fa-caret-square-up\"><\/i>\t\t\t<\/span>\n\t\t\t\t\t\t<span class=\"elementor-button-text\">Back<\/span>\n\t\t<\/span>\n\t\t\t\t\t<\/a>\n\t\t<\/div>\n\t\t\t\t<\/div>\n\t\t\t\t<\/div>\n\t\t\t\t\t\t<\/div>\n\t\t\t\t\t<\/div>\n\t\t<\/div>\n\t\t\t\t<div class=\"elementor-column elementor-col-25 elementor-top-column elementor-element elementor-element-2d0eb15\" data-id=\"2d0eb15\" data-element_type=\"column\">\n\t\t\t<div class=\"elementor-column-wrap\">\n\t\t\t\t\t\t\t<div class=\"elementor-widget-wrap\">\n\t\t\t\t\t\t\t\t<\/div>\n\t\t\t\t\t<\/div>\n\t\t<\/div>\n\t\t\t\t<div class=\"elementor-column elementor-col-25 elementor-top-column elementor-element elementor-element-976f451\" data-id=\"976f451\" data-element_type=\"column\">\n\t\t\t<div class=\"elementor-column-wrap elementor-element-populated\">\n\t\t\t\t\t\t\t<div class=\"elementor-widget-wrap\">\n\t\t\t\t\t\t<div class=\"elementor-element elementor-element-15d0ef5 elementor-button-info elementor-align-left elementor-widget-mobile__width-initial elementor-widget elementor-widget-button\" data-id=\"15d0ef5\" data-element_type=\"widget\" data-widget_type=\"button.default\">\n\t\t\t\t<div class=\"elementor-widget-container\">\n\t\t\t\t\t<div class=\"elementor-button-wrapper\">\n\t\t\t<a href=\"http:\/\/entelpro.pl\/index.php\/komisariat-policji-poznan-stare-miasto\/\" class=\"elementor-button-link elementor-button elementor-size-sm\" role=\"button\">\n\t\t\t\t\t\t<span class=\"elementor-button-content-wrapper\">\n\t\t\t\t\t\t<span class=\"elementor-button-icon elementor-align-icon-left\">\n\t\t\t\t<i aria-hidden=\"true\" class=\"far fa-caret-square-left\"><\/i>\t\t\t<\/span>\n\t\t\t\t\t\t<span class=\"elementor-button-text\">Previous<\/span>\n\t\t<\/span>\n\t\t\t\t\t<\/a>\n\t\t<\/div>\n\t\t\t\t<\/div>\n\t\t\t\t<\/div>\n\t\t\t\t\t\t<\/div>\n\t\t\t\t\t<\/div>\n\t\t<\/div>\n\t\t\t\t<div class=\"elementor-column elementor-col-25 elementor-top-column elementor-element elementor-element-766015e\" data-id=\"766015e\" data-element_type=\"column\">\n\t\t\t<div class=\"elementor-column-wrap elementor-element-populated\">\n\t\t\t\t\t\t\t<div class=\"elementor-widget-wrap\">\n\t\t\t\t\t\t<div class=\"elementor-element elementor-element-9dfc2df elementor-button-info elementor-align-right elementor-widget-mobile__width-initial elementor-absolute elementor-widget elementor-widget-button\" data-id=\"9dfc2df\" data-element_type=\"widget\" data-settings=\"{&quot;_position&quot;:&quot;absolute&quot;}\" data-widget_type=\"button.default\">\n\t\t\t\t<div class=\"elementor-widget-container\">\n\t\t\t\t\t<div class=\"elementor-button-wrapper\">\n\t\t\t<a href=\"http:\/\/entelpro.pl\/index.php\/boi-szczecin\/\" class=\"elementor-button-link elementor-button elementor-size-sm\" role=\"button\">\n\t\t\t\t\t\t<span class=\"elementor-button-content-wrapper\">\n\t\t\t\t\t\t<span class=\"elementor-button-icon elementor-align-icon-left\">\n\t\t\t\t<i aria-hidden=\"true\" class=\"far fa-caret-square-right\"><\/i>\t\t\t<\/span>\n\t\t\t\t\t\t<span class=\"elementor-button-text\">Next<\/span>\n\t\t<\/span>\n\t\t\t\t\t<\/a>\n\t\t<\/div>\n\t\t\t\t<\/div>\n\t\t\t\t<\/div>\n\t\t\t\t\t\t<\/div>\n\t\t\t\t\t<\/div>\n\t\t<\/div>\n\t\t\t\t\t\t\t\t<\/div>\n\t\t\t\t\t<\/div>\n\t\t<\/section>\n\t\t\t\t<section class=\"elementor-section elementor-top-section elementor-element elementor-element-65f1f4b elementor-section-boxed elementor-section-height-default elementor-section-height-default\" data-id=\"65f1f4b\" data-element_type=\"section\">\n\t\t\t\t\t\t<div class=\"elementor-container elementor-column-gap-default\">\n\t\t\t\t\t\t\t<div class=\"elementor-row\">\n\t\t\t\t\t<div class=\"elementor-column elementor-col-50 elementor-top-column elementor-element elementor-element-0cce48f\" data-id=\"0cce48f\" data-element_type=\"column\">\n\t\t\t<div class=\"elementor-column-wrap elementor-element-populated\">\n\t\t\t\t\t\t\t<div class=\"elementor-widget-wrap\">\n\t\t\t\t\t\t<div class=\"elementor-element elementor-element-0cfc0cb elementor-widget elementor-widget-image\" data-id=\"0cfc0cb\" data-element_type=\"widget\" data-widget_type=\"image.default\">\n\t\t\t\t<div class=\"elementor-widget-container\">\n\t\t\t\t\t\t\t\t<div class=\"elementor-image\">\n\t\t\t\t\t\t\t\t\t<figure class=\"wp-caption\">\n\t\t\t\t\t\t\t\t\t\t\t<a href=\"https:\/\/www.google.pl\/maps\/place\/Marsza%C5%82kowska+24%2F26,+00-576+Warszawa\/@52.2167243,21.0198082,3a,75y,16.48h,102.78t\/data=!3m6!1e1!3m4!1sp9PUss8qrluk2cJko1Gd6A!2e0!7i16384!8i8192!4m5!3m4!1s0x471ecce6f7a0c1a3:0xefb10e2666f455bd!8m2!3d52.2173464!4d21.0197468#\">\n\t\t\t\t\t\t\t<img width=\"1024\" height=\"734\" src=\"https:\/\/entelpro.pl\/wp-content\/uploads\/2019\/10\/WUM_Warszawa-1024x734.png\" class=\"attachment-large size-large\" alt=\"\" loading=\"lazy\" srcset=\"https:\/\/entelpro.pl\/wp-content\/uploads\/2019\/10\/WUM_Warszawa-1024x734.png 1024w, https:\/\/entelpro.pl\/wp-content\/uploads\/2019\/10\/WUM_Warszawa-300x215.png 300w, https:\/\/entelpro.pl\/wp-content\/uploads\/2019\/10\/WUM_Warszawa-768x551.png 768w, https:\/\/entelpro.pl\/wp-content\/uploads\/2019\/10\/WUM_Warszawa.png 1230w\" sizes=\"(max-width: 1024px) 100vw, 1024px\" \/>\t\t\t\t\t\t\t\t<\/a>\n\t\t\t\t\t\t\t\t\t\t\t<figcaption class=\"widget-image-caption wp-caption-text\">https:\/\/www.google.pl\/maps\/place\/Marsza%C5%82kowska+24%2F26,+00-576+Warszawa\/<\/figcaption>\n\t\t\t\t\t\t\t\t\t\t<\/figure>\n\t\t\t\t\t\t\t\t<\/div>\n\t\t\t\t\t\t<\/div>\n\t\t\t\t<\/div>\n\t\t\t\t\t\t<\/div>\n\t\t\t\t\t<\/div>\n\t\t<\/div>\n\t\t\t\t<div class=\"elementor-column elementor-col-50 elementor-top-column elementor-element elementor-element-3659456\" data-id=\"3659456\" data-element_type=\"column\">\n\t\t\t<div class=\"elementor-column-wrap elementor-element-populated\">\n\t\t\t\t\t\t\t<div class=\"elementor-widget-wrap\">\n\t\t\t\t\t\t<div class=\"elementor-element elementor-element-5c515f0 elementor-widget elementor-widget-text-editor\" data-id=\"5c515f0\" data-element_type=\"widget\" data-widget_type=\"text-editor.default\">\n\t\t\t\t<div class=\"elementor-widget-container\">\n\t\t\t\t\t\t\t\t<div class=\"elementor-text-editor elementor-clearfix\">\n\t\t\t\t<p>PRZEBUDOWA BUDYNK\u00d3W BY\u0141EGO SZPITALA, ZLOKALIZOWANYCH PRZY UL. LITEWSKIEJ 14 I 16, ORAZ PRZEBUDOWA I ROZBUDOWA BY\u0141EGO BUDYNKU PATOMORFOLOGII PRZY UL. MARSZA\u0141KOWSKIEJ 24\/26 WRAZ ZE ZMIAN\u0104 SPOSOBU ICH U\u017bYTKOWANIA NA CELE DYDAKTYCZNO-NAUKOWE I ADMINISTRACYJNE WARSZAWSKIEGO UNIWERSYTETU MEDYCZNEGO<\/p><p>Kubatura budynku: 19617,52 m3<\/p><p>Powierzchnia u\u017cytkowa: 4904,38 m2<\/p><p>Rok wydania projektu: 2017\/2018<\/p><p>Zakres:\u00a0Opracowanie niniejsze zawiera\u0142o nast\u0119puj\u0105ce instalacje oraz ich elementy:<\/p><ul><li>Rozdzielnice g\u0142\u00f3wn\u0105 RG,<\/li><li>Rozdzielnice UPS RUPS,<\/li><li>Tablice komputerowe TK..,<\/li><li>Tablice pi\u0119trowe TP..,<\/li><li>Rozdzielnice wentylacji RW,<\/li><li>Rozdzielnice w\u0119z\u0142a cieplnego RK..,<\/li><li>Instalacj\u0119 o\u015bwietlenia wewn\u0119trznego<\/li><li>System o\u015bwietlenia awaryjnego<\/li><li>Wewn\u0119trzne linie zasilaj\u0105ce<\/li><li>Instalacj\u0119 zasilania gniazd wtykowych i urz\u0105dze\u0144 technologicznych<\/li><li>Trasy kablowe dla kabli energetycznych<\/li><li>Instalacj\u0119 po\u0142\u0105cze\u0144 wyr\u00f3wnawczych<\/li><li>Przepusty w postaci pustych rur, przej\u015b\u0107 kablowych, drabinek kablowych, kana\u0142\u00f3w instalacyjnych<\/li><li>Instalacja ochrony od pora\u017ce\u0144<\/li><li>Instalacja ochrony przepi\u0119ciowej<\/li><li>Uszczelnienia ppo\u017c.<\/li><\/ul>\t\t\t\t\t<\/div>\n\t\t\t\t\t\t<\/div>\n\t\t\t\t<\/div>\n\t\t\t\t\t\t<\/div>\n\t\t\t\t\t<\/div>\n\t\t<\/div>\n\t\t\t\t\t\t\t\t<\/div>\n\t\t\t\t\t<\/div>\n\t\t<\/section>\n\t\t\t\t\t\t<\/div>\n\t\t\t\t\t\t<\/div>\n\t\t\t\t\t<\/div>\n\t\t","protected":false},"excerpt":{"rendered":"<p>Back Previous Next https:\/\/www.google.pl\/maps\/place\/Marsza%C5%82kowska+24%2F26,+00-576+Warszawa\/ PRZEBUDOWA BUDYNK\u00d3W BY\u0141EGO SZPITALA, ZLOKALIZOWANYCH PRZY UL. LITEWSKIEJ 14 I 16, ORAZ PRZEBUDOWA I ROZBUDOWA BY\u0141EGO BUDYNKU PATOMORFOLOGII PRZY UL. MARSZA\u0141KOWSKIEJ 24\/26 WRAZ ZE ZMIAN\u0104 SPOSOBU ICH U\u017bYTKOWANIA NA CELE DYDAKTYCZNO-NAUKOWE I ADMINISTRACYJNE WARSZAWSKIEGO UNIWERSYTETU MEDYCZNEGO Kubatura budynku: 19617,52 m3 Powierzchnia u\u017cytkowa: 4904,38 m2 Rok wydania projektu: 2017\/2018 Zakres:\u00a0Opracowanie niniejsze zawiera\u0142o<br \/><a class=\"moretag\" href=\"https:\/\/entelpro.pl\/index.php\/warszawski-uniwersytet-medyczny\/\">+ Read More<\/a><\/p>\n","protected":false},"author":1,"featured_media":0,"parent":0,"menu_order":0,"comment_status":"closed","ping_status":"closed","template":"","meta":[],"_links":{"self":[{"href":"https:\/\/entelpro.pl\/index.php\/wp-json\/wp\/v2\/pages\/795"}],"collection":[{"href":"https:\/\/entelpro.pl\/index.php\/wp-json\/wp\/v2\/pages"}],"about":[{"href":"https:\/\/entelpro.pl\/index.php\/wp-json\/wp\/v2\/types\/page"}],"author":[{"embeddable":true,"href":"https:\/\/entelpro.pl\/index.php\/wp-json\/wp\/v2\/users\/1"}],"replies":[{"embeddable":true,"href":"https:\/\/entelpro.pl\/index.php\/wp-json\/wp\/v2\/comments?post=795"}],"version-history":[{"count":9,"href":"https:\/\/entelpro.pl\/index.php\/wp-json\/wp\/v2\/pages\/795\/revisions"}],"predecessor-version":[{"id":1276,"href":"https:\/\/entelpro.pl\/index.php\/wp-json\/wp\/v2\/pages\/795\/revisions\/1276"}],"wp:attachment":[{"href":"https:\/\/entelpro.pl\/index.php\/wp-json\/wp\/v2\/media?parent=795"}],"curies":[{"name":"wp","href":"https:\/\/api.w.org\/{rel}","templated":true}]}}