{"id":867,"date":"2019-10-17T13:13:00","date_gmt":"2019-10-17T11:13:00","guid":{"rendered":"http:\/\/wordpress1976502.home.pl\/autoinstalator\/wordpressplus\/?page_id=867"},"modified":"2019-12-18T12:17:27","modified_gmt":"2019-12-18T11:17:27","slug":"wyspa-slodowa-we-wroclawiu","status":"publish","type":"page","link":"https:\/\/entelpro.pl\/index.php\/wyspa-slodowa-we-wroclawiu\/","title":{"rendered":"Wyspa S\u0142odowa we Wroc\u0142awiu"},"content":{"rendered":"\t\t<div data-elementor-type=\"wp-page\" data-elementor-id=\"867\" class=\"elementor elementor-867\" data-elementor-settings=\"[]\">\n\t\t\t\t\t\t<div class=\"elementor-inner\">\n\t\t\t\t\t\t\t<div class=\"elementor-section-wrap\">\n\t\t\t\t\t\t\t<section class=\"elementor-section elementor-top-section elementor-element elementor-element-bbb0ecc elementor-section-boxed elementor-section-height-default elementor-section-height-default\" data-id=\"bbb0ecc\" data-element_type=\"section\">\n\t\t\t\t\t\t<div class=\"elementor-container elementor-column-gap-default\">\n\t\t\t\t\t\t\t<div class=\"elementor-row\">\n\t\t\t\t\t<div class=\"elementor-column elementor-col-25 elementor-top-column elementor-element elementor-element-d76af45\" data-id=\"d76af45\" data-element_type=\"column\">\n\t\t\t<div class=\"elementor-column-wrap elementor-element-populated\">\n\t\t\t\t\t\t\t<div class=\"elementor-widget-wrap\">\n\t\t\t\t\t\t<div class=\"elementor-element elementor-element-bf51b3a elementor-button-info elementor-widget elementor-widget-button\" data-id=\"bf51b3a\" data-element_type=\"widget\" data-widget_type=\"button.default\">\n\t\t\t\t<div class=\"elementor-widget-container\">\n\t\t\t\t\t<div class=\"elementor-button-wrapper\">\n\t\t\t<a href=\"http:\/\/entelpro.pl\/index.php\/realizacje\/\" class=\"elementor-button-link elementor-button elementor-size-sm\" role=\"button\">\n\t\t\t\t\t\t<span class=\"elementor-button-content-wrapper\">\n\t\t\t\t\t\t<span class=\"elementor-button-icon elementor-align-icon-left\">\n\t\t\t\t<i aria-hidden=\"true\" class=\"far fa-caret-square-up\"><\/i>\t\t\t<\/span>\n\t\t\t\t\t\t<span class=\"elementor-button-text\">Back<\/span>\n\t\t<\/span>\n\t\t\t\t\t<\/a>\n\t\t<\/div>\n\t\t\t\t<\/div>\n\t\t\t\t<\/div>\n\t\t\t\t\t\t<\/div>\n\t\t\t\t\t<\/div>\n\t\t<\/div>\n\t\t\t\t<div class=\"elementor-column elementor-col-25 elementor-top-column elementor-element elementor-element-f8fcd52\" data-id=\"f8fcd52\" data-element_type=\"column\">\n\t\t\t<div class=\"elementor-column-wrap\">\n\t\t\t\t\t\t\t<div class=\"elementor-widget-wrap\">\n\t\t\t\t\t\t\t\t<\/div>\n\t\t\t\t\t<\/div>\n\t\t<\/div>\n\t\t\t\t<div class=\"elementor-column elementor-col-25 elementor-top-column elementor-element elementor-element-a7c27fc\" data-id=\"a7c27fc\" data-element_type=\"column\">\n\t\t\t<div class=\"elementor-column-wrap elementor-element-populated\">\n\t\t\t\t\t\t\t<div class=\"elementor-widget-wrap\">\n\t\t\t\t\t\t<div class=\"elementor-element elementor-element-d2df431 elementor-button-info elementor-align-left elementor-widget-mobile__width-initial elementor-widget elementor-widget-button\" data-id=\"d2df431\" data-element_type=\"widget\" data-widget_type=\"button.default\">\n\t\t\t\t<div class=\"elementor-widget-container\">\n\t\t\t\t\t<div class=\"elementor-button-wrapper\">\n\t\t\t<a href=\"http:\/\/entelpro.pl\/index.php\/kamienica-ul-dominikanska-9a-w-poznaniu\/\" class=\"elementor-button-link elementor-button elementor-size-sm\" role=\"button\">\n\t\t\t\t\t\t<span class=\"elementor-button-content-wrapper\">\n\t\t\t\t\t\t<span class=\"elementor-button-icon elementor-align-icon-left\">\n\t\t\t\t<i aria-hidden=\"true\" class=\"far fa-caret-square-left\"><\/i>\t\t\t<\/span>\n\t\t\t\t\t\t<span class=\"elementor-button-text\">Previous<\/span>\n\t\t<\/span>\n\t\t\t\t\t<\/a>\n\t\t<\/div>\n\t\t\t\t<\/div>\n\t\t\t\t<\/div>\n\t\t\t\t\t\t<\/div>\n\t\t\t\t\t<\/div>\n\t\t<\/div>\n\t\t\t\t<div class=\"elementor-column elementor-col-25 elementor-top-column elementor-element elementor-element-206b0aa\" data-id=\"206b0aa\" data-element_type=\"column\">\n\t\t\t<div class=\"elementor-column-wrap elementor-element-populated\">\n\t\t\t\t\t\t\t<div class=\"elementor-widget-wrap\">\n\t\t\t\t\t\t<div class=\"elementor-element elementor-element-0fda63f elementor-button-info elementor-align-right elementor-widget-mobile__width-initial elementor-absolute elementor-widget elementor-widget-button\" data-id=\"0fda63f\" data-element_type=\"widget\" data-settings=\"{&quot;_position&quot;:&quot;absolute&quot;}\" data-widget_type=\"button.default\">\n\t\t\t\t<div class=\"elementor-widget-container\">\n\t\t\t\t\t<div class=\"elementor-button-wrapper\">\n\t\t\t<a href=\"http:\/\/entelpro.pl\/index.php\/politechnika-wroclawska\/?preview_id=208&#038;preview_nonce=2b923ee552&#038;preview=true\" class=\"elementor-button-link elementor-button elementor-size-sm\" role=\"button\">\n\t\t\t\t\t\t<span class=\"elementor-button-content-wrapper\">\n\t\t\t\t\t\t<span class=\"elementor-button-icon elementor-align-icon-left\">\n\t\t\t\t<i aria-hidden=\"true\" class=\"far fa-caret-square-right\"><\/i>\t\t\t<\/span>\n\t\t\t\t\t\t<span class=\"elementor-button-text\">Next<\/span>\n\t\t<\/span>\n\t\t\t\t\t<\/a>\n\t\t<\/div>\n\t\t\t\t<\/div>\n\t\t\t\t<\/div>\n\t\t\t\t\t\t<\/div>\n\t\t\t\t\t<\/div>\n\t\t<\/div>\n\t\t\t\t\t\t\t\t<\/div>\n\t\t\t\t\t<\/div>\n\t\t<\/section>\n\t\t\t\t<section class=\"elementor-section elementor-top-section elementor-element elementor-element-ed70ce4 elementor-section-boxed elementor-section-height-default elementor-section-height-default\" data-id=\"ed70ce4\" data-element_type=\"section\">\n\t\t\t\t\t\t<div class=\"elementor-container elementor-column-gap-default\">\n\t\t\t\t\t\t\t<div class=\"elementor-row\">\n\t\t\t\t\t<div class=\"elementor-column elementor-col-50 elementor-top-column elementor-element elementor-element-28399c0\" data-id=\"28399c0\" data-element_type=\"column\">\n\t\t\t<div class=\"elementor-column-wrap elementor-element-populated\">\n\t\t\t\t\t\t\t<div class=\"elementor-widget-wrap\">\n\t\t\t\t\t\t<div class=\"elementor-element elementor-element-52d1968 elementor-widget elementor-widget-text-editor\" data-id=\"52d1968\" data-element_type=\"widget\" data-widget_type=\"text-editor.default\">\n\t\t\t\t<div class=\"elementor-widget-container\">\n\t\t\t\t\t\t\t\t<div class=\"elementor-text-editor elementor-clearfix\">\n\t\t\t\t<p>PRZEBUDOWA, ROZBUDOWA ORAZ ZMIANA SPOSOBU U\u017bYTKOWANIA ISTNIEJ\u0104CEGO BUDYNKU KAMIENICY I OFICYNY NA BUDYNEK BIUROWY Z CZ\u0118\u015aCI\u0104 US\u0141UGOW\u0104 I GASTRONOMICZN\u0104 WRAZ Z ZAGOSPODAROWANIEM TERENU , INFRASTRUKTUR\u0104 TECHNICZN\u0104 I INSTALACJAMI ZEWN\u0118TRZNYMI DLA OBIEKTU ZNAJDUJ\u0104CEGO SI\u0118 NA WYSPIE S\u0141ODOWEJ WE WROC\u0141AWIU.<\/p><p>Kubatura budynku: 17097,92 m3<\/p><p>Powierzchnia u\u017cytkowa: 4274,48 m2<\/p><p>Rok wydania projektu: 2019<\/p><p>Zakres:\u00a0Opracowanie niniejsze zawiera\u0142o nast\u0119puj\u0105ce instalacje oraz ich elementy:<\/p><ul><li>Schemat zasilania<\/li><li>Instalacj\u0119 o\u015bwietlenia wewn\u0119trznego<\/li><li>System o\u015bwietlenia awaryjnego<\/li><li>Wewn\u0119trzne linie zasilaj\u0105ce<\/li><li>Instalacj\u0119 zasilania gniazd wtykowych i urz\u0105dze\u0144 technologicznych<\/li><li>Trasy kablowe dla kabli energetycznych<\/li><li>Instalacj\u0119 uziemiaj\u0105c\u0105 i po\u0142\u0105cze\u0144 wyr\u00f3wnawczych<\/li><li>Przepusty w postaci pustych rur, przej\u015b\u0107 kablowych, drabinek kablowych, kana\u0142\u00f3w instalacyjnych, korytek kablowych,<\/li><li>Instalacja ochrony od pora\u017ce\u0144<\/li><li>Instalacja ochrony przepi\u0119ciowej<\/li><li>Uszczelnienia ppo\u017c.<\/li><li>Instalacja odgromowa<\/li><\/ul>\t\t\t\t\t<\/div>\n\t\t\t\t\t\t<\/div>\n\t\t\t\t<\/div>\n\t\t\t\t\t\t<\/div>\n\t\t\t\t\t<\/div>\n\t\t<\/div>\n\t\t\t\t<div class=\"elementor-column elementor-col-50 elementor-top-column elementor-element elementor-element-e76cc5f\" data-id=\"e76cc5f\" data-element_type=\"column\">\n\t\t\t<div class=\"elementor-column-wrap elementor-element-populated\">\n\t\t\t\t\t\t\t<div class=\"elementor-widget-wrap\">\n\t\t\t\t\t\t<div class=\"elementor-element elementor-element-db04caa elementor-widget elementor-widget-image\" data-id=\"db04caa\" data-element_type=\"widget\" data-widget_type=\"image.default\">\n\t\t\t\t<div class=\"elementor-widget-container\">\n\t\t\t\t\t\t\t\t<div class=\"elementor-image\">\n\t\t\t\t\t\t\t\t\t\t\t\t\t<a href=\"http:\/\/demiurg.com.pl\/index.php\/portfolio\/concordia-hub\/\" target=\"_blank\">\n\t\t\t\t\t\t\t<img width=\"1024\" height=\"768\" src=\"https:\/\/entelpro.pl\/wp-content\/uploads\/2019\/10\/139_Wyspa-S\u0142odowa_Widok-Zachodni-min-1024x768.jpg\" class=\"attachment-large size-large\" alt=\"\" loading=\"lazy\" srcset=\"https:\/\/entelpro.pl\/wp-content\/uploads\/2019\/10\/139_Wyspa-S\u0142odowa_Widok-Zachodni-min-1024x768.jpg 1024w, https:\/\/entelpro.pl\/wp-content\/uploads\/2019\/10\/139_Wyspa-S\u0142odowa_Widok-Zachodni-min-300x225.jpg 300w, https:\/\/entelpro.pl\/wp-content\/uploads\/2019\/10\/139_Wyspa-S\u0142odowa_Widok-Zachodni-min-768x576.jpg 768w\" sizes=\"(max-width: 1024px) 100vw, 1024px\" \/>\t\t\t\t\t\t\t\t<\/a>\n\t\t\t\t\t\t\t\t\t\t\t\t\t\t<\/div>\n\t\t\t\t\t\t<\/div>\n\t\t\t\t<\/div>\n\t\t\t\t<div class=\"elementor-element elementor-element-eb2fc22 elementor-widget elementor-widget-image\" data-id=\"eb2fc22\" data-element_type=\"widget\" data-widget_type=\"image.default\">\n\t\t\t\t<div class=\"elementor-widget-container\">\n\t\t\t\t\t\t\t\t<div class=\"elementor-image\">\n\t\t\t\t\t\t\t\t\t\t\t\t\t<a href=\"http:\/\/demiurg.com.pl\/index.php\/portfolio\/concordia-hub\/\" target=\"_blank\">\n\t\t\t\t\t\t\t<img width=\"1024\" height=\"819\" src=\"https:\/\/entelpro.pl\/wp-content\/uploads\/2019\/10\/139_Wyspa-S\u0142odowa_Widok-Wschodni-min-1024x819.jpg\" class=\"attachment-large size-large\" alt=\"\" loading=\"lazy\" srcset=\"https:\/\/entelpro.pl\/wp-content\/uploads\/2019\/10\/139_Wyspa-S\u0142odowa_Widok-Wschodni-min-1024x819.jpg 1024w, https:\/\/entelpro.pl\/wp-content\/uploads\/2019\/10\/139_Wyspa-S\u0142odowa_Widok-Wschodni-min-300x240.jpg 300w, https:\/\/entelpro.pl\/wp-content\/uploads\/2019\/10\/139_Wyspa-S\u0142odowa_Widok-Wschodni-min-768x614.jpg 768w\" sizes=\"(max-width: 1024px) 100vw, 1024px\" \/>\t\t\t\t\t\t\t\t<\/a>\n\t\t\t\t\t\t\t\t\t\t\t\t\t\t<\/div>\n\t\t\t\t\t\t<\/div>\n\t\t\t\t<\/div>\n\t\t\t\t<div class=\"elementor-element elementor-element-4c79b57 elementor-widget elementor-widget-image\" data-id=\"4c79b57\" data-element_type=\"widget\" data-widget_type=\"image.default\">\n\t\t\t\t<div class=\"elementor-widget-container\">\n\t\t\t\t\t\t\t\t<div class=\"elementor-image\">\n\t\t\t\t\t\t\t\t\t<figure class=\"wp-caption\">\n\t\t\t\t\t\t\t\t\t\t\t<a href=\"https:\/\/lh5.googleusercontent.com\/p\/AF1QipOicYgov9TlNc1Kbn4rNpGNqYYX9Cp6o19z_a5a=w408-h301-k-no\" target=\"_blank\">\n\t\t\t\t\t\t\t<img width=\"1024\" height=\"671\" src=\"https:\/\/entelpro.pl\/wp-content\/uploads\/2019\/10\/wyspa-s\u0142odowa-1024x671.png\" class=\"attachment-large size-large\" alt=\"\" loading=\"lazy\" srcset=\"https:\/\/entelpro.pl\/wp-content\/uploads\/2019\/10\/wyspa-s\u0142odowa-1024x671.png 1024w, https:\/\/entelpro.pl\/wp-content\/uploads\/2019\/10\/wyspa-s\u0142odowa-300x197.png 300w, https:\/\/entelpro.pl\/wp-content\/uploads\/2019\/10\/wyspa-s\u0142odowa-768x503.png 768w, https:\/\/entelpro.pl\/wp-content\/uploads\/2019\/10\/wyspa-s\u0142odowa.png 1161w\" sizes=\"(max-width: 1024px) 100vw, 1024px\" \/>\t\t\t\t\t\t\t\t<\/a>\n\t\t\t\t\t\t\t\t\t\t\t<figcaption class=\"widget-image-caption wp-caption-text\">https:\/\/lh5.googleusercontent.com\/p\/<\/figcaption>\n\t\t\t\t\t\t\t\t\t\t<\/figure>\n\t\t\t\t\t\t\t\t<\/div>\n\t\t\t\t\t\t<\/div>\n\t\t\t\t<\/div>\n\t\t\t\t\t\t<\/div>\n\t\t\t\t\t<\/div>\n\t\t<\/div>\n\t\t\t\t\t\t\t\t<\/div>\n\t\t\t\t\t<\/div>\n\t\t<\/section>\n\t\t\t\t\t\t<\/div>\n\t\t\t\t\t\t<\/div>\n\t\t\t\t\t<\/div>\n\t\t","protected":false},"excerpt":{"rendered":"<p>Back Previous Next PRZEBUDOWA, ROZBUDOWA ORAZ ZMIANA SPOSOBU U\u017bYTKOWANIA ISTNIEJ\u0104CEGO BUDYNKU KAMIENICY I OFICYNY NA BUDYNEK BIUROWY Z CZ\u0118\u015aCI\u0104 US\u0141UGOW\u0104 I GASTRONOMICZN\u0104 WRAZ Z ZAGOSPODAROWANIEM TERENU , INFRASTRUKTUR\u0104 TECHNICZN\u0104 I INSTALACJAMI ZEWN\u0118TRZNYMI DLA OBIEKTU ZNAJDUJ\u0104CEGO SI\u0118 NA WYSPIE S\u0141ODOWEJ WE WROC\u0141AWIU. Kubatura budynku: 17097,92 m3 Powierzchnia u\u017cytkowa: 4274,48 m2 Rok wydania projektu: 2019 Zakres:\u00a0Opracowanie niniejsze<br \/><a class=\"moretag\" href=\"https:\/\/entelpro.pl\/index.php\/wyspa-slodowa-we-wroclawiu\/\">+ Read More<\/a><\/p>\n","protected":false},"author":1,"featured_media":0,"parent":0,"menu_order":0,"comment_status":"closed","ping_status":"closed","template":"","meta":[],"_links":{"self":[{"href":"https:\/\/entelpro.pl\/index.php\/wp-json\/wp\/v2\/pages\/867"}],"collection":[{"href":"https:\/\/entelpro.pl\/index.php\/wp-json\/wp\/v2\/pages"}],"about":[{"href":"https:\/\/entelpro.pl\/index.php\/wp-json\/wp\/v2\/types\/page"}],"author":[{"embeddable":true,"href":"https:\/\/entelpro.pl\/index.php\/wp-json\/wp\/v2\/users\/1"}],"replies":[{"embeddable":true,"href":"https:\/\/entelpro.pl\/index.php\/wp-json\/wp\/v2\/comments?post=867"}],"version-history":[{"count":11,"href":"https:\/\/entelpro.pl\/index.php\/wp-json\/wp\/v2\/pages\/867\/revisions"}],"predecessor-version":[{"id":1319,"href":"https:\/\/entelpro.pl\/index.php\/wp-json\/wp\/v2\/pages\/867\/revisions\/1319"}],"wp:attachment":[{"href":"https:\/\/entelpro.pl\/index.php\/wp-json\/wp\/v2\/media?parent=867"}],"curies":[{"name":"wp","href":"https:\/\/api.w.org\/{rel}","templated":true}]}}