{"id":879,"date":"2019-10-17T13:42:50","date_gmt":"2019-10-17T11:42:50","guid":{"rendered":"http:\/\/wordpress1976502.home.pl\/autoinstalator\/wordpressplus\/?page_id=879"},"modified":"2019-12-18T11:52:37","modified_gmt":"2019-12-18T10:52:37","slug":"boi-szczecin","status":"publish","type":"page","link":"https:\/\/entelpro.pl\/index.php\/boi-szczecin\/","title":{"rendered":"BOI Szczecin"},"content":{"rendered":"\t\t<div data-elementor-type=\"wp-page\" data-elementor-id=\"879\" class=\"elementor elementor-879\" data-elementor-settings=\"[]\">\n\t\t\t\t\t\t<div class=\"elementor-inner\">\n\t\t\t\t\t\t\t<div class=\"elementor-section-wrap\">\n\t\t\t\t\t\t\t<section class=\"elementor-section elementor-top-section elementor-element elementor-element-19c2de1 elementor-section-boxed elementor-section-height-default elementor-section-height-default\" data-id=\"19c2de1\" data-element_type=\"section\">\n\t\t\t\t\t\t<div class=\"elementor-container elementor-column-gap-default\">\n\t\t\t\t\t\t\t<div class=\"elementor-row\">\n\t\t\t\t\t<div class=\"elementor-column elementor-col-25 elementor-top-column elementor-element elementor-element-a89ac6a\" data-id=\"a89ac6a\" data-element_type=\"column\">\n\t\t\t<div class=\"elementor-column-wrap elementor-element-populated\">\n\t\t\t\t\t\t\t<div class=\"elementor-widget-wrap\">\n\t\t\t\t\t\t<div class=\"elementor-element elementor-element-83d0ebe elementor-button-info elementor-widget elementor-widget-button\" data-id=\"83d0ebe\" data-element_type=\"widget\" data-widget_type=\"button.default\">\n\t\t\t\t<div class=\"elementor-widget-container\">\n\t\t\t\t\t<div class=\"elementor-button-wrapper\">\n\t\t\t<a href=\"http:\/\/entelpro.pl\/index.php\/realizacje\/\" class=\"elementor-button-link elementor-button elementor-size-sm\" role=\"button\">\n\t\t\t\t\t\t<span class=\"elementor-button-content-wrapper\">\n\t\t\t\t\t\t<span class=\"elementor-button-icon elementor-align-icon-left\">\n\t\t\t\t<i aria-hidden=\"true\" class=\"far fa-caret-square-up\"><\/i>\t\t\t<\/span>\n\t\t\t\t\t\t<span class=\"elementor-button-text\">Back<\/span>\n\t\t<\/span>\n\t\t\t\t\t<\/a>\n\t\t<\/div>\n\t\t\t\t<\/div>\n\t\t\t\t<\/div>\n\t\t\t\t\t\t<\/div>\n\t\t\t\t\t<\/div>\n\t\t<\/div>\n\t\t\t\t<div class=\"elementor-column elementor-col-25 elementor-top-column elementor-element elementor-element-b61409b\" data-id=\"b61409b\" data-element_type=\"column\">\n\t\t\t<div class=\"elementor-column-wrap\">\n\t\t\t\t\t\t\t<div class=\"elementor-widget-wrap\">\n\t\t\t\t\t\t\t\t<\/div>\n\t\t\t\t\t<\/div>\n\t\t<\/div>\n\t\t\t\t<div class=\"elementor-column elementor-col-25 elementor-top-column elementor-element elementor-element-28d18c3\" data-id=\"28d18c3\" data-element_type=\"column\">\n\t\t\t<div class=\"elementor-column-wrap elementor-element-populated\">\n\t\t\t\t\t\t\t<div class=\"elementor-widget-wrap\">\n\t\t\t\t\t\t<div class=\"elementor-element elementor-element-8274303 elementor-button-info elementor-align-left elementor-widget-mobile__width-initial elementor-widget elementor-widget-button\" data-id=\"8274303\" data-element_type=\"widget\" data-widget_type=\"button.default\">\n\t\t\t\t<div class=\"elementor-widget-container\">\n\t\t\t\t\t<div class=\"elementor-button-wrapper\">\n\t\t\t<a href=\"http:\/\/entelpro.pl\/index.php\/warszawski-uniwersytet-medyczny\/\" class=\"elementor-button-link elementor-button elementor-size-sm\" role=\"button\">\n\t\t\t\t\t\t<span class=\"elementor-button-content-wrapper\">\n\t\t\t\t\t\t<span class=\"elementor-button-icon elementor-align-icon-left\">\n\t\t\t\t<i aria-hidden=\"true\" class=\"far fa-caret-square-left\"><\/i>\t\t\t<\/span>\n\t\t\t\t\t\t<span class=\"elementor-button-text\">Previous<\/span>\n\t\t<\/span>\n\t\t\t\t\t<\/a>\n\t\t<\/div>\n\t\t\t\t<\/div>\n\t\t\t\t<\/div>\n\t\t\t\t\t\t<\/div>\n\t\t\t\t\t<\/div>\n\t\t<\/div>\n\t\t\t\t<div class=\"elementor-column elementor-col-25 elementor-top-column elementor-element elementor-element-09aabd4\" data-id=\"09aabd4\" data-element_type=\"column\">\n\t\t\t<div class=\"elementor-column-wrap elementor-element-populated\">\n\t\t\t\t\t\t\t<div class=\"elementor-widget-wrap\">\n\t\t\t\t\t\t<div class=\"elementor-element elementor-element-2f02554 elementor-button-info elementor-align-right elementor-widget-mobile__width-initial elementor-absolute elementor-widget elementor-widget-button\" data-id=\"2f02554\" data-element_type=\"widget\" data-settings=\"{&quot;_position&quot;:&quot;absolute&quot;}\" data-widget_type=\"button.default\">\n\t\t\t\t<div class=\"elementor-widget-container\">\n\t\t\t\t\t<div class=\"elementor-button-wrapper\">\n\t\t\t<a href=\"http:\/\/entelpro.pl\/index.php\/kamienica-ul-matejki-61-poznan\/\" class=\"elementor-button-link elementor-button elementor-size-sm\" role=\"button\">\n\t\t\t\t\t\t<span class=\"elementor-button-content-wrapper\">\n\t\t\t\t\t\t<span class=\"elementor-button-icon elementor-align-icon-left\">\n\t\t\t\t<i aria-hidden=\"true\" class=\"far fa-caret-square-right\"><\/i>\t\t\t<\/span>\n\t\t\t\t\t\t<span class=\"elementor-button-text\">Next<\/span>\n\t\t<\/span>\n\t\t\t\t\t<\/a>\n\t\t<\/div>\n\t\t\t\t<\/div>\n\t\t\t\t<\/div>\n\t\t\t\t\t\t<\/div>\n\t\t\t\t\t<\/div>\n\t\t<\/div>\n\t\t\t\t\t\t\t\t<\/div>\n\t\t\t\t\t<\/div>\n\t\t<\/section>\n\t\t\t\t<section class=\"elementor-section elementor-top-section elementor-element elementor-element-2901cd7 elementor-section-boxed elementor-section-height-default elementor-section-height-default\" data-id=\"2901cd7\" data-element_type=\"section\">\n\t\t\t\t\t\t<div class=\"elementor-container elementor-column-gap-default\">\n\t\t\t\t\t\t\t<div class=\"elementor-row\">\n\t\t\t\t\t<div class=\"elementor-column elementor-col-50 elementor-top-column elementor-element elementor-element-9a9af73\" data-id=\"9a9af73\" data-element_type=\"column\">\n\t\t\t<div class=\"elementor-column-wrap elementor-element-populated\">\n\t\t\t\t\t\t\t<div class=\"elementor-widget-wrap\">\n\t\t\t\t\t\t<div class=\"elementor-element elementor-element-6e6dda9 elementor-widget elementor-widget-image\" data-id=\"6e6dda9\" data-element_type=\"widget\" data-widget_type=\"image.default\">\n\t\t\t\t<div class=\"elementor-widget-container\">\n\t\t\t\t\t\t\t\t<div class=\"elementor-image\">\n\t\t\t\t\t\t\t\t\t\t\t\t\t<a href=\"http:\/\/demiurg.com.pl\/\" target=\"_blank\">\n\t\t\t\t\t\t\t<img width=\"487\" height=\"660\" src=\"https:\/\/entelpro.pl\/wp-content\/uploads\/2019\/10\/BOI2.jpg\" class=\"attachment-large size-large\" alt=\"\" loading=\"lazy\" srcset=\"https:\/\/entelpro.pl\/wp-content\/uploads\/2019\/10\/BOI2.jpg 487w, https:\/\/entelpro.pl\/wp-content\/uploads\/2019\/10\/BOI2-221x300.jpg 221w\" sizes=\"(max-width: 487px) 100vw, 487px\" \/>\t\t\t\t\t\t\t\t<\/a>\n\t\t\t\t\t\t\t\t\t\t\t\t\t\t<\/div>\n\t\t\t\t\t\t<\/div>\n\t\t\t\t<\/div>\n\t\t\t\t<div class=\"elementor-element elementor-element-3cc425d elementor-widget elementor-widget-image\" data-id=\"3cc425d\" data-element_type=\"widget\" data-widget_type=\"image.default\">\n\t\t\t\t<div class=\"elementor-widget-container\">\n\t\t\t\t\t\t\t\t<div class=\"elementor-image\">\n\t\t\t\t\t\t\t\t\t\t\t\t\t<a href=\"http:\/\/demiurg.com.pl\/\" target=\"_blank\">\n\t\t\t\t\t\t\t<img width=\"503\" height=\"687\" src=\"https:\/\/entelpro.pl\/wp-content\/uploads\/2019\/10\/BOI1.jpg\" class=\"attachment-large size-large\" alt=\"\" loading=\"lazy\" srcset=\"https:\/\/entelpro.pl\/wp-content\/uploads\/2019\/10\/BOI1.jpg 503w, https:\/\/entelpro.pl\/wp-content\/uploads\/2019\/10\/BOI1-220x300.jpg 220w\" sizes=\"(max-width: 503px) 100vw, 503px\" \/>\t\t\t\t\t\t\t\t<\/a>\n\t\t\t\t\t\t\t\t\t\t\t\t\t\t<\/div>\n\t\t\t\t\t\t<\/div>\n\t\t\t\t<\/div>\n\t\t\t\t\t\t<\/div>\n\t\t\t\t\t<\/div>\n\t\t<\/div>\n\t\t\t\t<div class=\"elementor-column elementor-col-50 elementor-top-column elementor-element elementor-element-0d1a82b\" data-id=\"0d1a82b\" data-element_type=\"column\">\n\t\t\t<div class=\"elementor-column-wrap elementor-element-populated\">\n\t\t\t\t\t\t\t<div class=\"elementor-widget-wrap\">\n\t\t\t\t\t\t<div class=\"elementor-element elementor-element-70922f6 elementor-widget elementor-widget-text-editor\" data-id=\"70922f6\" data-element_type=\"widget\" data-widget_type=\"text-editor.default\">\n\t\t\t\t<div class=\"elementor-widget-container\">\n\t\t\t\t\t\t\t\t<div class=\"elementor-text-editor elementor-clearfix\">\n\t\t\t\t<p>ROZBUDOWA BUDYNKU ZACHODNIOPOMORSKIEGO URZ\u0118DU WOJEW\u00d3DZKIEGO W SZCZECINIE POPRZEZ ZABUDOW\u0118 WEWN\u0118TRZNEGO DZIEDZI\u0143CA NA POTRZEBY UTWORZENIA BIURA OBS\u0141UGI INTERESANT\u00d3W DLA CUDZOZIEMC\u00d3W W ZACHODNIOPOMORSKIM URZ\u0118DZIE WOJEW\u00d3DZKIM W SZCZECINIE.<\/p><p>Kubatura budynku: 1687,6 m3<\/p><p>Powierzchnia u\u017cytkowa: 421,9 m2<\/p><p>Rok wydania projektu: 2018<\/p><p>Zakres:\u00a0Opracowanie niniejsze zawiera\u0142o nast\u0119puj\u0105ce instalacje oraz ich elementy:<\/p><ul><li>Schemat zasilania<\/li><li>Rozdzielnice biura obs\u0142ugi interesant\u00f3w RBOI<\/li><li>Instalacj\u0119 o\u015bwietlenia wewn\u0119trznego<\/li><li>System o\u015bwietlenia awaryjnego<\/li><li>Wewn\u0119trzne linie zasilaj\u0105ce<\/li><li>Instalacj\u0119 zasilania gniazd wtykowych i urz\u0105dze\u0144 technologicznych<\/li><li>Trasy kablowe dla kabli energetycznych<\/li><li>Instalacj\u0119 uziemiaj\u0105c\u0105 i po\u0142\u0105cze\u0144 wyr\u00f3wnawczych<\/li><li>Przepusty w postaci pustych rur, przej\u015b\u0107 kablowych, drabinek kablowych, kana\u0142\u00f3w instalacyjnych, korytek kablowych,<\/li><li>Instalacja ochrony od pora\u017ce\u0144<\/li><li>Instalacja ochrony przepi\u0119ciowej<\/li><li>Uszczelnienia ppo\u017c.<\/li><\/ul>\t\t\t\t\t<\/div>\n\t\t\t\t\t\t<\/div>\n\t\t\t\t<\/div>\n\t\t\t\t\t\t<\/div>\n\t\t\t\t\t<\/div>\n\t\t<\/div>\n\t\t\t\t\t\t\t\t<\/div>\n\t\t\t\t\t<\/div>\n\t\t<\/section>\n\t\t\t\t\t\t<\/div>\n\t\t\t\t\t\t<\/div>\n\t\t\t\t\t<\/div>\n\t\t","protected":false},"excerpt":{"rendered":"<p>Back Previous Next ROZBUDOWA BUDYNKU ZACHODNIOPOMORSKIEGO URZ\u0118DU WOJEW\u00d3DZKIEGO W SZCZECINIE POPRZEZ ZABUDOW\u0118 WEWN\u0118TRZNEGO DZIEDZI\u0143CA NA POTRZEBY UTWORZENIA BIURA OBS\u0141UGI INTERESANT\u00d3W DLA CUDZOZIEMC\u00d3W W ZACHODNIOPOMORSKIM URZ\u0118DZIE WOJEW\u00d3DZKIM W SZCZECINIE. Kubatura budynku: 1687,6 m3 Powierzchnia u\u017cytkowa: 421,9 m2 Rok wydania projektu: 2018 Zakres:\u00a0Opracowanie niniejsze zawiera\u0142o nast\u0119puj\u0105ce instalacje oraz ich elementy: Schemat zasilania Rozdzielnice biura obs\u0142ugi interesant\u00f3w RBOI<br \/><a class=\"moretag\" href=\"https:\/\/entelpro.pl\/index.php\/boi-szczecin\/\">+ Read More<\/a><\/p>\n","protected":false},"author":1,"featured_media":0,"parent":0,"menu_order":0,"comment_status":"closed","ping_status":"closed","template":"","meta":[],"_links":{"self":[{"href":"https:\/\/entelpro.pl\/index.php\/wp-json\/wp\/v2\/pages\/879"}],"collection":[{"href":"https:\/\/entelpro.pl\/index.php\/wp-json\/wp\/v2\/pages"}],"about":[{"href":"https:\/\/entelpro.pl\/index.php\/wp-json\/wp\/v2\/types\/page"}],"author":[{"embeddable":true,"href":"https:\/\/entelpro.pl\/index.php\/wp-json\/wp\/v2\/users\/1"}],"replies":[{"embeddable":true,"href":"https:\/\/entelpro.pl\/index.php\/wp-json\/wp\/v2\/comments?post=879"}],"version-history":[{"count":10,"href":"https:\/\/entelpro.pl\/index.php\/wp-json\/wp\/v2\/pages\/879\/revisions"}],"predecessor-version":[{"id":1277,"href":"https:\/\/entelpro.pl\/index.php\/wp-json\/wp\/v2\/pages\/879\/revisions\/1277"}],"wp:attachment":[{"href":"https:\/\/entelpro.pl\/index.php\/wp-json\/wp\/v2\/media?parent=879"}],"curies":[{"name":"wp","href":"https:\/\/api.w.org\/{rel}","templated":true}]}}