{"id":921,"date":"2019-10-18T12:46:33","date_gmt":"2019-10-18T10:46:33","guid":{"rendered":"http:\/\/wordpress1976502.home.pl\/autoinstalator\/wordpressplus\/?page_id=921"},"modified":"2019-12-18T12:10:55","modified_gmt":"2019-12-18T11:10:55","slug":"szkola-w-bydgoszczy","status":"publish","type":"page","link":"https:\/\/entelpro.pl\/index.php\/szkola-w-bydgoszczy\/","title":{"rendered":"Szko\u0142a w Bydgoszczy"},"content":{"rendered":"\t\t<div data-elementor-type=\"wp-page\" data-elementor-id=\"921\" class=\"elementor elementor-921\" data-elementor-settings=\"[]\">\n\t\t\t\t\t\t<div class=\"elementor-inner\">\n\t\t\t\t\t\t\t<div class=\"elementor-section-wrap\">\n\t\t\t\t\t\t\t<section class=\"elementor-section elementor-top-section elementor-element elementor-element-d936d6f elementor-section-boxed elementor-section-height-default elementor-section-height-default\" data-id=\"d936d6f\" data-element_type=\"section\">\n\t\t\t\t\t\t<div class=\"elementor-container elementor-column-gap-default\">\n\t\t\t\t\t\t\t<div class=\"elementor-row\">\n\t\t\t\t\t<div class=\"elementor-column elementor-col-25 elementor-top-column elementor-element elementor-element-d2569ca\" data-id=\"d2569ca\" data-element_type=\"column\">\n\t\t\t<div class=\"elementor-column-wrap elementor-element-populated\">\n\t\t\t\t\t\t\t<div class=\"elementor-widget-wrap\">\n\t\t\t\t\t\t<div class=\"elementor-element elementor-element-ddc5a7a elementor-button-info elementor-widget elementor-widget-button\" data-id=\"ddc5a7a\" data-element_type=\"widget\" data-widget_type=\"button.default\">\n\t\t\t\t<div class=\"elementor-widget-container\">\n\t\t\t\t\t<div class=\"elementor-button-wrapper\">\n\t\t\t<a href=\"http:\/\/entelpro.pl\/index.php\/realizacje\/\" class=\"elementor-button-link elementor-button elementor-size-sm\" role=\"button\">\n\t\t\t\t\t\t<span class=\"elementor-button-content-wrapper\">\n\t\t\t\t\t\t<span class=\"elementor-button-icon elementor-align-icon-left\">\n\t\t\t\t<i aria-hidden=\"true\" class=\"far fa-caret-square-up\"><\/i>\t\t\t<\/span>\n\t\t\t\t\t\t<span class=\"elementor-button-text\">Back<\/span>\n\t\t<\/span>\n\t\t\t\t\t<\/a>\n\t\t<\/div>\n\t\t\t\t<\/div>\n\t\t\t\t<\/div>\n\t\t\t\t\t\t<\/div>\n\t\t\t\t\t<\/div>\n\t\t<\/div>\n\t\t\t\t<div class=\"elementor-column elementor-col-25 elementor-top-column elementor-element elementor-element-2cb5b84\" data-id=\"2cb5b84\" data-element_type=\"column\">\n\t\t\t<div class=\"elementor-column-wrap\">\n\t\t\t\t\t\t\t<div class=\"elementor-widget-wrap\">\n\t\t\t\t\t\t\t\t<\/div>\n\t\t\t\t\t<\/div>\n\t\t<\/div>\n\t\t\t\t<div class=\"elementor-column elementor-col-25 elementor-top-column elementor-element elementor-element-bf4dea9\" data-id=\"bf4dea9\" data-element_type=\"column\">\n\t\t\t<div class=\"elementor-column-wrap elementor-element-populated\">\n\t\t\t\t\t\t\t<div class=\"elementor-widget-wrap\">\n\t\t\t\t\t\t<div class=\"elementor-element elementor-element-38fb2d5 elementor-button-info elementor-align-left elementor-widget-mobile__width-initial elementor-widget elementor-widget-button\" data-id=\"38fb2d5\" data-element_type=\"widget\" data-widget_type=\"button.default\">\n\t\t\t\t<div class=\"elementor-widget-container\">\n\t\t\t\t\t<div class=\"elementor-button-wrapper\">\n\t\t\t<a href=\"http:\/\/entelpro.pl\/index.php\/hala-sportowa-w-szczecinie\/\" class=\"elementor-button-link elementor-button elementor-size-sm\" role=\"button\">\n\t\t\t\t\t\t<span class=\"elementor-button-content-wrapper\">\n\t\t\t\t\t\t<span class=\"elementor-button-icon elementor-align-icon-left\">\n\t\t\t\t<i aria-hidden=\"true\" class=\"far fa-caret-square-left\"><\/i>\t\t\t<\/span>\n\t\t\t\t\t\t<span class=\"elementor-button-text\">Previous<\/span>\n\t\t<\/span>\n\t\t\t\t\t<\/a>\n\t\t<\/div>\n\t\t\t\t<\/div>\n\t\t\t\t<\/div>\n\t\t\t\t\t\t<\/div>\n\t\t\t\t\t<\/div>\n\t\t<\/div>\n\t\t\t\t<div class=\"elementor-column elementor-col-25 elementor-top-column elementor-element elementor-element-70a69de\" data-id=\"70a69de\" data-element_type=\"column\">\n\t\t\t<div class=\"elementor-column-wrap elementor-element-populated\">\n\t\t\t\t\t\t\t<div class=\"elementor-widget-wrap\">\n\t\t\t\t\t\t<div class=\"elementor-element elementor-element-d75de53 elementor-button-info elementor-align-right elementor-widget-mobile__width-initial elementor-absolute elementor-widget elementor-widget-button\" data-id=\"d75de53\" data-element_type=\"widget\" data-settings=\"{&quot;_position&quot;:&quot;absolute&quot;}\" data-widget_type=\"button.default\">\n\t\t\t\t<div class=\"elementor-widget-container\">\n\t\t\t\t\t<div class=\"elementor-button-wrapper\">\n\t\t\t<a href=\"http:\/\/entelpro.pl\/index.php\/przebudowa-inspektoratu-zus-w-dzierzoniowie\/\" class=\"elementor-button-link elementor-button elementor-size-sm\" role=\"button\">\n\t\t\t\t\t\t<span class=\"elementor-button-content-wrapper\">\n\t\t\t\t\t\t<span class=\"elementor-button-icon elementor-align-icon-left\">\n\t\t\t\t<i aria-hidden=\"true\" class=\"far fa-caret-square-right\"><\/i>\t\t\t<\/span>\n\t\t\t\t\t\t<span class=\"elementor-button-text\">Next<\/span>\n\t\t<\/span>\n\t\t\t\t\t<\/a>\n\t\t<\/div>\n\t\t\t\t<\/div>\n\t\t\t\t<\/div>\n\t\t\t\t\t\t<\/div>\n\t\t\t\t\t<\/div>\n\t\t<\/div>\n\t\t\t\t\t\t\t\t<\/div>\n\t\t\t\t\t<\/div>\n\t\t<\/section>\n\t\t\t\t<section class=\"elementor-section elementor-top-section elementor-element elementor-element-2157322 elementor-section-boxed elementor-section-height-default elementor-section-height-default\" data-id=\"2157322\" data-element_type=\"section\">\n\t\t\t\t\t\t<div class=\"elementor-container elementor-column-gap-default\">\n\t\t\t\t\t\t\t<div class=\"elementor-row\">\n\t\t\t\t\t<div class=\"elementor-column elementor-col-50 elementor-top-column elementor-element elementor-element-d4f9704\" data-id=\"d4f9704\" data-element_type=\"column\">\n\t\t\t<div class=\"elementor-column-wrap elementor-element-populated\">\n\t\t\t\t\t\t\t<div class=\"elementor-widget-wrap\">\n\t\t\t\t\t\t<div class=\"elementor-element elementor-element-28f1a3a elementor-widget elementor-widget-text-editor\" data-id=\"28f1a3a\" data-element_type=\"widget\" data-widget_type=\"text-editor.default\">\n\t\t\t\t<div class=\"elementor-widget-container\">\n\t\t\t\t\t\t\t\t<div class=\"elementor-text-editor elementor-clearfix\">\n\t\t\t\t<p>BUDOWA SZKO\u0141Y PODSTAWOWEJ Z PRZEDSZKOLEM, PE\u0141NOWYMIAROW\u0104 HAL\u0104 SPORTOW\u0104 ORAZ Z INFRASTRUKTUR\u0104 TECHNICZN\u0104 I ZAGOSPODAROWANIEM TERENU UL. TADEUSZA BORA-KOMOROWSKIEGO 2 BYDGOSZCZ\u00a0\u00a0<\/p><p>Kubatura budynku: 57911,17 m3<\/p><p>Powierzchnia u\u017cytkowa: 10522,20 m2<\/p><p>Rok wydania projektu: 2017<\/p><p>Zakres:\u00a0Opracowanie niniejsze zawiera\u0142o nast\u0119puj\u0105ce instalacje oraz ich elementy:<\/p><ul><li>instalacj\u0119 o\u015bwietlenia,<\/li><li>o\u015bwietlenie ewakuacyjne i kierunkowe,<\/li><li>obwody gniazd 230V,<\/li><li>obwody gniazd 230V dedykowanych,<\/li><li>instalacj\u0119 sieci napi\u0119cia gwarantowanego,<\/li><li>obwody si\u0142owe,<\/li><li>rozdzielnice,<\/li><li>po\u0142\u0105czenia wyr\u00f3wnawcze,<\/li><li>instalacj\u0119 odgromow\u0105,<\/li><li>uziom,<\/li><li>instalacj\u0119 zewn\u0119trzn\u0105,<\/li><li>wewn\u0119trzne linie zasilaj\u0105ce<\/li><\/ul>\t\t\t\t\t<\/div>\n\t\t\t\t\t\t<\/div>\n\t\t\t\t<\/div>\n\t\t\t\t\t\t<\/div>\n\t\t\t\t\t<\/div>\n\t\t<\/div>\n\t\t\t\t<div class=\"elementor-column elementor-col-50 elementor-top-column elementor-element elementor-element-e10be78\" data-id=\"e10be78\" data-element_type=\"column\">\n\t\t\t<div class=\"elementor-column-wrap elementor-element-populated\">\n\t\t\t\t\t\t\t<div class=\"elementor-widget-wrap\">\n\t\t\t\t\t\t<div class=\"elementor-element elementor-element-6fae7e4 elementor-widget elementor-widget-image\" data-id=\"6fae7e4\" data-element_type=\"widget\" data-widget_type=\"image.default\">\n\t\t\t\t<div class=\"elementor-widget-container\">\n\t\t\t\t\t\t\t\t<div class=\"elementor-image\">\n\t\t\t\t\t\t\t\t\t\t\t\t\t<a href=\"http:\/\/demiurg.com.pl\/index.php\/portfolio\/szkola-2\/\" target=\"_blank\">\n\t\t\t\t\t\t\t<img width=\"1024\" height=\"569\" src=\"https:\/\/entelpro.pl\/wp-content\/uploads\/2019\/10\/8978987-1024x569.jpg\" class=\"attachment-large size-large\" alt=\"\" loading=\"lazy\" srcset=\"https:\/\/entelpro.pl\/wp-content\/uploads\/2019\/10\/8978987-1024x569.jpg 1024w, https:\/\/entelpro.pl\/wp-content\/uploads\/2019\/10\/8978987-300x167.jpg 300w, https:\/\/entelpro.pl\/wp-content\/uploads\/2019\/10\/8978987-768x426.jpg 768w, https:\/\/entelpro.pl\/wp-content\/uploads\/2019\/10\/8978987.jpg 1920w\" sizes=\"(max-width: 1024px) 100vw, 1024px\" \/>\t\t\t\t\t\t\t\t<\/a>\n\t\t\t\t\t\t\t\t\t\t\t\t\t\t<\/div>\n\t\t\t\t\t\t<\/div>\n\t\t\t\t<\/div>\n\t\t\t\t<div class=\"elementor-element elementor-element-3737ad6 elementor-widget elementor-widget-image\" data-id=\"3737ad6\" data-element_type=\"widget\" data-widget_type=\"image.default\">\n\t\t\t\t<div class=\"elementor-widget-container\">\n\t\t\t\t\t\t\t\t<div class=\"elementor-image\">\n\t\t\t\t\t\t\t\t\t\t\t\t\t<a href=\"http:\/\/demiurg.com.pl\/index.php\/portfolio\/szkola-2\/\" target=\"_blank\">\n\t\t\t\t\t\t\t<img width=\"1024\" height=\"569\" src=\"https:\/\/entelpro.pl\/wp-content\/uploads\/2019\/10\/769-1024x569.jpg\" class=\"attachment-large size-large\" alt=\"\" loading=\"lazy\" srcset=\"https:\/\/entelpro.pl\/wp-content\/uploads\/2019\/10\/769-1024x569.jpg 1024w, https:\/\/entelpro.pl\/wp-content\/uploads\/2019\/10\/769-300x167.jpg 300w, https:\/\/entelpro.pl\/wp-content\/uploads\/2019\/10\/769-768x426.jpg 768w, https:\/\/entelpro.pl\/wp-content\/uploads\/2019\/10\/769.jpg 1920w\" sizes=\"(max-width: 1024px) 100vw, 1024px\" \/>\t\t\t\t\t\t\t\t<\/a>\n\t\t\t\t\t\t\t\t\t\t\t\t\t\t<\/div>\n\t\t\t\t\t\t<\/div>\n\t\t\t\t<\/div>\n\t\t\t\t<div class=\"elementor-element elementor-element-337f226 elementor-widget elementor-widget-image\" data-id=\"337f226\" data-element_type=\"widget\" data-widget_type=\"image.default\">\n\t\t\t\t<div class=\"elementor-widget-container\">\n\t\t\t\t\t\t\t\t<div class=\"elementor-image\">\n\t\t\t\t\t\t\t\t\t\t\t\t\t<a href=\"http:\/\/demiurg.com.pl\/index.php\/portfolio\/szkola-2\/\" target=\"_blank\">\n\t\t\t\t\t\t\t<img width=\"1024\" height=\"578\" src=\"https:\/\/entelpro.pl\/wp-content\/uploads\/2019\/10\/4-1-1024x578.jpg\" class=\"attachment-large size-large\" alt=\"\" loading=\"lazy\" srcset=\"https:\/\/entelpro.pl\/wp-content\/uploads\/2019\/10\/4-1-1024x578.jpg 1024w, https:\/\/entelpro.pl\/wp-content\/uploads\/2019\/10\/4-1-300x169.jpg 300w, https:\/\/entelpro.pl\/wp-content\/uploads\/2019\/10\/4-1-768x434.jpg 768w, https:\/\/entelpro.pl\/wp-content\/uploads\/2019\/10\/4-1.jpg 1920w\" sizes=\"(max-width: 1024px) 100vw, 1024px\" \/>\t\t\t\t\t\t\t\t<\/a>\n\t\t\t\t\t\t\t\t\t\t\t\t\t\t<\/div>\n\t\t\t\t\t\t<\/div>\n\t\t\t\t<\/div>\n\t\t\t\t\t\t<\/div>\n\t\t\t\t\t<\/div>\n\t\t<\/div>\n\t\t\t\t\t\t\t\t<\/div>\n\t\t\t\t\t<\/div>\n\t\t<\/section>\n\t\t\t\t<section class=\"elementor-section elementor-top-section elementor-element elementor-element-2017e81 elementor-section-boxed elementor-section-height-default elementor-section-height-default\" data-id=\"2017e81\" data-element_type=\"section\">\n\t\t\t\t\t\t<div class=\"elementor-container elementor-column-gap-default\">\n\t\t\t\t\t\t\t<div class=\"elementor-row\">\n\t\t\t\t\t<div class=\"elementor-column elementor-col-100 elementor-top-column elementor-element elementor-element-6afe1ba\" data-id=\"6afe1ba\" data-element_type=\"column\">\n\t\t\t<div class=\"elementor-column-wrap elementor-element-populated\">\n\t\t\t\t\t\t\t<div class=\"elementor-widget-wrap\">\n\t\t\t\t\t\t<div class=\"elementor-element elementor-element-b628cff elementor-button-info elementor-align-right elementor-widget-mobile__width-initial elementor-absolute elementor-widget elementor-widget-button\" data-id=\"b628cff\" data-element_type=\"widget\" data-settings=\"{&quot;_position&quot;:&quot;absolute&quot;}\" data-widget_type=\"button.default\">\n\t\t\t\t<div class=\"elementor-widget-container\">\n\t\t\t\t\t<div class=\"elementor-button-wrapper\">\n\t\t\t<a href=\"http:\/\/wordpress1976502.home.pl\/autoinstalator\/wordpressplus\/index.php\/wyspa-slodowa-we-wroclawiu\/\" class=\"elementor-button-link elementor-button elementor-size-sm\" role=\"button\">\n\t\t\t\t\t\t<span class=\"elementor-button-content-wrapper\">\n\t\t\t\t\t\t<span class=\"elementor-button-icon elementor-align-icon-left\">\n\t\t\t\t<i aria-hidden=\"true\" class=\"far fa-caret-square-right\"><\/i>\t\t\t<\/span>\n\t\t\t\t\t\t<span class=\"elementor-button-text\">Next<\/span>\n\t\t<\/span>\n\t\t\t\t\t<\/a>\n\t\t<\/div>\n\t\t\t\t<\/div>\n\t\t\t\t<\/div>\n\t\t\t\t\t\t<\/div>\n\t\t\t\t\t<\/div>\n\t\t<\/div>\n\t\t\t\t\t\t\t\t<\/div>\n\t\t\t\t\t<\/div>\n\t\t<\/section>\n\t\t\t\t\t\t<\/div>\n\t\t\t\t\t\t<\/div>\n\t\t\t\t\t<\/div>\n\t\t","protected":false},"excerpt":{"rendered":"<p>Back Previous Next BUDOWA SZKO\u0141Y PODSTAWOWEJ Z PRZEDSZKOLEM, PE\u0141NOWYMIAROW\u0104 HAL\u0104 SPORTOW\u0104 ORAZ Z INFRASTRUKTUR\u0104 TECHNICZN\u0104 I ZAGOSPODAROWANIEM TERENU UL. TADEUSZA BORA-KOMOROWSKIEGO 2 BYDGOSZCZ\u00a0\u00a0 Kubatura budynku: 57911,17 m3 Powierzchnia u\u017cytkowa: 10522,20 m2 Rok wydania projektu: 2017 Zakres:\u00a0Opracowanie niniejsze zawiera\u0142o nast\u0119puj\u0105ce instalacje oraz ich elementy: instalacj\u0119 o\u015bwietlenia, o\u015bwietlenie ewakuacyjne i kierunkowe, obwody gniazd 230V, obwody gniazd 230V<br \/><a class=\"moretag\" href=\"https:\/\/entelpro.pl\/index.php\/szkola-w-bydgoszczy\/\">+ Read More<\/a><\/p>\n","protected":false},"author":1,"featured_media":0,"parent":0,"menu_order":0,"comment_status":"closed","ping_status":"closed","template":"","meta":[],"_links":{"self":[{"href":"https:\/\/entelpro.pl\/index.php\/wp-json\/wp\/v2\/pages\/921"}],"collection":[{"href":"https:\/\/entelpro.pl\/index.php\/wp-json\/wp\/v2\/pages"}],"about":[{"href":"https:\/\/entelpro.pl\/index.php\/wp-json\/wp\/v2\/types\/page"}],"author":[{"embeddable":true,"href":"https:\/\/entelpro.pl\/index.php\/wp-json\/wp\/v2\/users\/1"}],"replies":[{"embeddable":true,"href":"https:\/\/entelpro.pl\/index.php\/wp-json\/wp\/v2\/comments?post=921"}],"version-history":[{"count":7,"href":"https:\/\/entelpro.pl\/index.php\/wp-json\/wp\/v2\/pages\/921\/revisions"}],"predecessor-version":[{"id":1307,"href":"https:\/\/entelpro.pl\/index.php\/wp-json\/wp\/v2\/pages\/921\/revisions\/1307"}],"wp:attachment":[{"href":"https:\/\/entelpro.pl\/index.php\/wp-json\/wp\/v2\/media?parent=921"}],"curies":[{"name":"wp","href":"https:\/\/api.w.org\/{rel}","templated":true}]}}